{"id":18576,"date":"2024-05-20T08:53:33","date_gmt":"2024-05-20T08:53:33","guid":{"rendered":"https:\/\/www.ritacordeirohome.com\/?post_type=product&#038;p=18576"},"modified":"2024-05-20T15:19:36","modified_gmt":"2024-05-20T15:19:36","slug":"colecao-feather","status":"publish","type":"product","link":"https:\/\/www.ritacordeirohome.com\/pt-pt\/store\/colecao-feather\/","title":{"rendered":"Cole\u00e7\u00e3o Feather"},"content":{"rendered":"","protected":false},"excerpt":{"rendered":"<p>O conforto est\u00e1 no centro da cole\u00e7\u00e3o Feather que se destaca em sof\u00e1s, poltronas, puffs e mesas com design minimalista, fino e macio. A estrutura de alum\u00ednio suporta o estofamento, fazendo-o flutuar no ar e real\u00e7ando os volumes. Esta cole\u00e7\u00e3o foi projetada para uso prolongado em ambientes externos. A natureza modular da Feather permite criar composi\u00e7\u00f5es diferentes e m\u00faltiplas facilitando sua inser\u00e7\u00e3o em qualquer contexto.<\/p>\n<p><strong>Poltrona:<\/strong> 106cm x 87cm x 74cm \u2013 2.985\u20ac<br \/>\n<strong>Sof\u00e1 2 lugares:<\/strong> 195cm x 84cm x 74cm \u2013 4.800\u20ac<br \/>\n<strong>Sof\u00e1 3 lugares:<\/strong> 282cm x 84cm x 74cm \u2013 5.960\u20ac<br \/>\n<strong>Puff:<\/strong> 91cm x 91cm x 40cm \u2013 1.539\u20ac<br \/>\n<strong>Mesa de Caf\u00e9 Quadrada: <\/strong>89cm x 89cm x 30cm \u2013 1.195\u20ac<br \/>\n<strong>Mesa de Caf\u00e9 Retangular: <\/strong>119cm x 59cm x 45cm \u2013 1.220\u20ac<strong><br \/>\n<\/strong><\/p>\n<p><strong>Cores dispon\u00edveis:<\/strong> Branco, Cinza, Beje e outras sob consulta.<\/p>\n","protected":false},"featured_media":18815,"template":"","meta":[],"product_brand":[],"product_cat":[414,407],"product_tag":[],"class_list":{"0":"post-18576","1":"product","2":"type-product","3":"status-publish","4":"has-post-thumbnail","6":"product_cat-conjunto-de-esplanada","7":"product_cat-mobiliario-exterior","8":"product_shipping_class-transportadora","10":"first","11":"instock","12":"purchasable","13":"product-type-simple"},"yoast_head":"<!-- This site is optimized with the Yoast SEO plugin v26.6 - https:\/\/yoast.com\/wordpress\/plugins\/seo\/ -->\n<title>Cole\u00e7\u00e3o Feather - Rita Cordeiro Home<\/title>\n<meta name=\"description\" content=\"Cole\u00e7\u00e3o Feather, foi desenhada a pensar na suavidade e leveza, juntamente com o minimalismo de design aliado \u00e0 sustentabilidade.\" \/>\n<meta name=\"robots\" content=\"index, follow, max-snippet:-1, max-image-preview:large, max-video-preview:-1\" \/>\n<link rel=\"canonical\" href=\"https:\/\/www.ritacordeirohome.com\/pt-pt\/store\/colecao-feather\/\" \/>\n<meta property=\"og:locale\" content=\"pt_PT\" \/>\n<meta property=\"og:type\" content=\"article\" \/>\n<meta property=\"og:title\" content=\"Cole\u00e7\u00e3o Feather - Rita Cordeiro Home\" \/>\n<meta property=\"og:description\" content=\"Cole\u00e7\u00e3o Feather, foi desenhada a pensar na suavidade e leveza, juntamente com o minimalismo de design aliado \u00e0 sustentabilidade.\" \/>\n<meta property=\"og:url\" content=\"https:\/\/www.ritacordeirohome.com\/pt-pt\/store\/colecao-feather\/\" \/>\n<meta property=\"og:site_name\" content=\"Rita Cordeiro Home\" \/>\n<meta property=\"article:publisher\" content=\"https:\/\/www.facebook.com\/ritacordeirohome\" \/>\n<meta property=\"article:modified_time\" content=\"2024-05-20T15:19:36+00:00\" \/>\n<meta property=\"og:image\" content=\"https:\/\/www.ritacordeirohome.com\/wp-content\/uploads\/2024\/05\/piuma5.png\" \/>\n\t<meta property=\"og:image:width\" content=\"1200\" \/>\n\t<meta property=\"og:image:height\" content=\"1200\" \/>\n\t<meta property=\"og:image:type\" content=\"image\/png\" \/>\n<meta name=\"twitter:card\" content=\"summary_large_image\" \/>\n<script type=\"application\/ld+json\" class=\"yoast-schema-graph\">{\"@context\":\"https:\/\/schema.org\",\"@graph\":[{\"@type\":\"WebPage\",\"@id\":\"https:\/\/www.ritacordeirohome.com\/pt-pt\/store\/colecao-feather\/\",\"url\":\"https:\/\/www.ritacordeirohome.com\/pt-pt\/store\/colecao-feather\/\",\"name\":\"Cole\u00e7\u00e3o Feather - Rita Cordeiro Home\",\"isPartOf\":{\"@id\":\"https:\/\/www.ritacordeirohome.com\/pt-pt\/#website\"},\"primaryImageOfPage\":{\"@id\":\"https:\/\/www.ritacordeirohome.com\/pt-pt\/store\/colecao-feather\/#primaryimage\"},\"image\":{\"@id\":\"https:\/\/www.ritacordeirohome.com\/pt-pt\/store\/colecao-feather\/#primaryimage\"},\"thumbnailUrl\":\"https:\/\/www.ritacordeirohome.com\/wp-content\/uploads\/2024\/05\/piuma5.png\",\"datePublished\":\"2024-05-20T08:53:33+00:00\",\"dateModified\":\"2024-05-20T15:19:36+00:00\",\"description\":\"Cole\u00e7\u00e3o Feather, foi desenhada a pensar na suavidade e leveza, juntamente com o minimalismo de design aliado \u00e0 sustentabilidade.\",\"breadcrumb\":{\"@id\":\"https:\/\/www.ritacordeirohome.com\/pt-pt\/store\/colecao-feather\/#breadcrumb\"},\"inLanguage\":\"pt-PT\",\"potentialAction\":[{\"@type\":\"ReadAction\",\"target\":[\"https:\/\/www.ritacordeirohome.com\/pt-pt\/store\/colecao-feather\/\"]}]},{\"@type\":\"ImageObject\",\"inLanguage\":\"pt-PT\",\"@id\":\"https:\/\/www.ritacordeirohome.com\/pt-pt\/store\/colecao-feather\/#primaryimage\",\"url\":\"https:\/\/www.ritacordeirohome.com\/wp-content\/uploads\/2024\/05\/piuma5.png\",\"contentUrl\":\"https:\/\/www.ritacordeirohome.com\/wp-content\/uploads\/2024\/05\/piuma5.png\",\"width\":1200,\"height\":1200},{\"@type\":\"BreadcrumbList\",\"@id\":\"https:\/\/www.ritacordeirohome.com\/pt-pt\/store\/colecao-feather\/#breadcrumb\",\"itemListElement\":[{\"@type\":\"ListItem\",\"position\":1,\"name\":\"In\u00edcio\",\"item\":\"https:\/\/www.ritacordeirohome.com\/pt-pt\/\"},{\"@type\":\"ListItem\",\"position\":2,\"name\":\"Store\",\"item\":\"https:\/\/www.ritacordeirohome.com\/store\/\"},{\"@type\":\"ListItem\",\"position\":3,\"name\":\"Cole\u00e7\u00e3o Feather\"}]},{\"@type\":\"WebSite\",\"@id\":\"https:\/\/www.ritacordeirohome.com\/pt-pt\/#website\",\"url\":\"https:\/\/www.ritacordeirohome.com\/pt-pt\/\",\"name\":\"Rita Cordeiro Home Living\",\"description\":\"Loja online de mobili\u00e1rio, decora\u00e7\u00e3o e design de interiores\",\"publisher\":{\"@id\":\"https:\/\/www.ritacordeirohome.com\/pt-pt\/#organization\"},\"alternateName\":\"RC Home\",\"potentialAction\":[{\"@type\":\"SearchAction\",\"target\":{\"@type\":\"EntryPoint\",\"urlTemplate\":\"https:\/\/www.ritacordeirohome.com\/pt-pt\/?s={search_term_string}\"},\"query-input\":{\"@type\":\"PropertyValueSpecification\",\"valueRequired\":true,\"valueName\":\"search_term_string\"}}],\"inLanguage\":\"pt-PT\"},{\"@type\":\"Organization\",\"@id\":\"https:\/\/www.ritacordeirohome.com\/pt-pt\/#organization\",\"name\":\"Rita Cordeiro Home Living\",\"alternateName\":\"RC Home Living\",\"url\":\"https:\/\/www.ritacordeirohome.com\/pt-pt\/\",\"logo\":{\"@type\":\"ImageObject\",\"inLanguage\":\"pt-PT\",\"@id\":\"https:\/\/www.ritacordeirohome.com\/pt-pt\/#\/schema\/logo\/image\/\",\"url\":\"https:\/\/www.ritacordeirohome.com\/wp-content\/uploads\/2023\/02\/rita-cordeiro-home-living.png\",\"contentUrl\":\"https:\/\/www.ritacordeirohome.com\/wp-content\/uploads\/2023\/02\/rita-cordeiro-home-living.png\",\"width\":900,\"height\":709,\"caption\":\"Rita Cordeiro Home Living\"},\"image\":{\"@id\":\"https:\/\/www.ritacordeirohome.com\/pt-pt\/#\/schema\/logo\/image\/\"},\"sameAs\":[\"https:\/\/www.facebook.com\/ritacordeirohome\",\"https:\/\/www.instagram.com\/rita_cordeiro_home\/\"]}]}<\/script>\n<!-- \/ Yoast SEO plugin. -->","yoast_head_json":{"title":"Cole\u00e7\u00e3o Feather - Rita Cordeiro Home","description":"Cole\u00e7\u00e3o Feather, foi desenhada a pensar na suavidade e leveza, juntamente com o minimalismo de design aliado \u00e0 sustentabilidade.","robots":{"index":"index","follow":"follow","max-snippet":"max-snippet:-1","max-image-preview":"max-image-preview:large","max-video-preview":"max-video-preview:-1"},"canonical":"https:\/\/www.ritacordeirohome.com\/pt-pt\/store\/colecao-feather\/","og_locale":"pt_PT","og_type":"article","og_title":"Cole\u00e7\u00e3o Feather - Rita Cordeiro Home","og_description":"Cole\u00e7\u00e3o Feather, foi desenhada a pensar na suavidade e leveza, juntamente com o minimalismo de design aliado \u00e0 sustentabilidade.","og_url":"https:\/\/www.ritacordeirohome.com\/pt-pt\/store\/colecao-feather\/","og_site_name":"Rita Cordeiro Home","article_publisher":"https:\/\/www.facebook.com\/ritacordeirohome","article_modified_time":"2024-05-20T15:19:36+00:00","og_image":[{"width":1200,"height":1200,"url":"https:\/\/www.ritacordeirohome.com\/wp-content\/uploads\/2024\/05\/piuma5.png","type":"image\/png"}],"twitter_card":"summary_large_image","schema":{"@context":"https:\/\/schema.org","@graph":[{"@type":"WebPage","@id":"https:\/\/www.ritacordeirohome.com\/pt-pt\/store\/colecao-feather\/","url":"https:\/\/www.ritacordeirohome.com\/pt-pt\/store\/colecao-feather\/","name":"Cole\u00e7\u00e3o Feather - Rita Cordeiro Home","isPartOf":{"@id":"https:\/\/www.ritacordeirohome.com\/pt-pt\/#website"},"primaryImageOfPage":{"@id":"https:\/\/www.ritacordeirohome.com\/pt-pt\/store\/colecao-feather\/#primaryimage"},"image":{"@id":"https:\/\/www.ritacordeirohome.com\/pt-pt\/store\/colecao-feather\/#primaryimage"},"thumbnailUrl":"https:\/\/www.ritacordeirohome.com\/wp-content\/uploads\/2024\/05\/piuma5.png","datePublished":"2024-05-20T08:53:33+00:00","dateModified":"2024-05-20T15:19:36+00:00","description":"Cole\u00e7\u00e3o Feather, foi desenhada a pensar na suavidade e leveza, juntamente com o minimalismo de design aliado \u00e0 sustentabilidade.","breadcrumb":{"@id":"https:\/\/www.ritacordeirohome.com\/pt-pt\/store\/colecao-feather\/#breadcrumb"},"inLanguage":"pt-PT","potentialAction":[{"@type":"ReadAction","target":["https:\/\/www.ritacordeirohome.com\/pt-pt\/store\/colecao-feather\/"]}]},{"@type":"ImageObject","inLanguage":"pt-PT","@id":"https:\/\/www.ritacordeirohome.com\/pt-pt\/store\/colecao-feather\/#primaryimage","url":"https:\/\/www.ritacordeirohome.com\/wp-content\/uploads\/2024\/05\/piuma5.png","contentUrl":"https:\/\/www.ritacordeirohome.com\/wp-content\/uploads\/2024\/05\/piuma5.png","width":1200,"height":1200},{"@type":"BreadcrumbList","@id":"https:\/\/www.ritacordeirohome.com\/pt-pt\/store\/colecao-feather\/#breadcrumb","itemListElement":[{"@type":"ListItem","position":1,"name":"In\u00edcio","item":"https:\/\/www.ritacordeirohome.com\/pt-pt\/"},{"@type":"ListItem","position":2,"name":"Store","item":"https:\/\/www.ritacordeirohome.com\/store\/"},{"@type":"ListItem","position":3,"name":"Cole\u00e7\u00e3o Feather"}]},{"@type":"WebSite","@id":"https:\/\/www.ritacordeirohome.com\/pt-pt\/#website","url":"https:\/\/www.ritacordeirohome.com\/pt-pt\/","name":"Rita Cordeiro Home Living","description":"Loja online de mobili\u00e1rio, decora\u00e7\u00e3o e design de interiores","publisher":{"@id":"https:\/\/www.ritacordeirohome.com\/pt-pt\/#organization"},"alternateName":"RC Home","potentialAction":[{"@type":"SearchAction","target":{"@type":"EntryPoint","urlTemplate":"https:\/\/www.ritacordeirohome.com\/pt-pt\/?s={search_term_string}"},"query-input":{"@type":"PropertyValueSpecification","valueRequired":true,"valueName":"search_term_string"}}],"inLanguage":"pt-PT"},{"@type":"Organization","@id":"https:\/\/www.ritacordeirohome.com\/pt-pt\/#organization","name":"Rita Cordeiro Home Living","alternateName":"RC Home Living","url":"https:\/\/www.ritacordeirohome.com\/pt-pt\/","logo":{"@type":"ImageObject","inLanguage":"pt-PT","@id":"https:\/\/www.ritacordeirohome.com\/pt-pt\/#\/schema\/logo\/image\/","url":"https:\/\/www.ritacordeirohome.com\/wp-content\/uploads\/2023\/02\/rita-cordeiro-home-living.png","contentUrl":"https:\/\/www.ritacordeirohome.com\/wp-content\/uploads\/2023\/02\/rita-cordeiro-home-living.png","width":900,"height":709,"caption":"Rita Cordeiro Home Living"},"image":{"@id":"https:\/\/www.ritacordeirohome.com\/pt-pt\/#\/schema\/logo\/image\/"},"sameAs":["https:\/\/www.facebook.com\/ritacordeirohome","https:\/\/www.instagram.com\/rita_cordeiro_home\/"]}]}},"_links":{"self":[{"href":"https:\/\/www.ritacordeirohome.com\/pt-pt\/wp-json\/wp\/v2\/product\/18576","targetHints":{"allow":["GET"]}}],"collection":[{"href":"https:\/\/www.ritacordeirohome.com\/pt-pt\/wp-json\/wp\/v2\/product"}],"about":[{"href":"https:\/\/www.ritacordeirohome.com\/pt-pt\/wp-json\/wp\/v2\/types\/product"}],"version-history":[{"count":4,"href":"https:\/\/www.ritacordeirohome.com\/pt-pt\/wp-json\/wp\/v2\/product\/18576\/revisions"}],"predecessor-version":[{"id":18836,"href":"https:\/\/www.ritacordeirohome.com\/pt-pt\/wp-json\/wp\/v2\/product\/18576\/revisions\/18836"}],"wp:featuredmedia":[{"embeddable":true,"href":"https:\/\/www.ritacordeirohome.com\/pt-pt\/wp-json\/wp\/v2\/media\/18815"}],"wp:attachment":[{"href":"https:\/\/www.ritacordeirohome.com\/pt-pt\/wp-json\/wp\/v2\/media?parent=18576"}],"wp:term":[{"taxonomy":"product_brand","embeddable":true,"href":"https:\/\/www.ritacordeirohome.com\/pt-pt\/wp-json\/wp\/v2\/product_brand?post=18576"},{"taxonomy":"product_cat","embeddable":true,"href":"https:\/\/www.ritacordeirohome.com\/pt-pt\/wp-json\/wp\/v2\/product_cat?post=18576"},{"taxonomy":"product_tag","embeddable":true,"href":"https:\/\/www.ritacordeirohome.com\/pt-pt\/wp-json\/wp\/v2\/product_tag?post=18576"}],"curies":[{"name":"wp","href":"https:\/\/api.w.org\/{rel}","templated":true}]}}