{"id":18575,"date":"2024-05-20T08:52:46","date_gmt":"2024-05-20T08:52:46","guid":{"rendered":"https:\/\/www.ritacordeirohome.com\/?post_type=product&#038;p=18575"},"modified":"2024-05-20T13:40:28","modified_gmt":"2024-05-20T13:40:28","slug":"sun-poltrona-e-sofas","status":"publish","type":"product","link":"https:\/\/www.ritacordeirohome.com\/pt-pt\/store\/sun-poltrona-e-sofas\/","title":{"rendered":"Sun &#8211; Poltrona e Sof\u00e1s"},"content":{"rendered":"","protected":false},"excerpt":{"rendered":"<p>Desfrute da vida ao ar livre: no sof\u00e1, \u00e0 volta de uma mesa ou poltrona. Sun oferece o que h\u00e1 de melhor em termos de relaxamento e conv\u00edvio. Partindo do design das pernas de alum\u00ednio que a distingue, a cole\u00e7\u00e3o \u00e9 enriquecida com sof\u00e1 lounge, cadeira e mesas redondas em dois tamanhos.<\/p>\n<p>Aqui apresentamos a poltrona e os sof\u00e1s de 2 e\/ou 3 lugares, com ou sem chaise lounge.<\/p>\n<p><strong>Poltrona:<\/strong> 130cm x 98cm &#8211; 2.468\u20ac<br \/>\n<strong>Sof\u00e1 2 lugares:<\/strong> 214cm x 98cm &#8211; 3.798\u20ac<br \/>\n<strong>Sof\u00e1 2 lugares com chaise lounge:<\/strong> 300cm x 223cm &#8211; 5.560\u20ac<br \/>\n<strong>Sof\u00e1 3 lugares:<\/strong> 300cm x 98cm &#8211; 5.168\u20ac<br \/>\n<strong>Sof\u00e1 3 lugares com chaise lounge:<\/strong> 386cm x 223cm &#8211; 6.928\u20ac<\/p>\n<p><em>Possibilidade de acrescentar m\u00f3dulos e aumentar o seu sof\u00e1.<\/em><\/p>\n<p><strong>Cores dispon\u00edveis:<\/strong> Branco, Cinza e outras sob consulta<\/p>\n","protected":false},"featured_media":18723,"template":"","meta":[],"product_brand":[],"product_cat":[414,407],"product_tag":[],"class_list":{"0":"post-18575","1":"product","2":"type-product","3":"status-publish","4":"has-post-thumbnail","6":"product_cat-conjunto-de-esplanada","7":"product_cat-mobiliario-exterior","8":"product_shipping_class-transportadora","10":"first","11":"instock","12":"purchasable","13":"product-type-simple"},"yoast_head":"<!-- This site is optimized with the Yoast SEO plugin v26.6 - https:\/\/yoast.com\/wordpress\/plugins\/seo\/ -->\n<title>Sun - Poltrona e Sof\u00e1s - Rita Cordeiro Home<\/title>\n<meta name=\"description\" content=\"Colec\u00e7\u00e3o Sun, \u00e9 uma gama completa de produtos para projetar e dar vida ao seu espa\u00e7o exterior. Aqui apresentamos a poltrona e os sof\u00e1s.\" \/>\n<meta name=\"robots\" content=\"index, follow, max-snippet:-1, max-image-preview:large, max-video-preview:-1\" \/>\n<link rel=\"canonical\" href=\"https:\/\/www.ritacordeirohome.com\/pt-pt\/store\/sun-poltrona-e-sofas\/\" \/>\n<meta property=\"og:locale\" content=\"pt_PT\" \/>\n<meta property=\"og:type\" content=\"article\" \/>\n<meta property=\"og:title\" content=\"Sun - Poltrona e Sof\u00e1s - Rita Cordeiro Home\" \/>\n<meta property=\"og:description\" content=\"Colec\u00e7\u00e3o Sun, \u00e9 uma gama completa de produtos para projetar e dar vida ao seu espa\u00e7o exterior. Aqui apresentamos a poltrona e os sof\u00e1s.\" \/>\n<meta property=\"og:url\" content=\"https:\/\/www.ritacordeirohome.com\/pt-pt\/store\/sun-poltrona-e-sofas\/\" \/>\n<meta property=\"og:site_name\" content=\"Rita Cordeiro Home\" \/>\n<meta property=\"article:publisher\" content=\"https:\/\/www.facebook.com\/ritacordeirohome\" \/>\n<meta property=\"article:modified_time\" content=\"2024-05-20T13:40:28+00:00\" \/>\n<meta property=\"og:image\" content=\"https:\/\/www.ritacordeirohome.com\/wp-content\/uploads\/2024\/05\/push_SP5-800x800.png\" \/>\n\t<meta property=\"og:image:width\" content=\"800\" \/>\n\t<meta property=\"og:image:height\" content=\"800\" \/>\n\t<meta property=\"og:image:type\" content=\"image\/png\" \/>\n<meta name=\"twitter:card\" content=\"summary_large_image\" \/>\n<script type=\"application\/ld+json\" class=\"yoast-schema-graph\">{\"@context\":\"https:\/\/schema.org\",\"@graph\":[{\"@type\":\"WebPage\",\"@id\":\"https:\/\/www.ritacordeirohome.com\/pt-pt\/store\/sun-poltrona-e-sofas\/\",\"url\":\"https:\/\/www.ritacordeirohome.com\/pt-pt\/store\/sun-poltrona-e-sofas\/\",\"name\":\"Sun - Poltrona e Sof\u00e1s - Rita Cordeiro Home\",\"isPartOf\":{\"@id\":\"https:\/\/www.ritacordeirohome.com\/pt-pt\/#website\"},\"primaryImageOfPage\":{\"@id\":\"https:\/\/www.ritacordeirohome.com\/pt-pt\/store\/sun-poltrona-e-sofas\/#primaryimage\"},\"image\":{\"@id\":\"https:\/\/www.ritacordeirohome.com\/pt-pt\/store\/sun-poltrona-e-sofas\/#primaryimage\"},\"thumbnailUrl\":\"https:\/\/www.ritacordeirohome.com\/wp-content\/uploads\/2024\/05\/push_SP5.png\",\"datePublished\":\"2024-05-20T08:52:46+00:00\",\"dateModified\":\"2024-05-20T13:40:28+00:00\",\"description\":\"Colec\u00e7\u00e3o Sun, \u00e9 uma gama completa de produtos para projetar e dar vida ao seu espa\u00e7o exterior. Aqui apresentamos a poltrona e os sof\u00e1s.\",\"breadcrumb\":{\"@id\":\"https:\/\/www.ritacordeirohome.com\/pt-pt\/store\/sun-poltrona-e-sofas\/#breadcrumb\"},\"inLanguage\":\"pt-PT\",\"potentialAction\":[{\"@type\":\"ReadAction\",\"target\":[\"https:\/\/www.ritacordeirohome.com\/pt-pt\/store\/sun-poltrona-e-sofas\/\"]}]},{\"@type\":\"ImageObject\",\"inLanguage\":\"pt-PT\",\"@id\":\"https:\/\/www.ritacordeirohome.com\/pt-pt\/store\/sun-poltrona-e-sofas\/#primaryimage\",\"url\":\"https:\/\/www.ritacordeirohome.com\/wp-content\/uploads\/2024\/05\/push_SP5.png\",\"contentUrl\":\"https:\/\/www.ritacordeirohome.com\/wp-content\/uploads\/2024\/05\/push_SP5.png\",\"width\":1200,\"height\":1200},{\"@type\":\"BreadcrumbList\",\"@id\":\"https:\/\/www.ritacordeirohome.com\/pt-pt\/store\/sun-poltrona-e-sofas\/#breadcrumb\",\"itemListElement\":[{\"@type\":\"ListItem\",\"position\":1,\"name\":\"In\u00edcio\",\"item\":\"https:\/\/www.ritacordeirohome.com\/pt-pt\/\"},{\"@type\":\"ListItem\",\"position\":2,\"name\":\"Store\",\"item\":\"https:\/\/www.ritacordeirohome.com\/store\/\"},{\"@type\":\"ListItem\",\"position\":3,\"name\":\"Sun &#8211; Poltrona e Sof\u00e1s\"}]},{\"@type\":\"WebSite\",\"@id\":\"https:\/\/www.ritacordeirohome.com\/pt-pt\/#website\",\"url\":\"https:\/\/www.ritacordeirohome.com\/pt-pt\/\",\"name\":\"Rita Cordeiro Home Living\",\"description\":\"Loja online de mobili\u00e1rio, decora\u00e7\u00e3o e design de interiores\",\"publisher\":{\"@id\":\"https:\/\/www.ritacordeirohome.com\/pt-pt\/#organization\"},\"alternateName\":\"RC Home\",\"potentialAction\":[{\"@type\":\"SearchAction\",\"target\":{\"@type\":\"EntryPoint\",\"urlTemplate\":\"https:\/\/www.ritacordeirohome.com\/pt-pt\/?s={search_term_string}\"},\"query-input\":{\"@type\":\"PropertyValueSpecification\",\"valueRequired\":true,\"valueName\":\"search_term_string\"}}],\"inLanguage\":\"pt-PT\"},{\"@type\":\"Organization\",\"@id\":\"https:\/\/www.ritacordeirohome.com\/pt-pt\/#organization\",\"name\":\"Rita Cordeiro Home Living\",\"alternateName\":\"RC Home Living\",\"url\":\"https:\/\/www.ritacordeirohome.com\/pt-pt\/\",\"logo\":{\"@type\":\"ImageObject\",\"inLanguage\":\"pt-PT\",\"@id\":\"https:\/\/www.ritacordeirohome.com\/pt-pt\/#\/schema\/logo\/image\/\",\"url\":\"https:\/\/www.ritacordeirohome.com\/wp-content\/uploads\/2023\/02\/rita-cordeiro-home-living.png\",\"contentUrl\":\"https:\/\/www.ritacordeirohome.com\/wp-content\/uploads\/2023\/02\/rita-cordeiro-home-living.png\",\"width\":900,\"height\":709,\"caption\":\"Rita Cordeiro Home Living\"},\"image\":{\"@id\":\"https:\/\/www.ritacordeirohome.com\/pt-pt\/#\/schema\/logo\/image\/\"},\"sameAs\":[\"https:\/\/www.facebook.com\/ritacordeirohome\",\"https:\/\/www.instagram.com\/rita_cordeiro_home\/\"]}]}<\/script>\n<!-- \/ Yoast SEO plugin. -->","yoast_head_json":{"title":"Sun - Poltrona e Sof\u00e1s - Rita Cordeiro Home","description":"Colec\u00e7\u00e3o Sun, \u00e9 uma gama completa de produtos para projetar e dar vida ao seu espa\u00e7o exterior. Aqui apresentamos a poltrona e os sof\u00e1s.","robots":{"index":"index","follow":"follow","max-snippet":"max-snippet:-1","max-image-preview":"max-image-preview:large","max-video-preview":"max-video-preview:-1"},"canonical":"https:\/\/www.ritacordeirohome.com\/pt-pt\/store\/sun-poltrona-e-sofas\/","og_locale":"pt_PT","og_type":"article","og_title":"Sun - Poltrona e Sof\u00e1s - Rita Cordeiro Home","og_description":"Colec\u00e7\u00e3o Sun, \u00e9 uma gama completa de produtos para projetar e dar vida ao seu espa\u00e7o exterior. Aqui apresentamos a poltrona e os sof\u00e1s.","og_url":"https:\/\/www.ritacordeirohome.com\/pt-pt\/store\/sun-poltrona-e-sofas\/","og_site_name":"Rita Cordeiro Home","article_publisher":"https:\/\/www.facebook.com\/ritacordeirohome","article_modified_time":"2024-05-20T13:40:28+00:00","og_image":[{"width":800,"height":800,"url":"https:\/\/www.ritacordeirohome.com\/wp-content\/uploads\/2024\/05\/push_SP5-800x800.png","type":"image\/png"}],"twitter_card":"summary_large_image","schema":{"@context":"https:\/\/schema.org","@graph":[{"@type":"WebPage","@id":"https:\/\/www.ritacordeirohome.com\/pt-pt\/store\/sun-poltrona-e-sofas\/","url":"https:\/\/www.ritacordeirohome.com\/pt-pt\/store\/sun-poltrona-e-sofas\/","name":"Sun - Poltrona e Sof\u00e1s - Rita Cordeiro Home","isPartOf":{"@id":"https:\/\/www.ritacordeirohome.com\/pt-pt\/#website"},"primaryImageOfPage":{"@id":"https:\/\/www.ritacordeirohome.com\/pt-pt\/store\/sun-poltrona-e-sofas\/#primaryimage"},"image":{"@id":"https:\/\/www.ritacordeirohome.com\/pt-pt\/store\/sun-poltrona-e-sofas\/#primaryimage"},"thumbnailUrl":"https:\/\/www.ritacordeirohome.com\/wp-content\/uploads\/2024\/05\/push_SP5.png","datePublished":"2024-05-20T08:52:46+00:00","dateModified":"2024-05-20T13:40:28+00:00","description":"Colec\u00e7\u00e3o Sun, \u00e9 uma gama completa de produtos para projetar e dar vida ao seu espa\u00e7o exterior. Aqui apresentamos a poltrona e os sof\u00e1s.","breadcrumb":{"@id":"https:\/\/www.ritacordeirohome.com\/pt-pt\/store\/sun-poltrona-e-sofas\/#breadcrumb"},"inLanguage":"pt-PT","potentialAction":[{"@type":"ReadAction","target":["https:\/\/www.ritacordeirohome.com\/pt-pt\/store\/sun-poltrona-e-sofas\/"]}]},{"@type":"ImageObject","inLanguage":"pt-PT","@id":"https:\/\/www.ritacordeirohome.com\/pt-pt\/store\/sun-poltrona-e-sofas\/#primaryimage","url":"https:\/\/www.ritacordeirohome.com\/wp-content\/uploads\/2024\/05\/push_SP5.png","contentUrl":"https:\/\/www.ritacordeirohome.com\/wp-content\/uploads\/2024\/05\/push_SP5.png","width":1200,"height":1200},{"@type":"BreadcrumbList","@id":"https:\/\/www.ritacordeirohome.com\/pt-pt\/store\/sun-poltrona-e-sofas\/#breadcrumb","itemListElement":[{"@type":"ListItem","position":1,"name":"In\u00edcio","item":"https:\/\/www.ritacordeirohome.com\/pt-pt\/"},{"@type":"ListItem","position":2,"name":"Store","item":"https:\/\/www.ritacordeirohome.com\/store\/"},{"@type":"ListItem","position":3,"name":"Sun &#8211; Poltrona e Sof\u00e1s"}]},{"@type":"WebSite","@id":"https:\/\/www.ritacordeirohome.com\/pt-pt\/#website","url":"https:\/\/www.ritacordeirohome.com\/pt-pt\/","name":"Rita Cordeiro Home Living","description":"Loja online de mobili\u00e1rio, decora\u00e7\u00e3o e design de interiores","publisher":{"@id":"https:\/\/www.ritacordeirohome.com\/pt-pt\/#organization"},"alternateName":"RC Home","potentialAction":[{"@type":"SearchAction","target":{"@type":"EntryPoint","urlTemplate":"https:\/\/www.ritacordeirohome.com\/pt-pt\/?s={search_term_string}"},"query-input":{"@type":"PropertyValueSpecification","valueRequired":true,"valueName":"search_term_string"}}],"inLanguage":"pt-PT"},{"@type":"Organization","@id":"https:\/\/www.ritacordeirohome.com\/pt-pt\/#organization","name":"Rita Cordeiro Home Living","alternateName":"RC Home Living","url":"https:\/\/www.ritacordeirohome.com\/pt-pt\/","logo":{"@type":"ImageObject","inLanguage":"pt-PT","@id":"https:\/\/www.ritacordeirohome.com\/pt-pt\/#\/schema\/logo\/image\/","url":"https:\/\/www.ritacordeirohome.com\/wp-content\/uploads\/2023\/02\/rita-cordeiro-home-living.png","contentUrl":"https:\/\/www.ritacordeirohome.com\/wp-content\/uploads\/2023\/02\/rita-cordeiro-home-living.png","width":900,"height":709,"caption":"Rita Cordeiro Home Living"},"image":{"@id":"https:\/\/www.ritacordeirohome.com\/pt-pt\/#\/schema\/logo\/image\/"},"sameAs":["https:\/\/www.facebook.com\/ritacordeirohome","https:\/\/www.instagram.com\/rita_cordeiro_home\/"]}]}},"_links":{"self":[{"href":"https:\/\/www.ritacordeirohome.com\/pt-pt\/wp-json\/wp\/v2\/product\/18575","targetHints":{"allow":["GET"]}}],"collection":[{"href":"https:\/\/www.ritacordeirohome.com\/pt-pt\/wp-json\/wp\/v2\/product"}],"about":[{"href":"https:\/\/www.ritacordeirohome.com\/pt-pt\/wp-json\/wp\/v2\/types\/product"}],"version-history":[{"count":4,"href":"https:\/\/www.ritacordeirohome.com\/pt-pt\/wp-json\/wp\/v2\/product\/18575\/revisions"}],"predecessor-version":[{"id":18736,"href":"https:\/\/www.ritacordeirohome.com\/pt-pt\/wp-json\/wp\/v2\/product\/18575\/revisions\/18736"}],"wp:featuredmedia":[{"embeddable":true,"href":"https:\/\/www.ritacordeirohome.com\/pt-pt\/wp-json\/wp\/v2\/media\/18723"}],"wp:attachment":[{"href":"https:\/\/www.ritacordeirohome.com\/pt-pt\/wp-json\/wp\/v2\/media?parent=18575"}],"wp:term":[{"taxonomy":"product_brand","embeddable":true,"href":"https:\/\/www.ritacordeirohome.com\/pt-pt\/wp-json\/wp\/v2\/product_brand?post=18575"},{"taxonomy":"product_cat","embeddable":true,"href":"https:\/\/www.ritacordeirohome.com\/pt-pt\/wp-json\/wp\/v2\/product_cat?post=18575"},{"taxonomy":"product_tag","embeddable":true,"href":"https:\/\/www.ritacordeirohome.com\/pt-pt\/wp-json\/wp\/v2\/product_tag?post=18575"}],"curies":[{"name":"wp","href":"https:\/\/api.w.org\/{rel}","templated":true}]}}