{"id":18566,"date":"2024-05-20T08:41:01","date_gmt":"2024-05-20T08:41:01","guid":{"rendered":"https:\/\/www.ritacordeirohome.com\/?post_type=product&#038;p=18566"},"modified":"2024-05-20T09:22:22","modified_gmt":"2024-05-20T09:22:22","slug":"glide-vase","status":"publish","type":"product","link":"https:\/\/www.ritacordeirohome.com\/pt-pt\/store\/glide-vase\/","title":{"rendered":"Glide Vase"},"content":{"rendered":"","protected":false},"excerpt":{"rendered":"<p>A inspira\u00e7\u00e3o neocl\u00e1ssica design-plus \u00e9 encontrada na tridimensionalidade da textura que enfatiza as formas e suavidade ao toque destes vasos.<br \/>\nDecorativos e elegantes conferem ao espa\u00e7o um ar burgu\u00eas e atmosfera contempor\u00e2nea.<br \/>\nF\u00e1ceis de limpar, resistem aos raios atmosf\u00e9ricos e UV.<\/p>\n<p><strong>Cores dispon\u00edveis:<\/strong> Branco, Beje e Cinza<\/p>\n<p><strong>Medidas:<br \/>\n<\/strong><em>Vaso pequeno<\/em><br \/>\nLargura: 55cm<br \/>\nAltura: 60cm<\/p>\n<p><em>Vaso grande &#8211; dispon\u00edvel por mais 118\u20ac<\/em><br \/>\nLargura: 60cm<br \/>\nAltura: 120cm<\/p>\n","protected":false},"featured_media":18584,"template":"","meta":[],"product_brand":[],"product_cat":[407,415],"product_tag":[],"class_list":{"0":"post-18566","1":"product","2":"type-product","3":"status-publish","4":"has-post-thumbnail","6":"product_cat-mobiliario-exterior","7":"product_cat-vaso","8":"product_shipping_class-transportadora","10":"first","11":"instock","12":"purchasable","13":"product-type-simple"},"yoast_head":"<!-- This site is optimized with the Yoast SEO plugin v26.6 - https:\/\/yoast.com\/wordpress\/plugins\/seo\/ -->\n<title>Glide Vase - Rita Cordeiro Home<\/title>\n<meta name=\"description\" content=\"Os vasos Glide s\u00e3o decorativos e elegantes e conferem ao espa\u00e7o um ar burgu\u00ease atmosfera contempor\u00e2nea. F\u00e1ceis de limpar, resistem aos raios atmosf\u00e9ricos.\" \/>\n<meta name=\"robots\" content=\"index, follow, max-snippet:-1, max-image-preview:large, max-video-preview:-1\" \/>\n<link rel=\"canonical\" href=\"https:\/\/www.ritacordeirohome.com\/pt-pt\/store\/glide-vase\/\" \/>\n<meta property=\"og:locale\" content=\"pt_PT\" \/>\n<meta property=\"og:type\" content=\"article\" \/>\n<meta property=\"og:title\" content=\"Glide Vase - Rita Cordeiro Home\" \/>\n<meta property=\"og:description\" content=\"Os vasos Glide s\u00e3o decorativos e elegantes e conferem ao espa\u00e7o um ar burgu\u00ease atmosfera contempor\u00e2nea. F\u00e1ceis de limpar, resistem aos raios atmosf\u00e9ricos.\" \/>\n<meta property=\"og:url\" content=\"https:\/\/www.ritacordeirohome.com\/pt-pt\/store\/glide-vase\/\" \/>\n<meta property=\"og:site_name\" content=\"Rita Cordeiro Home\" \/>\n<meta property=\"article:publisher\" content=\"https:\/\/www.facebook.com\/ritacordeirohome\" \/>\n<meta property=\"article:modified_time\" content=\"2024-05-20T09:22:22+00:00\" \/>\n<meta property=\"og:image\" content=\"https:\/\/www.ritacordeirohome.com\/wp-content\/uploads\/2024\/05\/skin-800x800.png\" \/>\n\t<meta property=\"og:image:width\" content=\"800\" \/>\n\t<meta property=\"og:image:height\" content=\"800\" \/>\n\t<meta property=\"og:image:type\" content=\"image\/png\" \/>\n<meta name=\"twitter:card\" content=\"summary_large_image\" \/>\n<script type=\"application\/ld+json\" class=\"yoast-schema-graph\">{\"@context\":\"https:\/\/schema.org\",\"@graph\":[{\"@type\":\"WebPage\",\"@id\":\"https:\/\/www.ritacordeirohome.com\/pt-pt\/store\/glide-vase\/\",\"url\":\"https:\/\/www.ritacordeirohome.com\/pt-pt\/store\/glide-vase\/\",\"name\":\"Glide Vase - Rita Cordeiro Home\",\"isPartOf\":{\"@id\":\"https:\/\/www.ritacordeirohome.com\/pt-pt\/#website\"},\"primaryImageOfPage\":{\"@id\":\"https:\/\/www.ritacordeirohome.com\/pt-pt\/store\/glide-vase\/#primaryimage\"},\"image\":{\"@id\":\"https:\/\/www.ritacordeirohome.com\/pt-pt\/store\/glide-vase\/#primaryimage\"},\"thumbnailUrl\":\"https:\/\/www.ritacordeirohome.com\/wp-content\/uploads\/2024\/05\/skin.png\",\"datePublished\":\"2024-05-20T08:41:01+00:00\",\"dateModified\":\"2024-05-20T09:22:22+00:00\",\"description\":\"Os vasos Glide s\u00e3o decorativos e elegantes e conferem ao espa\u00e7o um ar burgu\u00ease atmosfera contempor\u00e2nea. F\u00e1ceis de limpar, resistem aos raios atmosf\u00e9ricos.\",\"breadcrumb\":{\"@id\":\"https:\/\/www.ritacordeirohome.com\/pt-pt\/store\/glide-vase\/#breadcrumb\"},\"inLanguage\":\"pt-PT\",\"potentialAction\":[{\"@type\":\"ReadAction\",\"target\":[\"https:\/\/www.ritacordeirohome.com\/pt-pt\/store\/glide-vase\/\"]}]},{\"@type\":\"ImageObject\",\"inLanguage\":\"pt-PT\",\"@id\":\"https:\/\/www.ritacordeirohome.com\/pt-pt\/store\/glide-vase\/#primaryimage\",\"url\":\"https:\/\/www.ritacordeirohome.com\/wp-content\/uploads\/2024\/05\/skin.png\",\"contentUrl\":\"https:\/\/www.ritacordeirohome.com\/wp-content\/uploads\/2024\/05\/skin.png\",\"width\":1200,\"height\":1200,\"caption\":\"Glide vase, perfect for outdoor decoration\"},{\"@type\":\"BreadcrumbList\",\"@id\":\"https:\/\/www.ritacordeirohome.com\/pt-pt\/store\/glide-vase\/#breadcrumb\",\"itemListElement\":[{\"@type\":\"ListItem\",\"position\":1,\"name\":\"In\u00edcio\",\"item\":\"https:\/\/www.ritacordeirohome.com\/pt-pt\/\"},{\"@type\":\"ListItem\",\"position\":2,\"name\":\"Store\",\"item\":\"https:\/\/www.ritacordeirohome.com\/store\/\"},{\"@type\":\"ListItem\",\"position\":3,\"name\":\"Glide Vase\"}]},{\"@type\":\"WebSite\",\"@id\":\"https:\/\/www.ritacordeirohome.com\/pt-pt\/#website\",\"url\":\"https:\/\/www.ritacordeirohome.com\/pt-pt\/\",\"name\":\"Rita Cordeiro Home Living\",\"description\":\"Loja online de mobili\u00e1rio, decora\u00e7\u00e3o e design de interiores\",\"publisher\":{\"@id\":\"https:\/\/www.ritacordeirohome.com\/pt-pt\/#organization\"},\"alternateName\":\"RC Home\",\"potentialAction\":[{\"@type\":\"SearchAction\",\"target\":{\"@type\":\"EntryPoint\",\"urlTemplate\":\"https:\/\/www.ritacordeirohome.com\/pt-pt\/?s={search_term_string}\"},\"query-input\":{\"@type\":\"PropertyValueSpecification\",\"valueRequired\":true,\"valueName\":\"search_term_string\"}}],\"inLanguage\":\"pt-PT\"},{\"@type\":\"Organization\",\"@id\":\"https:\/\/www.ritacordeirohome.com\/pt-pt\/#organization\",\"name\":\"Rita Cordeiro Home Living\",\"alternateName\":\"RC Home Living\",\"url\":\"https:\/\/www.ritacordeirohome.com\/pt-pt\/\",\"logo\":{\"@type\":\"ImageObject\",\"inLanguage\":\"pt-PT\",\"@id\":\"https:\/\/www.ritacordeirohome.com\/pt-pt\/#\/schema\/logo\/image\/\",\"url\":\"https:\/\/www.ritacordeirohome.com\/wp-content\/uploads\/2023\/02\/rita-cordeiro-home-living.png\",\"contentUrl\":\"https:\/\/www.ritacordeirohome.com\/wp-content\/uploads\/2023\/02\/rita-cordeiro-home-living.png\",\"width\":900,\"height\":709,\"caption\":\"Rita Cordeiro Home Living\"},\"image\":{\"@id\":\"https:\/\/www.ritacordeirohome.com\/pt-pt\/#\/schema\/logo\/image\/\"},\"sameAs\":[\"https:\/\/www.facebook.com\/ritacordeirohome\",\"https:\/\/www.instagram.com\/rita_cordeiro_home\/\"]}]}<\/script>\n<!-- \/ Yoast SEO plugin. -->","yoast_head_json":{"title":"Glide Vase - Rita Cordeiro Home","description":"Os vasos Glide s\u00e3o decorativos e elegantes e conferem ao espa\u00e7o um ar burgu\u00ease atmosfera contempor\u00e2nea. F\u00e1ceis de limpar, resistem aos raios atmosf\u00e9ricos.","robots":{"index":"index","follow":"follow","max-snippet":"max-snippet:-1","max-image-preview":"max-image-preview:large","max-video-preview":"max-video-preview:-1"},"canonical":"https:\/\/www.ritacordeirohome.com\/pt-pt\/store\/glide-vase\/","og_locale":"pt_PT","og_type":"article","og_title":"Glide Vase - Rita Cordeiro Home","og_description":"Os vasos Glide s\u00e3o decorativos e elegantes e conferem ao espa\u00e7o um ar burgu\u00ease atmosfera contempor\u00e2nea. F\u00e1ceis de limpar, resistem aos raios atmosf\u00e9ricos.","og_url":"https:\/\/www.ritacordeirohome.com\/pt-pt\/store\/glide-vase\/","og_site_name":"Rita Cordeiro Home","article_publisher":"https:\/\/www.facebook.com\/ritacordeirohome","article_modified_time":"2024-05-20T09:22:22+00:00","og_image":[{"width":800,"height":800,"url":"https:\/\/www.ritacordeirohome.com\/wp-content\/uploads\/2024\/05\/skin-800x800.png","type":"image\/png"}],"twitter_card":"summary_large_image","schema":{"@context":"https:\/\/schema.org","@graph":[{"@type":"WebPage","@id":"https:\/\/www.ritacordeirohome.com\/pt-pt\/store\/glide-vase\/","url":"https:\/\/www.ritacordeirohome.com\/pt-pt\/store\/glide-vase\/","name":"Glide Vase - Rita Cordeiro Home","isPartOf":{"@id":"https:\/\/www.ritacordeirohome.com\/pt-pt\/#website"},"primaryImageOfPage":{"@id":"https:\/\/www.ritacordeirohome.com\/pt-pt\/store\/glide-vase\/#primaryimage"},"image":{"@id":"https:\/\/www.ritacordeirohome.com\/pt-pt\/store\/glide-vase\/#primaryimage"},"thumbnailUrl":"https:\/\/www.ritacordeirohome.com\/wp-content\/uploads\/2024\/05\/skin.png","datePublished":"2024-05-20T08:41:01+00:00","dateModified":"2024-05-20T09:22:22+00:00","description":"Os vasos Glide s\u00e3o decorativos e elegantes e conferem ao espa\u00e7o um ar burgu\u00ease atmosfera contempor\u00e2nea. F\u00e1ceis de limpar, resistem aos raios atmosf\u00e9ricos.","breadcrumb":{"@id":"https:\/\/www.ritacordeirohome.com\/pt-pt\/store\/glide-vase\/#breadcrumb"},"inLanguage":"pt-PT","potentialAction":[{"@type":"ReadAction","target":["https:\/\/www.ritacordeirohome.com\/pt-pt\/store\/glide-vase\/"]}]},{"@type":"ImageObject","inLanguage":"pt-PT","@id":"https:\/\/www.ritacordeirohome.com\/pt-pt\/store\/glide-vase\/#primaryimage","url":"https:\/\/www.ritacordeirohome.com\/wp-content\/uploads\/2024\/05\/skin.png","contentUrl":"https:\/\/www.ritacordeirohome.com\/wp-content\/uploads\/2024\/05\/skin.png","width":1200,"height":1200,"caption":"Glide vase, perfect for outdoor decoration"},{"@type":"BreadcrumbList","@id":"https:\/\/www.ritacordeirohome.com\/pt-pt\/store\/glide-vase\/#breadcrumb","itemListElement":[{"@type":"ListItem","position":1,"name":"In\u00edcio","item":"https:\/\/www.ritacordeirohome.com\/pt-pt\/"},{"@type":"ListItem","position":2,"name":"Store","item":"https:\/\/www.ritacordeirohome.com\/store\/"},{"@type":"ListItem","position":3,"name":"Glide Vase"}]},{"@type":"WebSite","@id":"https:\/\/www.ritacordeirohome.com\/pt-pt\/#website","url":"https:\/\/www.ritacordeirohome.com\/pt-pt\/","name":"Rita Cordeiro Home Living","description":"Loja online de mobili\u00e1rio, decora\u00e7\u00e3o e design de interiores","publisher":{"@id":"https:\/\/www.ritacordeirohome.com\/pt-pt\/#organization"},"alternateName":"RC Home","potentialAction":[{"@type":"SearchAction","target":{"@type":"EntryPoint","urlTemplate":"https:\/\/www.ritacordeirohome.com\/pt-pt\/?s={search_term_string}"},"query-input":{"@type":"PropertyValueSpecification","valueRequired":true,"valueName":"search_term_string"}}],"inLanguage":"pt-PT"},{"@type":"Organization","@id":"https:\/\/www.ritacordeirohome.com\/pt-pt\/#organization","name":"Rita Cordeiro Home Living","alternateName":"RC Home Living","url":"https:\/\/www.ritacordeirohome.com\/pt-pt\/","logo":{"@type":"ImageObject","inLanguage":"pt-PT","@id":"https:\/\/www.ritacordeirohome.com\/pt-pt\/#\/schema\/logo\/image\/","url":"https:\/\/www.ritacordeirohome.com\/wp-content\/uploads\/2023\/02\/rita-cordeiro-home-living.png","contentUrl":"https:\/\/www.ritacordeirohome.com\/wp-content\/uploads\/2023\/02\/rita-cordeiro-home-living.png","width":900,"height":709,"caption":"Rita Cordeiro Home Living"},"image":{"@id":"https:\/\/www.ritacordeirohome.com\/pt-pt\/#\/schema\/logo\/image\/"},"sameAs":["https:\/\/www.facebook.com\/ritacordeirohome","https:\/\/www.instagram.com\/rita_cordeiro_home\/"]}]}},"_links":{"self":[{"href":"https:\/\/www.ritacordeirohome.com\/pt-pt\/wp-json\/wp\/v2\/product\/18566","targetHints":{"allow":["GET"]}}],"collection":[{"href":"https:\/\/www.ritacordeirohome.com\/pt-pt\/wp-json\/wp\/v2\/product"}],"about":[{"href":"https:\/\/www.ritacordeirohome.com\/pt-pt\/wp-json\/wp\/v2\/types\/product"}],"version-history":[{"count":3,"href":"https:\/\/www.ritacordeirohome.com\/pt-pt\/wp-json\/wp\/v2\/product\/18566\/revisions"}],"predecessor-version":[{"id":18607,"href":"https:\/\/www.ritacordeirohome.com\/pt-pt\/wp-json\/wp\/v2\/product\/18566\/revisions\/18607"}],"wp:featuredmedia":[{"embeddable":true,"href":"https:\/\/www.ritacordeirohome.com\/pt-pt\/wp-json\/wp\/v2\/media\/18584"}],"wp:attachment":[{"href":"https:\/\/www.ritacordeirohome.com\/pt-pt\/wp-json\/wp\/v2\/media?parent=18566"}],"wp:term":[{"taxonomy":"product_brand","embeddable":true,"href":"https:\/\/www.ritacordeirohome.com\/pt-pt\/wp-json\/wp\/v2\/product_brand?post=18566"},{"taxonomy":"product_cat","embeddable":true,"href":"https:\/\/www.ritacordeirohome.com\/pt-pt\/wp-json\/wp\/v2\/product_cat?post=18566"},{"taxonomy":"product_tag","embeddable":true,"href":"https:\/\/www.ritacordeirohome.com\/pt-pt\/wp-json\/wp\/v2\/product_tag?post=18566"}],"curies":[{"name":"wp","href":"https:\/\/api.w.org\/{rel}","templated":true}]}}