{"id":18272,"date":"2023-08-28T11:28:48","date_gmt":"2023-08-28T11:28:48","guid":{"rendered":"https:\/\/www.ritacordeirohome.com\/?post_type=product&#038;p=18272"},"modified":"2023-10-04T10:12:57","modified_gmt":"2023-10-04T10:12:57","slug":"cadeira-de-bar-pending","status":"publish","type":"product","link":"https:\/\/www.ritacordeirohome.com\/pt-pt\/store\/cadeira-de-bar-pending\/","title":{"rendered":"Cadeira de Bar Pending"},"content":{"rendered":"","protected":false},"excerpt":{"rendered":"<p>O visual luxuoso e atemporal desta cadeira de bar feita \u00e0 m\u00e3o, proporcionado por uma refinada combina\u00e7\u00e3o de materiais como o lat\u00e3o e o couro que emoldura. O espl\u00eandido design de Pending pretende ser mais do que aquilo que aparenta, tendo um visual sofisticado com glamour em sofistica\u00e7\u00e3o, autenticidade e senso de estilo sem precedentes.<\/p>\n<p>A cadeira de bar Pending pode ser utilizada num estilo cl\u00e1ssico com linhas retas ou at\u00e9 mesmo contempor\u00e2neo onde a subtileza e a simplicidade s\u00e3o fundamentais.<\/p>\n<p><strong>Medidas:<\/strong><br \/>\nLargura: 80cm<br \/>\nProfundidade: 63cm<br \/>\nAltura: 100cm<\/p>\n","protected":false},"featured_media":18276,"template":"","meta":[],"product_brand":[],"product_cat":[90,28,86],"product_tag":[],"class_list":{"0":"post-18272","1":"product","2":"type-product","3":"status-publish","4":"has-post-thumbnail","6":"product_cat-cadeiras","7":"product_cat-moveis","8":"product_cat-moveis-de-bar","9":"product_shipping_class-transportadora","11":"first","12":"onbackorder","13":"purchasable","14":"product-type-simple"},"yoast_head":"<!-- This site is optimized with the Yoast SEO plugin v26.6 - https:\/\/yoast.com\/wordpress\/plugins\/seo\/ -->\n<title>Cadeira de Bar Pending - Rita Cordeiro Home<\/title>\n<meta name=\"description\" content=\"A cadeira de bar Pending pode ser utilizada num estilo cl\u00e1ssico com linhas retas ou at\u00e9 mesmo contempor\u00e2neo onde a subtileza e a simplicidade s\u00e3o fundamentais.\" \/>\n<meta name=\"robots\" content=\"index, follow, max-snippet:-1, max-image-preview:large, max-video-preview:-1\" \/>\n<link rel=\"canonical\" href=\"https:\/\/www.ritacordeirohome.com\/pt-pt\/store\/cadeira-de-bar-pending\/\" \/>\n<meta property=\"og:locale\" content=\"pt_PT\" \/>\n<meta property=\"og:type\" content=\"article\" \/>\n<meta property=\"og:title\" content=\"Cadeira de Bar Pending - Rita Cordeiro Home\" \/>\n<meta property=\"og:description\" content=\"A cadeira de bar Pending pode ser utilizada num estilo cl\u00e1ssico com linhas retas ou at\u00e9 mesmo contempor\u00e2neo onde a subtileza e a simplicidade s\u00e3o fundamentais.\" \/>\n<meta property=\"og:url\" content=\"https:\/\/www.ritacordeirohome.com\/pt-pt\/store\/cadeira-de-bar-pending\/\" \/>\n<meta property=\"og:site_name\" content=\"Rita Cordeiro Home\" \/>\n<meta property=\"article:publisher\" content=\"https:\/\/www.facebook.com\/ritacordeirohome\" \/>\n<meta property=\"article:modified_time\" content=\"2023-10-04T10:12:57+00:00\" \/>\n<meta property=\"og:image\" content=\"https:\/\/www.ritacordeirohome.com\/wp-content\/uploads\/2023\/08\/1-8.jpg\" \/>\n\t<meta property=\"og:image:width\" content=\"624\" \/>\n\t<meta property=\"og:image:height\" content=\"624\" \/>\n\t<meta property=\"og:image:type\" content=\"image\/jpeg\" \/>\n<meta name=\"twitter:card\" content=\"summary_large_image\" \/>\n<script type=\"application\/ld+json\" class=\"yoast-schema-graph\">{\"@context\":\"https:\/\/schema.org\",\"@graph\":[{\"@type\":\"WebPage\",\"@id\":\"https:\/\/www.ritacordeirohome.com\/pt-pt\/store\/cadeira-de-bar-pending\/\",\"url\":\"https:\/\/www.ritacordeirohome.com\/pt-pt\/store\/cadeira-de-bar-pending\/\",\"name\":\"Cadeira de Bar Pending - Rita Cordeiro Home\",\"isPartOf\":{\"@id\":\"https:\/\/www.ritacordeirohome.com\/pt-pt\/#website\"},\"primaryImageOfPage\":{\"@id\":\"https:\/\/www.ritacordeirohome.com\/pt-pt\/store\/cadeira-de-bar-pending\/#primaryimage\"},\"image\":{\"@id\":\"https:\/\/www.ritacordeirohome.com\/pt-pt\/store\/cadeira-de-bar-pending\/#primaryimage\"},\"thumbnailUrl\":\"https:\/\/www.ritacordeirohome.com\/wp-content\/uploads\/2023\/08\/1-8.jpg\",\"datePublished\":\"2023-08-28T11:28:48+00:00\",\"dateModified\":\"2023-10-04T10:12:57+00:00\",\"description\":\"A cadeira de bar Pending pode ser utilizada num estilo cl\u00e1ssico com linhas retas ou at\u00e9 mesmo contempor\u00e2neo onde a subtileza e a simplicidade s\u00e3o fundamentais.\",\"breadcrumb\":{\"@id\":\"https:\/\/www.ritacordeirohome.com\/pt-pt\/store\/cadeira-de-bar-pending\/#breadcrumb\"},\"inLanguage\":\"pt-PT\",\"potentialAction\":[{\"@type\":\"ReadAction\",\"target\":[\"https:\/\/www.ritacordeirohome.com\/pt-pt\/store\/cadeira-de-bar-pending\/\"]}]},{\"@type\":\"ImageObject\",\"inLanguage\":\"pt-PT\",\"@id\":\"https:\/\/www.ritacordeirohome.com\/pt-pt\/store\/cadeira-de-bar-pending\/#primaryimage\",\"url\":\"https:\/\/www.ritacordeirohome.com\/wp-content\/uploads\/2023\/08\/1-8.jpg\",\"contentUrl\":\"https:\/\/www.ritacordeirohome.com\/wp-content\/uploads\/2023\/08\/1-8.jpg\",\"width\":624,\"height\":624},{\"@type\":\"BreadcrumbList\",\"@id\":\"https:\/\/www.ritacordeirohome.com\/pt-pt\/store\/cadeira-de-bar-pending\/#breadcrumb\",\"itemListElement\":[{\"@type\":\"ListItem\",\"position\":1,\"name\":\"In\u00edcio\",\"item\":\"https:\/\/www.ritacordeirohome.com\/pt-pt\/\"},{\"@type\":\"ListItem\",\"position\":2,\"name\":\"Store\",\"item\":\"https:\/\/www.ritacordeirohome.com\/store\/\"},{\"@type\":\"ListItem\",\"position\":3,\"name\":\"Cadeira de Bar Pending\"}]},{\"@type\":\"WebSite\",\"@id\":\"https:\/\/www.ritacordeirohome.com\/pt-pt\/#website\",\"url\":\"https:\/\/www.ritacordeirohome.com\/pt-pt\/\",\"name\":\"Rita Cordeiro Home Living\",\"description\":\"Loja online de mobili\u00e1rio, decora\u00e7\u00e3o e design de interiores\",\"publisher\":{\"@id\":\"https:\/\/www.ritacordeirohome.com\/pt-pt\/#organization\"},\"alternateName\":\"RC Home\",\"potentialAction\":[{\"@type\":\"SearchAction\",\"target\":{\"@type\":\"EntryPoint\",\"urlTemplate\":\"https:\/\/www.ritacordeirohome.com\/pt-pt\/?s={search_term_string}\"},\"query-input\":{\"@type\":\"PropertyValueSpecification\",\"valueRequired\":true,\"valueName\":\"search_term_string\"}}],\"inLanguage\":\"pt-PT\"},{\"@type\":\"Organization\",\"@id\":\"https:\/\/www.ritacordeirohome.com\/pt-pt\/#organization\",\"name\":\"Rita Cordeiro Home Living\",\"alternateName\":\"RC Home Living\",\"url\":\"https:\/\/www.ritacordeirohome.com\/pt-pt\/\",\"logo\":{\"@type\":\"ImageObject\",\"inLanguage\":\"pt-PT\",\"@id\":\"https:\/\/www.ritacordeirohome.com\/pt-pt\/#\/schema\/logo\/image\/\",\"url\":\"https:\/\/www.ritacordeirohome.com\/wp-content\/uploads\/2023\/02\/rita-cordeiro-home-living.png\",\"contentUrl\":\"https:\/\/www.ritacordeirohome.com\/wp-content\/uploads\/2023\/02\/rita-cordeiro-home-living.png\",\"width\":900,\"height\":709,\"caption\":\"Rita Cordeiro Home Living\"},\"image\":{\"@id\":\"https:\/\/www.ritacordeirohome.com\/pt-pt\/#\/schema\/logo\/image\/\"},\"sameAs\":[\"https:\/\/www.facebook.com\/ritacordeirohome\",\"https:\/\/www.instagram.com\/rita_cordeiro_home\/\"]}]}<\/script>\n<!-- \/ Yoast SEO plugin. -->","yoast_head_json":{"title":"Cadeira de Bar Pending - Rita Cordeiro Home","description":"A cadeira de bar Pending pode ser utilizada num estilo cl\u00e1ssico com linhas retas ou at\u00e9 mesmo contempor\u00e2neo onde a subtileza e a simplicidade s\u00e3o fundamentais.","robots":{"index":"index","follow":"follow","max-snippet":"max-snippet:-1","max-image-preview":"max-image-preview:large","max-video-preview":"max-video-preview:-1"},"canonical":"https:\/\/www.ritacordeirohome.com\/pt-pt\/store\/cadeira-de-bar-pending\/","og_locale":"pt_PT","og_type":"article","og_title":"Cadeira de Bar Pending - Rita Cordeiro Home","og_description":"A cadeira de bar Pending pode ser utilizada num estilo cl\u00e1ssico com linhas retas ou at\u00e9 mesmo contempor\u00e2neo onde a subtileza e a simplicidade s\u00e3o fundamentais.","og_url":"https:\/\/www.ritacordeirohome.com\/pt-pt\/store\/cadeira-de-bar-pending\/","og_site_name":"Rita Cordeiro Home","article_publisher":"https:\/\/www.facebook.com\/ritacordeirohome","article_modified_time":"2023-10-04T10:12:57+00:00","og_image":[{"width":624,"height":624,"url":"https:\/\/www.ritacordeirohome.com\/wp-content\/uploads\/2023\/08\/1-8.jpg","type":"image\/jpeg"}],"twitter_card":"summary_large_image","schema":{"@context":"https:\/\/schema.org","@graph":[{"@type":"WebPage","@id":"https:\/\/www.ritacordeirohome.com\/pt-pt\/store\/cadeira-de-bar-pending\/","url":"https:\/\/www.ritacordeirohome.com\/pt-pt\/store\/cadeira-de-bar-pending\/","name":"Cadeira de Bar Pending - Rita Cordeiro Home","isPartOf":{"@id":"https:\/\/www.ritacordeirohome.com\/pt-pt\/#website"},"primaryImageOfPage":{"@id":"https:\/\/www.ritacordeirohome.com\/pt-pt\/store\/cadeira-de-bar-pending\/#primaryimage"},"image":{"@id":"https:\/\/www.ritacordeirohome.com\/pt-pt\/store\/cadeira-de-bar-pending\/#primaryimage"},"thumbnailUrl":"https:\/\/www.ritacordeirohome.com\/wp-content\/uploads\/2023\/08\/1-8.jpg","datePublished":"2023-08-28T11:28:48+00:00","dateModified":"2023-10-04T10:12:57+00:00","description":"A cadeira de bar Pending pode ser utilizada num estilo cl\u00e1ssico com linhas retas ou at\u00e9 mesmo contempor\u00e2neo onde a subtileza e a simplicidade s\u00e3o fundamentais.","breadcrumb":{"@id":"https:\/\/www.ritacordeirohome.com\/pt-pt\/store\/cadeira-de-bar-pending\/#breadcrumb"},"inLanguage":"pt-PT","potentialAction":[{"@type":"ReadAction","target":["https:\/\/www.ritacordeirohome.com\/pt-pt\/store\/cadeira-de-bar-pending\/"]}]},{"@type":"ImageObject","inLanguage":"pt-PT","@id":"https:\/\/www.ritacordeirohome.com\/pt-pt\/store\/cadeira-de-bar-pending\/#primaryimage","url":"https:\/\/www.ritacordeirohome.com\/wp-content\/uploads\/2023\/08\/1-8.jpg","contentUrl":"https:\/\/www.ritacordeirohome.com\/wp-content\/uploads\/2023\/08\/1-8.jpg","width":624,"height":624},{"@type":"BreadcrumbList","@id":"https:\/\/www.ritacordeirohome.com\/pt-pt\/store\/cadeira-de-bar-pending\/#breadcrumb","itemListElement":[{"@type":"ListItem","position":1,"name":"In\u00edcio","item":"https:\/\/www.ritacordeirohome.com\/pt-pt\/"},{"@type":"ListItem","position":2,"name":"Store","item":"https:\/\/www.ritacordeirohome.com\/store\/"},{"@type":"ListItem","position":3,"name":"Cadeira de Bar Pending"}]},{"@type":"WebSite","@id":"https:\/\/www.ritacordeirohome.com\/pt-pt\/#website","url":"https:\/\/www.ritacordeirohome.com\/pt-pt\/","name":"Rita Cordeiro Home Living","description":"Loja online de mobili\u00e1rio, decora\u00e7\u00e3o e design de interiores","publisher":{"@id":"https:\/\/www.ritacordeirohome.com\/pt-pt\/#organization"},"alternateName":"RC Home","potentialAction":[{"@type":"SearchAction","target":{"@type":"EntryPoint","urlTemplate":"https:\/\/www.ritacordeirohome.com\/pt-pt\/?s={search_term_string}"},"query-input":{"@type":"PropertyValueSpecification","valueRequired":true,"valueName":"search_term_string"}}],"inLanguage":"pt-PT"},{"@type":"Organization","@id":"https:\/\/www.ritacordeirohome.com\/pt-pt\/#organization","name":"Rita Cordeiro Home Living","alternateName":"RC Home Living","url":"https:\/\/www.ritacordeirohome.com\/pt-pt\/","logo":{"@type":"ImageObject","inLanguage":"pt-PT","@id":"https:\/\/www.ritacordeirohome.com\/pt-pt\/#\/schema\/logo\/image\/","url":"https:\/\/www.ritacordeirohome.com\/wp-content\/uploads\/2023\/02\/rita-cordeiro-home-living.png","contentUrl":"https:\/\/www.ritacordeirohome.com\/wp-content\/uploads\/2023\/02\/rita-cordeiro-home-living.png","width":900,"height":709,"caption":"Rita Cordeiro Home Living"},"image":{"@id":"https:\/\/www.ritacordeirohome.com\/pt-pt\/#\/schema\/logo\/image\/"},"sameAs":["https:\/\/www.facebook.com\/ritacordeirohome","https:\/\/www.instagram.com\/rita_cordeiro_home\/"]}]}},"_links":{"self":[{"href":"https:\/\/www.ritacordeirohome.com\/pt-pt\/wp-json\/wp\/v2\/product\/18272","targetHints":{"allow":["GET"]}}],"collection":[{"href":"https:\/\/www.ritacordeirohome.com\/pt-pt\/wp-json\/wp\/v2\/product"}],"about":[{"href":"https:\/\/www.ritacordeirohome.com\/pt-pt\/wp-json\/wp\/v2\/types\/product"}],"version-history":[{"count":2,"href":"https:\/\/www.ritacordeirohome.com\/pt-pt\/wp-json\/wp\/v2\/product\/18272\/revisions"}],"predecessor-version":[{"id":18319,"href":"https:\/\/www.ritacordeirohome.com\/pt-pt\/wp-json\/wp\/v2\/product\/18272\/revisions\/18319"}],"wp:featuredmedia":[{"embeddable":true,"href":"https:\/\/www.ritacordeirohome.com\/pt-pt\/wp-json\/wp\/v2\/media\/18276"}],"wp:attachment":[{"href":"https:\/\/www.ritacordeirohome.com\/pt-pt\/wp-json\/wp\/v2\/media?parent=18272"}],"wp:term":[{"taxonomy":"product_brand","embeddable":true,"href":"https:\/\/www.ritacordeirohome.com\/pt-pt\/wp-json\/wp\/v2\/product_brand?post=18272"},{"taxonomy":"product_cat","embeddable":true,"href":"https:\/\/www.ritacordeirohome.com\/pt-pt\/wp-json\/wp\/v2\/product_cat?post=18272"},{"taxonomy":"product_tag","embeddable":true,"href":"https:\/\/www.ritacordeirohome.com\/pt-pt\/wp-json\/wp\/v2\/product_tag?post=18272"}],"curies":[{"name":"wp","href":"https:\/\/api.w.org\/{rel}","templated":true}]}}