{"id":15783,"date":"2023-07-10T16:03:51","date_gmt":"2023-07-10T16:03:51","guid":{"rendered":"https:\/\/www.ritacordeirohome.com\/?post_type=product&#038;p=15783"},"modified":"2023-08-09T14:41:33","modified_gmt":"2023-08-09T14:41:33","slug":"mesa-de-centro-gold-glass","status":"publish","type":"product","link":"https:\/\/www.ritacordeirohome.com\/pt-pt\/store\/mesa-de-centro-gold-glass\/","title":{"rendered":"Mesa de Centro Gold Glass"},"content":{"rendered":"","protected":false},"excerpt":{"rendered":"<p>Uma mesa com estrutura em a\u00e7o inox cromado e com tampo em vidro.<\/p>\n<p><strong>Medidas:<\/strong><br \/>\nDi\u00e2metro: 90cm<br \/>\nAltura: 39cm<\/p>\n","protected":false},"featured_media":17959,"template":"","meta":[],"product_brand":[],"product_cat":[83,28],"product_tag":[],"class_list":{"0":"post-15783","1":"product","2":"type-product","3":"status-publish","4":"has-post-thumbnail","6":"product_cat-mesas-de-centro","7":"product_cat-moveis","9":"first","10":"instock","11":"purchasable","12":"product-type-variable"},"yoast_head":"<!-- This site is optimized with the Yoast SEO plugin v26.6 - https:\/\/yoast.com\/wordpress\/plugins\/seo\/ -->\n<title>Mesa de Centro Gold Glass - Rita Cordeiro Home<\/title>\n<meta name=\"description\" content=\"Uma mesa com estrutura em a\u00e7o inox cromado e com tampo em vidro.\" \/>\n<meta name=\"robots\" content=\"index, follow, max-snippet:-1, max-image-preview:large, max-video-preview:-1\" \/>\n<link rel=\"canonical\" href=\"https:\/\/www.ritacordeirohome.com\/pt-pt\/store\/mesa-de-centro-gold-glass\/\" \/>\n<meta property=\"og:locale\" content=\"pt_PT\" \/>\n<meta property=\"og:type\" content=\"article\" \/>\n<meta property=\"og:title\" content=\"Mesa de Centro Gold Glass - Rita Cordeiro Home\" \/>\n<meta property=\"og:description\" content=\"Uma mesa com estrutura em a\u00e7o inox cromado e com tampo em vidro.\" \/>\n<meta property=\"og:url\" content=\"https:\/\/www.ritacordeirohome.com\/pt-pt\/store\/mesa-de-centro-gold-glass\/\" \/>\n<meta property=\"og:site_name\" content=\"Rita Cordeiro Home\" \/>\n<meta property=\"article:publisher\" content=\"https:\/\/www.facebook.com\/ritacordeirohome\" \/>\n<meta property=\"article:modified_time\" content=\"2023-08-09T14:41:33+00:00\" \/>\n<meta property=\"og:image\" content=\"https:\/\/www.ritacordeirohome.com\/wp-content\/uploads\/2023\/08\/11.png\" \/>\n\t<meta property=\"og:image:width\" content=\"600\" \/>\n\t<meta property=\"og:image:height\" content=\"600\" \/>\n\t<meta property=\"og:image:type\" content=\"image\/png\" \/>\n<meta name=\"twitter:card\" content=\"summary_large_image\" \/>\n<script type=\"application\/ld+json\" class=\"yoast-schema-graph\">{\"@context\":\"https:\/\/schema.org\",\"@graph\":[{\"@type\":\"WebPage\",\"@id\":\"https:\/\/www.ritacordeirohome.com\/pt-pt\/store\/mesa-de-centro-gold-glass\/\",\"url\":\"https:\/\/www.ritacordeirohome.com\/pt-pt\/store\/mesa-de-centro-gold-glass\/\",\"name\":\"Mesa de Centro Gold Glass - Rita Cordeiro Home\",\"isPartOf\":{\"@id\":\"https:\/\/www.ritacordeirohome.com\/pt-pt\/#website\"},\"primaryImageOfPage\":{\"@id\":\"https:\/\/www.ritacordeirohome.com\/pt-pt\/store\/mesa-de-centro-gold-glass\/#primaryimage\"},\"image\":{\"@id\":\"https:\/\/www.ritacordeirohome.com\/pt-pt\/store\/mesa-de-centro-gold-glass\/#primaryimage\"},\"thumbnailUrl\":\"https:\/\/www.ritacordeirohome.com\/wp-content\/uploads\/2023\/08\/11.png\",\"datePublished\":\"2023-07-10T16:03:51+00:00\",\"dateModified\":\"2023-08-09T14:41:33+00:00\",\"description\":\"Uma mesa com estrutura em a\u00e7o inox cromado e com tampo em vidro.\",\"breadcrumb\":{\"@id\":\"https:\/\/www.ritacordeirohome.com\/pt-pt\/store\/mesa-de-centro-gold-glass\/#breadcrumb\"},\"inLanguage\":\"pt-PT\",\"potentialAction\":[{\"@type\":\"ReadAction\",\"target\":[\"https:\/\/www.ritacordeirohome.com\/pt-pt\/store\/mesa-de-centro-gold-glass\/\"]}]},{\"@type\":\"ImageObject\",\"inLanguage\":\"pt-PT\",\"@id\":\"https:\/\/www.ritacordeirohome.com\/pt-pt\/store\/mesa-de-centro-gold-glass\/#primaryimage\",\"url\":\"https:\/\/www.ritacordeirohome.com\/wp-content\/uploads\/2023\/08\/11.png\",\"contentUrl\":\"https:\/\/www.ritacordeirohome.com\/wp-content\/uploads\/2023\/08\/11.png\",\"width\":600,\"height\":600},{\"@type\":\"BreadcrumbList\",\"@id\":\"https:\/\/www.ritacordeirohome.com\/pt-pt\/store\/mesa-de-centro-gold-glass\/#breadcrumb\",\"itemListElement\":[{\"@type\":\"ListItem\",\"position\":1,\"name\":\"In\u00edcio\",\"item\":\"https:\/\/www.ritacordeirohome.com\/pt-pt\/\"},{\"@type\":\"ListItem\",\"position\":2,\"name\":\"Store\",\"item\":\"https:\/\/www.ritacordeirohome.com\/store\/\"},{\"@type\":\"ListItem\",\"position\":3,\"name\":\"Mesa de Centro Gold Glass\"}]},{\"@type\":\"WebSite\",\"@id\":\"https:\/\/www.ritacordeirohome.com\/pt-pt\/#website\",\"url\":\"https:\/\/www.ritacordeirohome.com\/pt-pt\/\",\"name\":\"Rita Cordeiro Home Living\",\"description\":\"Loja online de mobili\u00e1rio, decora\u00e7\u00e3o e design de interiores\",\"publisher\":{\"@id\":\"https:\/\/www.ritacordeirohome.com\/pt-pt\/#organization\"},\"alternateName\":\"RC Home\",\"potentialAction\":[{\"@type\":\"SearchAction\",\"target\":{\"@type\":\"EntryPoint\",\"urlTemplate\":\"https:\/\/www.ritacordeirohome.com\/pt-pt\/?s={search_term_string}\"},\"query-input\":{\"@type\":\"PropertyValueSpecification\",\"valueRequired\":true,\"valueName\":\"search_term_string\"}}],\"inLanguage\":\"pt-PT\"},{\"@type\":\"Organization\",\"@id\":\"https:\/\/www.ritacordeirohome.com\/pt-pt\/#organization\",\"name\":\"Rita Cordeiro Home Living\",\"alternateName\":\"RC Home Living\",\"url\":\"https:\/\/www.ritacordeirohome.com\/pt-pt\/\",\"logo\":{\"@type\":\"ImageObject\",\"inLanguage\":\"pt-PT\",\"@id\":\"https:\/\/www.ritacordeirohome.com\/pt-pt\/#\/schema\/logo\/image\/\",\"url\":\"https:\/\/www.ritacordeirohome.com\/wp-content\/uploads\/2023\/02\/rita-cordeiro-home-living.png\",\"contentUrl\":\"https:\/\/www.ritacordeirohome.com\/wp-content\/uploads\/2023\/02\/rita-cordeiro-home-living.png\",\"width\":900,\"height\":709,\"caption\":\"Rita Cordeiro Home Living\"},\"image\":{\"@id\":\"https:\/\/www.ritacordeirohome.com\/pt-pt\/#\/schema\/logo\/image\/\"},\"sameAs\":[\"https:\/\/www.facebook.com\/ritacordeirohome\",\"https:\/\/www.instagram.com\/rita_cordeiro_home\/\"]}]}<\/script>\n<!-- \/ Yoast SEO plugin. -->","yoast_head_json":{"title":"Mesa de Centro Gold Glass - Rita Cordeiro Home","description":"Uma mesa com estrutura em a\u00e7o inox cromado e com tampo em vidro.","robots":{"index":"index","follow":"follow","max-snippet":"max-snippet:-1","max-image-preview":"max-image-preview:large","max-video-preview":"max-video-preview:-1"},"canonical":"https:\/\/www.ritacordeirohome.com\/pt-pt\/store\/mesa-de-centro-gold-glass\/","og_locale":"pt_PT","og_type":"article","og_title":"Mesa de Centro Gold Glass - Rita Cordeiro Home","og_description":"Uma mesa com estrutura em a\u00e7o inox cromado e com tampo em vidro.","og_url":"https:\/\/www.ritacordeirohome.com\/pt-pt\/store\/mesa-de-centro-gold-glass\/","og_site_name":"Rita Cordeiro Home","article_publisher":"https:\/\/www.facebook.com\/ritacordeirohome","article_modified_time":"2023-08-09T14:41:33+00:00","og_image":[{"width":600,"height":600,"url":"https:\/\/www.ritacordeirohome.com\/wp-content\/uploads\/2023\/08\/11.png","type":"image\/png"}],"twitter_card":"summary_large_image","schema":{"@context":"https:\/\/schema.org","@graph":[{"@type":"WebPage","@id":"https:\/\/www.ritacordeirohome.com\/pt-pt\/store\/mesa-de-centro-gold-glass\/","url":"https:\/\/www.ritacordeirohome.com\/pt-pt\/store\/mesa-de-centro-gold-glass\/","name":"Mesa de Centro Gold Glass - Rita Cordeiro Home","isPartOf":{"@id":"https:\/\/www.ritacordeirohome.com\/pt-pt\/#website"},"primaryImageOfPage":{"@id":"https:\/\/www.ritacordeirohome.com\/pt-pt\/store\/mesa-de-centro-gold-glass\/#primaryimage"},"image":{"@id":"https:\/\/www.ritacordeirohome.com\/pt-pt\/store\/mesa-de-centro-gold-glass\/#primaryimage"},"thumbnailUrl":"https:\/\/www.ritacordeirohome.com\/wp-content\/uploads\/2023\/08\/11.png","datePublished":"2023-07-10T16:03:51+00:00","dateModified":"2023-08-09T14:41:33+00:00","description":"Uma mesa com estrutura em a\u00e7o inox cromado e com tampo em vidro.","breadcrumb":{"@id":"https:\/\/www.ritacordeirohome.com\/pt-pt\/store\/mesa-de-centro-gold-glass\/#breadcrumb"},"inLanguage":"pt-PT","potentialAction":[{"@type":"ReadAction","target":["https:\/\/www.ritacordeirohome.com\/pt-pt\/store\/mesa-de-centro-gold-glass\/"]}]},{"@type":"ImageObject","inLanguage":"pt-PT","@id":"https:\/\/www.ritacordeirohome.com\/pt-pt\/store\/mesa-de-centro-gold-glass\/#primaryimage","url":"https:\/\/www.ritacordeirohome.com\/wp-content\/uploads\/2023\/08\/11.png","contentUrl":"https:\/\/www.ritacordeirohome.com\/wp-content\/uploads\/2023\/08\/11.png","width":600,"height":600},{"@type":"BreadcrumbList","@id":"https:\/\/www.ritacordeirohome.com\/pt-pt\/store\/mesa-de-centro-gold-glass\/#breadcrumb","itemListElement":[{"@type":"ListItem","position":1,"name":"In\u00edcio","item":"https:\/\/www.ritacordeirohome.com\/pt-pt\/"},{"@type":"ListItem","position":2,"name":"Store","item":"https:\/\/www.ritacordeirohome.com\/store\/"},{"@type":"ListItem","position":3,"name":"Mesa de Centro Gold Glass"}]},{"@type":"WebSite","@id":"https:\/\/www.ritacordeirohome.com\/pt-pt\/#website","url":"https:\/\/www.ritacordeirohome.com\/pt-pt\/","name":"Rita Cordeiro Home Living","description":"Loja online de mobili\u00e1rio, decora\u00e7\u00e3o e design de interiores","publisher":{"@id":"https:\/\/www.ritacordeirohome.com\/pt-pt\/#organization"},"alternateName":"RC Home","potentialAction":[{"@type":"SearchAction","target":{"@type":"EntryPoint","urlTemplate":"https:\/\/www.ritacordeirohome.com\/pt-pt\/?s={search_term_string}"},"query-input":{"@type":"PropertyValueSpecification","valueRequired":true,"valueName":"search_term_string"}}],"inLanguage":"pt-PT"},{"@type":"Organization","@id":"https:\/\/www.ritacordeirohome.com\/pt-pt\/#organization","name":"Rita Cordeiro Home Living","alternateName":"RC Home Living","url":"https:\/\/www.ritacordeirohome.com\/pt-pt\/","logo":{"@type":"ImageObject","inLanguage":"pt-PT","@id":"https:\/\/www.ritacordeirohome.com\/pt-pt\/#\/schema\/logo\/image\/","url":"https:\/\/www.ritacordeirohome.com\/wp-content\/uploads\/2023\/02\/rita-cordeiro-home-living.png","contentUrl":"https:\/\/www.ritacordeirohome.com\/wp-content\/uploads\/2023\/02\/rita-cordeiro-home-living.png","width":900,"height":709,"caption":"Rita Cordeiro Home Living"},"image":{"@id":"https:\/\/www.ritacordeirohome.com\/pt-pt\/#\/schema\/logo\/image\/"},"sameAs":["https:\/\/www.facebook.com\/ritacordeirohome","https:\/\/www.instagram.com\/rita_cordeiro_home\/"]}]}},"_links":{"self":[{"href":"https:\/\/www.ritacordeirohome.com\/pt-pt\/wp-json\/wp\/v2\/product\/15783","targetHints":{"allow":["GET"]}}],"collection":[{"href":"https:\/\/www.ritacordeirohome.com\/pt-pt\/wp-json\/wp\/v2\/product"}],"about":[{"href":"https:\/\/www.ritacordeirohome.com\/pt-pt\/wp-json\/wp\/v2\/types\/product"}],"version-history":[{"count":3,"href":"https:\/\/www.ritacordeirohome.com\/pt-pt\/wp-json\/wp\/v2\/product\/15783\/revisions"}],"predecessor-version":[{"id":15794,"href":"https:\/\/www.ritacordeirohome.com\/pt-pt\/wp-json\/wp\/v2\/product\/15783\/revisions\/15794"}],"wp:featuredmedia":[{"embeddable":true,"href":"https:\/\/www.ritacordeirohome.com\/pt-pt\/wp-json\/wp\/v2\/media\/17959"}],"wp:attachment":[{"href":"https:\/\/www.ritacordeirohome.com\/pt-pt\/wp-json\/wp\/v2\/media?parent=15783"}],"wp:term":[{"taxonomy":"product_brand","embeddable":true,"href":"https:\/\/www.ritacordeirohome.com\/pt-pt\/wp-json\/wp\/v2\/product_brand?post=15783"},{"taxonomy":"product_cat","embeddable":true,"href":"https:\/\/www.ritacordeirohome.com\/pt-pt\/wp-json\/wp\/v2\/product_cat?post=15783"},{"taxonomy":"product_tag","embeddable":true,"href":"https:\/\/www.ritacordeirohome.com\/pt-pt\/wp-json\/wp\/v2\/product_tag?post=15783"}],"curies":[{"name":"wp","href":"https:\/\/api.w.org\/{rel}","templated":true}]}}