{"id":15413,"date":"2023-06-19T16:17:37","date_gmt":"2023-06-19T16:17:37","guid":{"rendered":"https:\/\/www.ritacordeirohome.com\/?post_type=product&#038;p=15413"},"modified":"2023-10-04T10:06:22","modified_gmt":"2023-10-04T10:06:22","slug":"candeeiro-suspenso-tiger","status":"publish","type":"product","link":"https:\/\/www.ritacordeirohome.com\/pt-pt\/store\/candeeiro-suspenso-tiger\/","title":{"rendered":"Candeeiro Suspenso Tiger"},"content":{"rendered":"","protected":false},"excerpt":{"rendered":"<p><span class=\"jCAhz ChMk0b\"><span class=\"ryNqvb\">Inspirada na explora\u00e7\u00e3o de novos mundos de inspira\u00e7\u00e3o<\/span><\/span> <span class=\"jCAhz ChMk0b\"><span class=\"ryNqvb\">para designs criativos e exclusivos com o <\/span><\/span><span class=\"jCAhz ChMk0b\"><span class=\"ryNqvb\">conceito de viagem que abra\u00e7a o esp\u00edrito est\u00e9tico da<\/span><\/span> <span class=\"jCAhz ChMk0b\"><span class=\"ryNqvb\">mundo animal selvagem, inexplorado e enigm\u00e1tico.<\/span><\/span>\u00a0<span class=\"jCAhz ChMk0b\"><span class=\"ryNqvb\">Bronze e tons terrosos trazem o selvagem para uma decora\u00e7\u00e3o de alta classe.<\/span><\/span> <span class=\"jCAhz ChMk0b\"><span class=\"ryNqvb\">Um design de ilumina\u00e7\u00e3o exclusivo oferece uma nova abordagem ao luxo<\/span><\/span> <span class=\"jCAhz ChMk0b\"><span class=\"ryNqvb\">e resulta em um retiro refinado para cada interior exigente.<\/span><\/span><\/p>\n<p><strong>Medidas:<\/strong><br \/>\nAltura: 250cm<br \/>\nDi\u00e2metro: 80cm<\/p>\n","protected":false},"featured_media":15417,"template":"","meta":[],"product_brand":[],"product_cat":[42,109],"product_tag":[],"class_list":{"0":"post-15413","1":"product","2":"type-product","3":"status-publish","4":"has-post-thumbnail","6":"product_cat-iluminacao","7":"product_cat-iluminacao-suspensa","9":"first","10":"onbackorder","11":"purchasable","12":"product-type-simple"},"yoast_head":"<!-- This site is optimized with the Yoast SEO plugin v26.6 - https:\/\/yoast.com\/wordpress\/plugins\/seo\/ -->\n<title>Candeeiro Suspenso Tiger - Rita Cordeiro Home<\/title>\n<meta name=\"description\" content=\"Candeeiro Suspenso Crystal, um candeeiro de suspens\u00e3o moderno que transmite uma sensa\u00e7\u00e3o de simplicidade em cada elemento.\" \/>\n<meta name=\"robots\" content=\"index, follow, max-snippet:-1, max-image-preview:large, max-video-preview:-1\" \/>\n<link rel=\"canonical\" href=\"https:\/\/www.ritacordeirohome.com\/pt-pt\/store\/candeeiro-suspenso-tiger\/\" \/>\n<meta property=\"og:locale\" content=\"pt_PT\" \/>\n<meta property=\"og:type\" content=\"article\" \/>\n<meta property=\"og:title\" content=\"Candeeiro Suspenso Tiger - Rita Cordeiro Home\" \/>\n<meta property=\"og:description\" content=\"Candeeiro Suspenso Crystal, um candeeiro de suspens\u00e3o moderno que transmite uma sensa\u00e7\u00e3o de simplicidade em cada elemento.\" \/>\n<meta property=\"og:url\" content=\"https:\/\/www.ritacordeirohome.com\/pt-pt\/store\/candeeiro-suspenso-tiger\/\" \/>\n<meta property=\"og:site_name\" content=\"Rita Cordeiro Home\" \/>\n<meta property=\"article:publisher\" content=\"https:\/\/www.facebook.com\/ritacordeirohome\" \/>\n<meta property=\"article:modified_time\" content=\"2023-10-04T10:06:22+00:00\" \/>\n<meta property=\"og:image\" content=\"https:\/\/www.ritacordeirohome.com\/wp-content\/uploads\/2023\/06\/castro-lighting-safari-suspension-luxurious-modern-staircase-golden-chandelier-web-e1687360021234.jpg\" \/>\n\t<meta property=\"og:image:width\" content=\"960\" \/>\n\t<meta property=\"og:image:height\" content=\"960\" \/>\n\t<meta property=\"og:image:type\" content=\"image\/jpeg\" \/>\n<meta name=\"twitter:card\" content=\"summary_large_image\" \/>\n<script type=\"application\/ld+json\" class=\"yoast-schema-graph\">{\"@context\":\"https:\/\/schema.org\",\"@graph\":[{\"@type\":\"WebPage\",\"@id\":\"https:\/\/www.ritacordeirohome.com\/pt-pt\/store\/candeeiro-suspenso-tiger\/\",\"url\":\"https:\/\/www.ritacordeirohome.com\/pt-pt\/store\/candeeiro-suspenso-tiger\/\",\"name\":\"Candeeiro Suspenso Tiger - Rita Cordeiro Home\",\"isPartOf\":{\"@id\":\"https:\/\/www.ritacordeirohome.com\/pt-pt\/#website\"},\"primaryImageOfPage\":{\"@id\":\"https:\/\/www.ritacordeirohome.com\/pt-pt\/store\/candeeiro-suspenso-tiger\/#primaryimage\"},\"image\":{\"@id\":\"https:\/\/www.ritacordeirohome.com\/pt-pt\/store\/candeeiro-suspenso-tiger\/#primaryimage\"},\"thumbnailUrl\":\"https:\/\/www.ritacordeirohome.com\/wp-content\/uploads\/2023\/06\/castro-lighting-safari-suspension-luxurious-modern-staircase-golden-chandelier-web-e1687360021234.jpg\",\"datePublished\":\"2023-06-19T16:17:37+00:00\",\"dateModified\":\"2023-10-04T10:06:22+00:00\",\"description\":\"Candeeiro Suspenso Crystal, um candeeiro de suspens\u00e3o moderno que transmite uma sensa\u00e7\u00e3o de simplicidade em cada elemento.\",\"breadcrumb\":{\"@id\":\"https:\/\/www.ritacordeirohome.com\/pt-pt\/store\/candeeiro-suspenso-tiger\/#breadcrumb\"},\"inLanguage\":\"pt-PT\",\"potentialAction\":[{\"@type\":\"ReadAction\",\"target\":[\"https:\/\/www.ritacordeirohome.com\/pt-pt\/store\/candeeiro-suspenso-tiger\/\"]}]},{\"@type\":\"ImageObject\",\"inLanguage\":\"pt-PT\",\"@id\":\"https:\/\/www.ritacordeirohome.com\/pt-pt\/store\/candeeiro-suspenso-tiger\/#primaryimage\",\"url\":\"https:\/\/www.ritacordeirohome.com\/wp-content\/uploads\/2023\/06\/castro-lighting-safari-suspension-luxurious-modern-staircase-golden-chandelier-web-e1687360021234.jpg\",\"contentUrl\":\"https:\/\/www.ritacordeirohome.com\/wp-content\/uploads\/2023\/06\/castro-lighting-safari-suspension-luxurious-modern-staircase-golden-chandelier-web-e1687360021234.jpg\",\"width\":960,\"height\":960},{\"@type\":\"BreadcrumbList\",\"@id\":\"https:\/\/www.ritacordeirohome.com\/pt-pt\/store\/candeeiro-suspenso-tiger\/#breadcrumb\",\"itemListElement\":[{\"@type\":\"ListItem\",\"position\":1,\"name\":\"In\u00edcio\",\"item\":\"https:\/\/www.ritacordeirohome.com\/pt-pt\/\"},{\"@type\":\"ListItem\",\"position\":2,\"name\":\"Store\",\"item\":\"https:\/\/www.ritacordeirohome.com\/store\/\"},{\"@type\":\"ListItem\",\"position\":3,\"name\":\"Candeeiro Suspenso Tiger\"}]},{\"@type\":\"WebSite\",\"@id\":\"https:\/\/www.ritacordeirohome.com\/pt-pt\/#website\",\"url\":\"https:\/\/www.ritacordeirohome.com\/pt-pt\/\",\"name\":\"Rita Cordeiro Home Living\",\"description\":\"Loja online de mobili\u00e1rio, decora\u00e7\u00e3o e design de interiores\",\"publisher\":{\"@id\":\"https:\/\/www.ritacordeirohome.com\/pt-pt\/#organization\"},\"alternateName\":\"RC Home\",\"potentialAction\":[{\"@type\":\"SearchAction\",\"target\":{\"@type\":\"EntryPoint\",\"urlTemplate\":\"https:\/\/www.ritacordeirohome.com\/pt-pt\/?s={search_term_string}\"},\"query-input\":{\"@type\":\"PropertyValueSpecification\",\"valueRequired\":true,\"valueName\":\"search_term_string\"}}],\"inLanguage\":\"pt-PT\"},{\"@type\":\"Organization\",\"@id\":\"https:\/\/www.ritacordeirohome.com\/pt-pt\/#organization\",\"name\":\"Rita Cordeiro Home Living\",\"alternateName\":\"RC Home Living\",\"url\":\"https:\/\/www.ritacordeirohome.com\/pt-pt\/\",\"logo\":{\"@type\":\"ImageObject\",\"inLanguage\":\"pt-PT\",\"@id\":\"https:\/\/www.ritacordeirohome.com\/pt-pt\/#\/schema\/logo\/image\/\",\"url\":\"https:\/\/www.ritacordeirohome.com\/wp-content\/uploads\/2023\/02\/rita-cordeiro-home-living.png\",\"contentUrl\":\"https:\/\/www.ritacordeirohome.com\/wp-content\/uploads\/2023\/02\/rita-cordeiro-home-living.png\",\"width\":900,\"height\":709,\"caption\":\"Rita Cordeiro Home Living\"},\"image\":{\"@id\":\"https:\/\/www.ritacordeirohome.com\/pt-pt\/#\/schema\/logo\/image\/\"},\"sameAs\":[\"https:\/\/www.facebook.com\/ritacordeirohome\",\"https:\/\/www.instagram.com\/rita_cordeiro_home\/\"]}]}<\/script>\n<!-- \/ Yoast SEO plugin. -->","yoast_head_json":{"title":"Candeeiro Suspenso Tiger - Rita Cordeiro Home","description":"Candeeiro Suspenso Crystal, um candeeiro de suspens\u00e3o moderno que transmite uma sensa\u00e7\u00e3o de simplicidade em cada elemento.","robots":{"index":"index","follow":"follow","max-snippet":"max-snippet:-1","max-image-preview":"max-image-preview:large","max-video-preview":"max-video-preview:-1"},"canonical":"https:\/\/www.ritacordeirohome.com\/pt-pt\/store\/candeeiro-suspenso-tiger\/","og_locale":"pt_PT","og_type":"article","og_title":"Candeeiro Suspenso Tiger - Rita Cordeiro Home","og_description":"Candeeiro Suspenso Crystal, um candeeiro de suspens\u00e3o moderno que transmite uma sensa\u00e7\u00e3o de simplicidade em cada elemento.","og_url":"https:\/\/www.ritacordeirohome.com\/pt-pt\/store\/candeeiro-suspenso-tiger\/","og_site_name":"Rita Cordeiro Home","article_publisher":"https:\/\/www.facebook.com\/ritacordeirohome","article_modified_time":"2023-10-04T10:06:22+00:00","og_image":[{"width":960,"height":960,"url":"https:\/\/www.ritacordeirohome.com\/wp-content\/uploads\/2023\/06\/castro-lighting-safari-suspension-luxurious-modern-staircase-golden-chandelier-web-e1687360021234.jpg","type":"image\/jpeg"}],"twitter_card":"summary_large_image","schema":{"@context":"https:\/\/schema.org","@graph":[{"@type":"WebPage","@id":"https:\/\/www.ritacordeirohome.com\/pt-pt\/store\/candeeiro-suspenso-tiger\/","url":"https:\/\/www.ritacordeirohome.com\/pt-pt\/store\/candeeiro-suspenso-tiger\/","name":"Candeeiro Suspenso Tiger - Rita Cordeiro Home","isPartOf":{"@id":"https:\/\/www.ritacordeirohome.com\/pt-pt\/#website"},"primaryImageOfPage":{"@id":"https:\/\/www.ritacordeirohome.com\/pt-pt\/store\/candeeiro-suspenso-tiger\/#primaryimage"},"image":{"@id":"https:\/\/www.ritacordeirohome.com\/pt-pt\/store\/candeeiro-suspenso-tiger\/#primaryimage"},"thumbnailUrl":"https:\/\/www.ritacordeirohome.com\/wp-content\/uploads\/2023\/06\/castro-lighting-safari-suspension-luxurious-modern-staircase-golden-chandelier-web-e1687360021234.jpg","datePublished":"2023-06-19T16:17:37+00:00","dateModified":"2023-10-04T10:06:22+00:00","description":"Candeeiro Suspenso Crystal, um candeeiro de suspens\u00e3o moderno que transmite uma sensa\u00e7\u00e3o de simplicidade em cada elemento.","breadcrumb":{"@id":"https:\/\/www.ritacordeirohome.com\/pt-pt\/store\/candeeiro-suspenso-tiger\/#breadcrumb"},"inLanguage":"pt-PT","potentialAction":[{"@type":"ReadAction","target":["https:\/\/www.ritacordeirohome.com\/pt-pt\/store\/candeeiro-suspenso-tiger\/"]}]},{"@type":"ImageObject","inLanguage":"pt-PT","@id":"https:\/\/www.ritacordeirohome.com\/pt-pt\/store\/candeeiro-suspenso-tiger\/#primaryimage","url":"https:\/\/www.ritacordeirohome.com\/wp-content\/uploads\/2023\/06\/castro-lighting-safari-suspension-luxurious-modern-staircase-golden-chandelier-web-e1687360021234.jpg","contentUrl":"https:\/\/www.ritacordeirohome.com\/wp-content\/uploads\/2023\/06\/castro-lighting-safari-suspension-luxurious-modern-staircase-golden-chandelier-web-e1687360021234.jpg","width":960,"height":960},{"@type":"BreadcrumbList","@id":"https:\/\/www.ritacordeirohome.com\/pt-pt\/store\/candeeiro-suspenso-tiger\/#breadcrumb","itemListElement":[{"@type":"ListItem","position":1,"name":"In\u00edcio","item":"https:\/\/www.ritacordeirohome.com\/pt-pt\/"},{"@type":"ListItem","position":2,"name":"Store","item":"https:\/\/www.ritacordeirohome.com\/store\/"},{"@type":"ListItem","position":3,"name":"Candeeiro Suspenso Tiger"}]},{"@type":"WebSite","@id":"https:\/\/www.ritacordeirohome.com\/pt-pt\/#website","url":"https:\/\/www.ritacordeirohome.com\/pt-pt\/","name":"Rita Cordeiro Home Living","description":"Loja online de mobili\u00e1rio, decora\u00e7\u00e3o e design de interiores","publisher":{"@id":"https:\/\/www.ritacordeirohome.com\/pt-pt\/#organization"},"alternateName":"RC Home","potentialAction":[{"@type":"SearchAction","target":{"@type":"EntryPoint","urlTemplate":"https:\/\/www.ritacordeirohome.com\/pt-pt\/?s={search_term_string}"},"query-input":{"@type":"PropertyValueSpecification","valueRequired":true,"valueName":"search_term_string"}}],"inLanguage":"pt-PT"},{"@type":"Organization","@id":"https:\/\/www.ritacordeirohome.com\/pt-pt\/#organization","name":"Rita Cordeiro Home Living","alternateName":"RC Home Living","url":"https:\/\/www.ritacordeirohome.com\/pt-pt\/","logo":{"@type":"ImageObject","inLanguage":"pt-PT","@id":"https:\/\/www.ritacordeirohome.com\/pt-pt\/#\/schema\/logo\/image\/","url":"https:\/\/www.ritacordeirohome.com\/wp-content\/uploads\/2023\/02\/rita-cordeiro-home-living.png","contentUrl":"https:\/\/www.ritacordeirohome.com\/wp-content\/uploads\/2023\/02\/rita-cordeiro-home-living.png","width":900,"height":709,"caption":"Rita Cordeiro Home Living"},"image":{"@id":"https:\/\/www.ritacordeirohome.com\/pt-pt\/#\/schema\/logo\/image\/"},"sameAs":["https:\/\/www.facebook.com\/ritacordeirohome","https:\/\/www.instagram.com\/rita_cordeiro_home\/"]}]}},"_links":{"self":[{"href":"https:\/\/www.ritacordeirohome.com\/pt-pt\/wp-json\/wp\/v2\/product\/15413","targetHints":{"allow":["GET"]}}],"collection":[{"href":"https:\/\/www.ritacordeirohome.com\/pt-pt\/wp-json\/wp\/v2\/product"}],"about":[{"href":"https:\/\/www.ritacordeirohome.com\/pt-pt\/wp-json\/wp\/v2\/types\/product"}],"version-history":[{"count":3,"href":"https:\/\/www.ritacordeirohome.com\/pt-pt\/wp-json\/wp\/v2\/product\/15413\/revisions"}],"predecessor-version":[{"id":15515,"href":"https:\/\/www.ritacordeirohome.com\/pt-pt\/wp-json\/wp\/v2\/product\/15413\/revisions\/15515"}],"wp:featuredmedia":[{"embeddable":true,"href":"https:\/\/www.ritacordeirohome.com\/pt-pt\/wp-json\/wp\/v2\/media\/15417"}],"wp:attachment":[{"href":"https:\/\/www.ritacordeirohome.com\/pt-pt\/wp-json\/wp\/v2\/media?parent=15413"}],"wp:term":[{"taxonomy":"product_brand","embeddable":true,"href":"https:\/\/www.ritacordeirohome.com\/pt-pt\/wp-json\/wp\/v2\/product_brand?post=15413"},{"taxonomy":"product_cat","embeddable":true,"href":"https:\/\/www.ritacordeirohome.com\/pt-pt\/wp-json\/wp\/v2\/product_cat?post=15413"},{"taxonomy":"product_tag","embeddable":true,"href":"https:\/\/www.ritacordeirohome.com\/pt-pt\/wp-json\/wp\/v2\/product_tag?post=15413"}],"curies":[{"name":"wp","href":"https:\/\/api.w.org\/{rel}","templated":true}]}}