{"id":15187,"date":"2023-06-16T09:50:20","date_gmt":"2023-06-16T09:50:20","guid":{"rendered":"https:\/\/www.ritacordeirohome.com\/?post_type=product&#038;p=15187"},"modified":"2023-10-04T10:03:59","modified_gmt":"2023-10-04T10:03:59","slug":"candeeiro-suspenso-heaven","status":"publish","type":"product","link":"https:\/\/www.ritacordeirohome.com\/pt-pt\/store\/candeeiro-suspenso-heaven\/","title":{"rendered":"Candeeiro Suspenso Heaven"},"content":{"rendered":"","protected":false},"excerpt":{"rendered":"<p><span class=\"jCAhz ChMk0b\"><span class=\"ryNqvb\">Sinta a energia poderosa desta suspens\u00e3o que lat\u00e3o<\/span><\/span> <span class=\"jCAhz ChMk0b\"><span class=\"ryNqvb\">elementos complementam o requinte do interior e<\/span><\/span> <span class=\"jCAhz ChMk0b\"><span class=\"ryNqvb\">permitem revelar um novo significado de beleza.<\/span><\/span> <span class=\"jCAhz ChMk0b\"><span class=\"ryNqvb\">Simplicidade,<\/span><\/span> <span class=\"jCAhz ChMk0b\"><span class=\"ryNqvb\">texturas suaves e linhas de vidro limpas ajudam a definir isso<\/span><\/span> <span class=\"jCAhz ChMk0b\"><span class=\"ryNqvb\">design de ilumina\u00e7\u00e3o contempor\u00e2neo como a cole\u00e7\u00e3o de assinatura<\/span><\/span> <span class=\"jCAhz ChMk0b\"><span class=\"ryNqvb\">adaptando-se \u00e0s decora\u00e7\u00f5es mais requintadas.<\/span><\/span><\/p>\n<p><strong>Medidas:<\/strong><br \/>\nLargura: 40cm<br \/>\nDi\u00e2metro: 120cm<\/p>\n","protected":false},"featured_media":15191,"template":"","meta":[],"product_brand":[],"product_cat":[42,109],"product_tag":[],"class_list":{"0":"post-15187","1":"product","2":"type-product","3":"status-publish","4":"has-post-thumbnail","6":"product_cat-iluminacao","7":"product_cat-iluminacao-suspensa","8":"product_shipping_class-transportadora","10":"first","11":"onbackorder","12":"purchasable","13":"product-type-simple"},"yoast_head":"<!-- This site is optimized with the Yoast SEO plugin v26.6 - https:\/\/yoast.com\/wordpress\/plugins\/seo\/ -->\n<title>Candeeiro Suspenso Heaven - Rita Cordeiro Home<\/title>\n<meta name=\"description\" content=\"Candeeiro Suspenso Crystal, um candeeiro de suspens\u00e3o moderno que transmite uma sensa\u00e7\u00e3o de simplicidade em cada elemento.\" \/>\n<meta name=\"robots\" content=\"index, follow, max-snippet:-1, max-image-preview:large, max-video-preview:-1\" \/>\n<link rel=\"canonical\" href=\"https:\/\/www.ritacordeirohome.com\/pt-pt\/store\/candeeiro-suspenso-heaven\/\" \/>\n<meta property=\"og:locale\" content=\"pt_PT\" \/>\n<meta property=\"og:type\" content=\"article\" \/>\n<meta property=\"og:title\" content=\"Candeeiro Suspenso Heaven - Rita Cordeiro Home\" \/>\n<meta property=\"og:description\" content=\"Candeeiro Suspenso Crystal, um candeeiro de suspens\u00e3o moderno que transmite uma sensa\u00e7\u00e3o de simplicidade em cada elemento.\" \/>\n<meta property=\"og:url\" content=\"https:\/\/www.ritacordeirohome.com\/pt-pt\/store\/candeeiro-suspenso-heaven\/\" \/>\n<meta property=\"og:site_name\" content=\"Rita Cordeiro Home\" \/>\n<meta property=\"article:publisher\" content=\"https:\/\/www.facebook.com\/ritacordeirohome\" \/>\n<meta property=\"article:modified_time\" content=\"2023-10-04T10:03:59+00:00\" \/>\n<meta property=\"og:image\" content=\"https:\/\/www.ritacordeirohome.com\/wp-content\/uploads\/2023\/06\/candeeiro-cielo_0003_Castro-Lighting-Cielo-Pendant-ambience-luxury-staircase-2021-web.jpg\" \/>\n\t<meta property=\"og:image:width\" content=\"1200\" \/>\n\t<meta property=\"og:image:height\" content=\"1200\" \/>\n\t<meta property=\"og:image:type\" content=\"image\/jpeg\" \/>\n<meta name=\"twitter:card\" content=\"summary_large_image\" \/>\n<script type=\"application\/ld+json\" class=\"yoast-schema-graph\">{\"@context\":\"https:\/\/schema.org\",\"@graph\":[{\"@type\":\"WebPage\",\"@id\":\"https:\/\/www.ritacordeirohome.com\/pt-pt\/store\/candeeiro-suspenso-heaven\/\",\"url\":\"https:\/\/www.ritacordeirohome.com\/pt-pt\/store\/candeeiro-suspenso-heaven\/\",\"name\":\"Candeeiro Suspenso Heaven - Rita Cordeiro Home\",\"isPartOf\":{\"@id\":\"https:\/\/www.ritacordeirohome.com\/pt-pt\/#website\"},\"primaryImageOfPage\":{\"@id\":\"https:\/\/www.ritacordeirohome.com\/pt-pt\/store\/candeeiro-suspenso-heaven\/#primaryimage\"},\"image\":{\"@id\":\"https:\/\/www.ritacordeirohome.com\/pt-pt\/store\/candeeiro-suspenso-heaven\/#primaryimage\"},\"thumbnailUrl\":\"https:\/\/www.ritacordeirohome.com\/wp-content\/uploads\/2023\/06\/candeeiro-cielo_0003_Castro-Lighting-Cielo-Pendant-ambience-luxury-staircase-2021-web.jpg\",\"datePublished\":\"2023-06-16T09:50:20+00:00\",\"dateModified\":\"2023-10-04T10:03:59+00:00\",\"description\":\"Candeeiro Suspenso Crystal, um candeeiro de suspens\u00e3o moderno que transmite uma sensa\u00e7\u00e3o de simplicidade em cada elemento.\",\"breadcrumb\":{\"@id\":\"https:\/\/www.ritacordeirohome.com\/pt-pt\/store\/candeeiro-suspenso-heaven\/#breadcrumb\"},\"inLanguage\":\"pt-PT\",\"potentialAction\":[{\"@type\":\"ReadAction\",\"target\":[\"https:\/\/www.ritacordeirohome.com\/pt-pt\/store\/candeeiro-suspenso-heaven\/\"]}]},{\"@type\":\"ImageObject\",\"inLanguage\":\"pt-PT\",\"@id\":\"https:\/\/www.ritacordeirohome.com\/pt-pt\/store\/candeeiro-suspenso-heaven\/#primaryimage\",\"url\":\"https:\/\/www.ritacordeirohome.com\/wp-content\/uploads\/2023\/06\/candeeiro-cielo_0003_Castro-Lighting-Cielo-Pendant-ambience-luxury-staircase-2021-web.jpg\",\"contentUrl\":\"https:\/\/www.ritacordeirohome.com\/wp-content\/uploads\/2023\/06\/candeeiro-cielo_0003_Castro-Lighting-Cielo-Pendant-ambience-luxury-staircase-2021-web.jpg\",\"width\":1200,\"height\":1200},{\"@type\":\"BreadcrumbList\",\"@id\":\"https:\/\/www.ritacordeirohome.com\/pt-pt\/store\/candeeiro-suspenso-heaven\/#breadcrumb\",\"itemListElement\":[{\"@type\":\"ListItem\",\"position\":1,\"name\":\"In\u00edcio\",\"item\":\"https:\/\/www.ritacordeirohome.com\/pt-pt\/\"},{\"@type\":\"ListItem\",\"position\":2,\"name\":\"Store\",\"item\":\"https:\/\/www.ritacordeirohome.com\/store\/\"},{\"@type\":\"ListItem\",\"position\":3,\"name\":\"Candeeiro Suspenso Heaven\"}]},{\"@type\":\"WebSite\",\"@id\":\"https:\/\/www.ritacordeirohome.com\/pt-pt\/#website\",\"url\":\"https:\/\/www.ritacordeirohome.com\/pt-pt\/\",\"name\":\"Rita Cordeiro Home Living\",\"description\":\"Loja online de mobili\u00e1rio, decora\u00e7\u00e3o e design de interiores\",\"publisher\":{\"@id\":\"https:\/\/www.ritacordeirohome.com\/pt-pt\/#organization\"},\"alternateName\":\"RC Home\",\"potentialAction\":[{\"@type\":\"SearchAction\",\"target\":{\"@type\":\"EntryPoint\",\"urlTemplate\":\"https:\/\/www.ritacordeirohome.com\/pt-pt\/?s={search_term_string}\"},\"query-input\":{\"@type\":\"PropertyValueSpecification\",\"valueRequired\":true,\"valueName\":\"search_term_string\"}}],\"inLanguage\":\"pt-PT\"},{\"@type\":\"Organization\",\"@id\":\"https:\/\/www.ritacordeirohome.com\/pt-pt\/#organization\",\"name\":\"Rita Cordeiro Home Living\",\"alternateName\":\"RC Home Living\",\"url\":\"https:\/\/www.ritacordeirohome.com\/pt-pt\/\",\"logo\":{\"@type\":\"ImageObject\",\"inLanguage\":\"pt-PT\",\"@id\":\"https:\/\/www.ritacordeirohome.com\/pt-pt\/#\/schema\/logo\/image\/\",\"url\":\"https:\/\/www.ritacordeirohome.com\/wp-content\/uploads\/2023\/02\/rita-cordeiro-home-living.png\",\"contentUrl\":\"https:\/\/www.ritacordeirohome.com\/wp-content\/uploads\/2023\/02\/rita-cordeiro-home-living.png\",\"width\":900,\"height\":709,\"caption\":\"Rita Cordeiro Home Living\"},\"image\":{\"@id\":\"https:\/\/www.ritacordeirohome.com\/pt-pt\/#\/schema\/logo\/image\/\"},\"sameAs\":[\"https:\/\/www.facebook.com\/ritacordeirohome\",\"https:\/\/www.instagram.com\/rita_cordeiro_home\/\"]}]}<\/script>\n<!-- \/ Yoast SEO plugin. -->","yoast_head_json":{"title":"Candeeiro Suspenso Heaven - Rita Cordeiro Home","description":"Candeeiro Suspenso Crystal, um candeeiro de suspens\u00e3o moderno que transmite uma sensa\u00e7\u00e3o de simplicidade em cada elemento.","robots":{"index":"index","follow":"follow","max-snippet":"max-snippet:-1","max-image-preview":"max-image-preview:large","max-video-preview":"max-video-preview:-1"},"canonical":"https:\/\/www.ritacordeirohome.com\/pt-pt\/store\/candeeiro-suspenso-heaven\/","og_locale":"pt_PT","og_type":"article","og_title":"Candeeiro Suspenso Heaven - Rita Cordeiro Home","og_description":"Candeeiro Suspenso Crystal, um candeeiro de suspens\u00e3o moderno que transmite uma sensa\u00e7\u00e3o de simplicidade em cada elemento.","og_url":"https:\/\/www.ritacordeirohome.com\/pt-pt\/store\/candeeiro-suspenso-heaven\/","og_site_name":"Rita Cordeiro Home","article_publisher":"https:\/\/www.facebook.com\/ritacordeirohome","article_modified_time":"2023-10-04T10:03:59+00:00","og_image":[{"width":1200,"height":1200,"url":"https:\/\/www.ritacordeirohome.com\/wp-content\/uploads\/2023\/06\/candeeiro-cielo_0003_Castro-Lighting-Cielo-Pendant-ambience-luxury-staircase-2021-web.jpg","type":"image\/jpeg"}],"twitter_card":"summary_large_image","schema":{"@context":"https:\/\/schema.org","@graph":[{"@type":"WebPage","@id":"https:\/\/www.ritacordeirohome.com\/pt-pt\/store\/candeeiro-suspenso-heaven\/","url":"https:\/\/www.ritacordeirohome.com\/pt-pt\/store\/candeeiro-suspenso-heaven\/","name":"Candeeiro Suspenso Heaven - Rita Cordeiro Home","isPartOf":{"@id":"https:\/\/www.ritacordeirohome.com\/pt-pt\/#website"},"primaryImageOfPage":{"@id":"https:\/\/www.ritacordeirohome.com\/pt-pt\/store\/candeeiro-suspenso-heaven\/#primaryimage"},"image":{"@id":"https:\/\/www.ritacordeirohome.com\/pt-pt\/store\/candeeiro-suspenso-heaven\/#primaryimage"},"thumbnailUrl":"https:\/\/www.ritacordeirohome.com\/wp-content\/uploads\/2023\/06\/candeeiro-cielo_0003_Castro-Lighting-Cielo-Pendant-ambience-luxury-staircase-2021-web.jpg","datePublished":"2023-06-16T09:50:20+00:00","dateModified":"2023-10-04T10:03:59+00:00","description":"Candeeiro Suspenso Crystal, um candeeiro de suspens\u00e3o moderno que transmite uma sensa\u00e7\u00e3o de simplicidade em cada elemento.","breadcrumb":{"@id":"https:\/\/www.ritacordeirohome.com\/pt-pt\/store\/candeeiro-suspenso-heaven\/#breadcrumb"},"inLanguage":"pt-PT","potentialAction":[{"@type":"ReadAction","target":["https:\/\/www.ritacordeirohome.com\/pt-pt\/store\/candeeiro-suspenso-heaven\/"]}]},{"@type":"ImageObject","inLanguage":"pt-PT","@id":"https:\/\/www.ritacordeirohome.com\/pt-pt\/store\/candeeiro-suspenso-heaven\/#primaryimage","url":"https:\/\/www.ritacordeirohome.com\/wp-content\/uploads\/2023\/06\/candeeiro-cielo_0003_Castro-Lighting-Cielo-Pendant-ambience-luxury-staircase-2021-web.jpg","contentUrl":"https:\/\/www.ritacordeirohome.com\/wp-content\/uploads\/2023\/06\/candeeiro-cielo_0003_Castro-Lighting-Cielo-Pendant-ambience-luxury-staircase-2021-web.jpg","width":1200,"height":1200},{"@type":"BreadcrumbList","@id":"https:\/\/www.ritacordeirohome.com\/pt-pt\/store\/candeeiro-suspenso-heaven\/#breadcrumb","itemListElement":[{"@type":"ListItem","position":1,"name":"In\u00edcio","item":"https:\/\/www.ritacordeirohome.com\/pt-pt\/"},{"@type":"ListItem","position":2,"name":"Store","item":"https:\/\/www.ritacordeirohome.com\/store\/"},{"@type":"ListItem","position":3,"name":"Candeeiro Suspenso Heaven"}]},{"@type":"WebSite","@id":"https:\/\/www.ritacordeirohome.com\/pt-pt\/#website","url":"https:\/\/www.ritacordeirohome.com\/pt-pt\/","name":"Rita Cordeiro Home Living","description":"Loja online de mobili\u00e1rio, decora\u00e7\u00e3o e design de interiores","publisher":{"@id":"https:\/\/www.ritacordeirohome.com\/pt-pt\/#organization"},"alternateName":"RC Home","potentialAction":[{"@type":"SearchAction","target":{"@type":"EntryPoint","urlTemplate":"https:\/\/www.ritacordeirohome.com\/pt-pt\/?s={search_term_string}"},"query-input":{"@type":"PropertyValueSpecification","valueRequired":true,"valueName":"search_term_string"}}],"inLanguage":"pt-PT"},{"@type":"Organization","@id":"https:\/\/www.ritacordeirohome.com\/pt-pt\/#organization","name":"Rita Cordeiro Home Living","alternateName":"RC Home Living","url":"https:\/\/www.ritacordeirohome.com\/pt-pt\/","logo":{"@type":"ImageObject","inLanguage":"pt-PT","@id":"https:\/\/www.ritacordeirohome.com\/pt-pt\/#\/schema\/logo\/image\/","url":"https:\/\/www.ritacordeirohome.com\/wp-content\/uploads\/2023\/02\/rita-cordeiro-home-living.png","contentUrl":"https:\/\/www.ritacordeirohome.com\/wp-content\/uploads\/2023\/02\/rita-cordeiro-home-living.png","width":900,"height":709,"caption":"Rita Cordeiro Home Living"},"image":{"@id":"https:\/\/www.ritacordeirohome.com\/pt-pt\/#\/schema\/logo\/image\/"},"sameAs":["https:\/\/www.facebook.com\/ritacordeirohome","https:\/\/www.instagram.com\/rita_cordeiro_home\/"]}]}},"_links":{"self":[{"href":"https:\/\/www.ritacordeirohome.com\/pt-pt\/wp-json\/wp\/v2\/product\/15187","targetHints":{"allow":["GET"]}}],"collection":[{"href":"https:\/\/www.ritacordeirohome.com\/pt-pt\/wp-json\/wp\/v2\/product"}],"about":[{"href":"https:\/\/www.ritacordeirohome.com\/pt-pt\/wp-json\/wp\/v2\/types\/product"}],"version-history":[{"count":1,"href":"https:\/\/www.ritacordeirohome.com\/pt-pt\/wp-json\/wp\/v2\/product\/15187\/revisions"}],"predecessor-version":[{"id":15203,"href":"https:\/\/www.ritacordeirohome.com\/pt-pt\/wp-json\/wp\/v2\/product\/15187\/revisions\/15203"}],"wp:featuredmedia":[{"embeddable":true,"href":"https:\/\/www.ritacordeirohome.com\/pt-pt\/wp-json\/wp\/v2\/media\/15191"}],"wp:attachment":[{"href":"https:\/\/www.ritacordeirohome.com\/pt-pt\/wp-json\/wp\/v2\/media?parent=15187"}],"wp:term":[{"taxonomy":"product_brand","embeddable":true,"href":"https:\/\/www.ritacordeirohome.com\/pt-pt\/wp-json\/wp\/v2\/product_brand?post=15187"},{"taxonomy":"product_cat","embeddable":true,"href":"https:\/\/www.ritacordeirohome.com\/pt-pt\/wp-json\/wp\/v2\/product_cat?post=15187"},{"taxonomy":"product_tag","embeddable":true,"href":"https:\/\/www.ritacordeirohome.com\/pt-pt\/wp-json\/wp\/v2\/product_tag?post=15187"}],"curies":[{"name":"wp","href":"https:\/\/api.w.org\/{rel}","templated":true}]}}