{"id":14179,"date":"2023-04-26T14:58:46","date_gmt":"2023-04-26T14:58:46","guid":{"rendered":"https:\/\/www.ritacordeirohome.com\/?post_type=product&#038;p=14179"},"modified":"2023-10-04T10:02:48","modified_gmt":"2023-10-04T10:02:48","slug":"candeeiro-de-suspensao-air-flow-line","status":"publish","type":"product","link":"https:\/\/www.ritacordeirohome.com\/pt-pt\/store\/candeeiro-de-suspensao-air-flow-line\/","title":{"rendered":"Candeeiro de Suspens\u00e3o Air Flow Line"},"content":{"rendered":"","protected":false},"excerpt":{"rendered":"<p>Esta pe\u00e7a foi concebida para ser diferenciada e para ser um elemento de destaque na sua sala de estar ou cozinha. Feita com longos tubos de lat\u00e3o com v\u00e1rios acabamentos \u00e0 escolha que conferem ao design um aspecto totalmente exclusivo e luxuoso, estabelecendo patamar pela sua apar\u00eancia distinta. Esta receita de materiais ricos e linhas elegantes inspiradas na arquitetura art-deco tornam o candeeiro Air Flow Line uma pe\u00e7a de colecionador.<\/p>\n<p><strong>Medidas:<\/strong><br \/>\nLargura: 40cm<br \/>\nProfundidade: 26cm<br \/>\nAltura: 150cm<\/p>\n","protected":false},"featured_media":14197,"template":"","meta":[],"product_brand":[],"product_cat":[42,109],"product_tag":[],"class_list":{"0":"post-14179","1":"product","2":"type-product","3":"status-publish","4":"has-post-thumbnail","6":"product_cat-iluminacao","7":"product_cat-iluminacao-suspensa","8":"product_shipping_class-transportadora","10":"first","11":"onbackorder","12":"purchasable","13":"product-type-simple"},"yoast_head":"<!-- This site is optimized with the Yoast SEO plugin v26.6 - https:\/\/yoast.com\/wordpress\/plugins\/seo\/ -->\n<title>Candeeiro de Suspens\u00e3o Air Flow Line - Rita Cordeiro Home<\/title>\n<meta name=\"description\" content=\"Esta pe\u00e7a foi concebida para ser diferenciada e para ser um elemento de destaque na sua sala de estar ou cozinha.\u00a0Em lat\u00e3o com v\u00e1rias cores dispon\u00edveis.\" \/>\n<meta name=\"robots\" content=\"index, follow, max-snippet:-1, max-image-preview:large, max-video-preview:-1\" \/>\n<link rel=\"canonical\" href=\"https:\/\/www.ritacordeirohome.com\/pt-pt\/store\/candeeiro-de-suspensao-air-flow-line\/\" \/>\n<meta property=\"og:locale\" content=\"pt_PT\" \/>\n<meta property=\"og:type\" content=\"article\" \/>\n<meta property=\"og:title\" content=\"Candeeiro de Suspens\u00e3o Air Flow Line - Rita Cordeiro Home\" \/>\n<meta property=\"og:description\" content=\"Esta pe\u00e7a foi concebida para ser diferenciada e para ser um elemento de destaque na sua sala de estar ou cozinha.\u00a0Em lat\u00e3o com v\u00e1rias cores dispon\u00edveis.\" \/>\n<meta property=\"og:url\" content=\"https:\/\/www.ritacordeirohome.com\/pt-pt\/store\/candeeiro-de-suspensao-air-flow-line\/\" \/>\n<meta property=\"og:site_name\" content=\"Rita Cordeiro Home\" \/>\n<meta property=\"article:publisher\" content=\"https:\/\/www.facebook.com\/ritacordeirohome\" \/>\n<meta property=\"article:modified_time\" content=\"2023-10-04T10:02:48+00:00\" \/>\n<meta property=\"og:image\" content=\"https:\/\/www.ritacordeirohome.com\/wp-content\/uploads\/2023\/04\/candeeiro_stream-05.jpg\" \/>\n\t<meta property=\"og:image:width\" content=\"1200\" \/>\n\t<meta property=\"og:image:height\" content=\"1200\" \/>\n\t<meta property=\"og:image:type\" content=\"image\/jpeg\" \/>\n<meta name=\"twitter:card\" content=\"summary_large_image\" \/>\n<script type=\"application\/ld+json\" class=\"yoast-schema-graph\">{\"@context\":\"https:\/\/schema.org\",\"@graph\":[{\"@type\":\"WebPage\",\"@id\":\"https:\/\/www.ritacordeirohome.com\/pt-pt\/store\/candeeiro-de-suspensao-air-flow-line\/\",\"url\":\"https:\/\/www.ritacordeirohome.com\/pt-pt\/store\/candeeiro-de-suspensao-air-flow-line\/\",\"name\":\"Candeeiro de Suspens\u00e3o Air Flow Line - Rita Cordeiro Home\",\"isPartOf\":{\"@id\":\"https:\/\/www.ritacordeirohome.com\/pt-pt\/#website\"},\"primaryImageOfPage\":{\"@id\":\"https:\/\/www.ritacordeirohome.com\/pt-pt\/store\/candeeiro-de-suspensao-air-flow-line\/#primaryimage\"},\"image\":{\"@id\":\"https:\/\/www.ritacordeirohome.com\/pt-pt\/store\/candeeiro-de-suspensao-air-flow-line\/#primaryimage\"},\"thumbnailUrl\":\"https:\/\/www.ritacordeirohome.com\/wp-content\/uploads\/2023\/04\/candeeiro_stream-05.jpg\",\"datePublished\":\"2023-04-26T14:58:46+00:00\",\"dateModified\":\"2023-10-04T10:02:48+00:00\",\"description\":\"Esta pe\u00e7a foi concebida para ser diferenciada e para ser um elemento de destaque na sua sala de estar ou cozinha.\u00a0Em lat\u00e3o com v\u00e1rias cores dispon\u00edveis.\",\"breadcrumb\":{\"@id\":\"https:\/\/www.ritacordeirohome.com\/pt-pt\/store\/candeeiro-de-suspensao-air-flow-line\/#breadcrumb\"},\"inLanguage\":\"pt-PT\",\"potentialAction\":[{\"@type\":\"ReadAction\",\"target\":[\"https:\/\/www.ritacordeirohome.com\/pt-pt\/store\/candeeiro-de-suspensao-air-flow-line\/\"]}]},{\"@type\":\"ImageObject\",\"inLanguage\":\"pt-PT\",\"@id\":\"https:\/\/www.ritacordeirohome.com\/pt-pt\/store\/candeeiro-de-suspensao-air-flow-line\/#primaryimage\",\"url\":\"https:\/\/www.ritacordeirohome.com\/wp-content\/uploads\/2023\/04\/candeeiro_stream-05.jpg\",\"contentUrl\":\"https:\/\/www.ritacordeirohome.com\/wp-content\/uploads\/2023\/04\/candeeiro_stream-05.jpg\",\"width\":1200,\"height\":1200,\"caption\":\"ambiente de candeeiro stream \u00e0 cor ouro\"},{\"@type\":\"BreadcrumbList\",\"@id\":\"https:\/\/www.ritacordeirohome.com\/pt-pt\/store\/candeeiro-de-suspensao-air-flow-line\/#breadcrumb\",\"itemListElement\":[{\"@type\":\"ListItem\",\"position\":1,\"name\":\"In\u00edcio\",\"item\":\"https:\/\/www.ritacordeirohome.com\/pt-pt\/\"},{\"@type\":\"ListItem\",\"position\":2,\"name\":\"Store\",\"item\":\"https:\/\/www.ritacordeirohome.com\/store\/\"},{\"@type\":\"ListItem\",\"position\":3,\"name\":\"Candeeiro de Suspens\u00e3o Air Flow Line\"}]},{\"@type\":\"WebSite\",\"@id\":\"https:\/\/www.ritacordeirohome.com\/pt-pt\/#website\",\"url\":\"https:\/\/www.ritacordeirohome.com\/pt-pt\/\",\"name\":\"Rita Cordeiro Home Living\",\"description\":\"Loja online de mobili\u00e1rio, decora\u00e7\u00e3o e design de interiores\",\"publisher\":{\"@id\":\"https:\/\/www.ritacordeirohome.com\/pt-pt\/#organization\"},\"alternateName\":\"RC Home\",\"potentialAction\":[{\"@type\":\"SearchAction\",\"target\":{\"@type\":\"EntryPoint\",\"urlTemplate\":\"https:\/\/www.ritacordeirohome.com\/pt-pt\/?s={search_term_string}\"},\"query-input\":{\"@type\":\"PropertyValueSpecification\",\"valueRequired\":true,\"valueName\":\"search_term_string\"}}],\"inLanguage\":\"pt-PT\"},{\"@type\":\"Organization\",\"@id\":\"https:\/\/www.ritacordeirohome.com\/pt-pt\/#organization\",\"name\":\"Rita Cordeiro Home Living\",\"alternateName\":\"RC Home Living\",\"url\":\"https:\/\/www.ritacordeirohome.com\/pt-pt\/\",\"logo\":{\"@type\":\"ImageObject\",\"inLanguage\":\"pt-PT\",\"@id\":\"https:\/\/www.ritacordeirohome.com\/pt-pt\/#\/schema\/logo\/image\/\",\"url\":\"https:\/\/www.ritacordeirohome.com\/wp-content\/uploads\/2023\/02\/rita-cordeiro-home-living.png\",\"contentUrl\":\"https:\/\/www.ritacordeirohome.com\/wp-content\/uploads\/2023\/02\/rita-cordeiro-home-living.png\",\"width\":900,\"height\":709,\"caption\":\"Rita Cordeiro Home Living\"},\"image\":{\"@id\":\"https:\/\/www.ritacordeirohome.com\/pt-pt\/#\/schema\/logo\/image\/\"},\"sameAs\":[\"https:\/\/www.facebook.com\/ritacordeirohome\",\"https:\/\/www.instagram.com\/rita_cordeiro_home\/\"]}]}<\/script>\n<!-- \/ Yoast SEO plugin. -->","yoast_head_json":{"title":"Candeeiro de Suspens\u00e3o Air Flow Line - Rita Cordeiro Home","description":"Esta pe\u00e7a foi concebida para ser diferenciada e para ser um elemento de destaque na sua sala de estar ou cozinha.\u00a0Em lat\u00e3o com v\u00e1rias cores dispon\u00edveis.","robots":{"index":"index","follow":"follow","max-snippet":"max-snippet:-1","max-image-preview":"max-image-preview:large","max-video-preview":"max-video-preview:-1"},"canonical":"https:\/\/www.ritacordeirohome.com\/pt-pt\/store\/candeeiro-de-suspensao-air-flow-line\/","og_locale":"pt_PT","og_type":"article","og_title":"Candeeiro de Suspens\u00e3o Air Flow Line - Rita Cordeiro Home","og_description":"Esta pe\u00e7a foi concebida para ser diferenciada e para ser um elemento de destaque na sua sala de estar ou cozinha.\u00a0Em lat\u00e3o com v\u00e1rias cores dispon\u00edveis.","og_url":"https:\/\/www.ritacordeirohome.com\/pt-pt\/store\/candeeiro-de-suspensao-air-flow-line\/","og_site_name":"Rita Cordeiro Home","article_publisher":"https:\/\/www.facebook.com\/ritacordeirohome","article_modified_time":"2023-10-04T10:02:48+00:00","og_image":[{"width":1200,"height":1200,"url":"https:\/\/www.ritacordeirohome.com\/wp-content\/uploads\/2023\/04\/candeeiro_stream-05.jpg","type":"image\/jpeg"}],"twitter_card":"summary_large_image","schema":{"@context":"https:\/\/schema.org","@graph":[{"@type":"WebPage","@id":"https:\/\/www.ritacordeirohome.com\/pt-pt\/store\/candeeiro-de-suspensao-air-flow-line\/","url":"https:\/\/www.ritacordeirohome.com\/pt-pt\/store\/candeeiro-de-suspensao-air-flow-line\/","name":"Candeeiro de Suspens\u00e3o Air Flow Line - Rita Cordeiro Home","isPartOf":{"@id":"https:\/\/www.ritacordeirohome.com\/pt-pt\/#website"},"primaryImageOfPage":{"@id":"https:\/\/www.ritacordeirohome.com\/pt-pt\/store\/candeeiro-de-suspensao-air-flow-line\/#primaryimage"},"image":{"@id":"https:\/\/www.ritacordeirohome.com\/pt-pt\/store\/candeeiro-de-suspensao-air-flow-line\/#primaryimage"},"thumbnailUrl":"https:\/\/www.ritacordeirohome.com\/wp-content\/uploads\/2023\/04\/candeeiro_stream-05.jpg","datePublished":"2023-04-26T14:58:46+00:00","dateModified":"2023-10-04T10:02:48+00:00","description":"Esta pe\u00e7a foi concebida para ser diferenciada e para ser um elemento de destaque na sua sala de estar ou cozinha.\u00a0Em lat\u00e3o com v\u00e1rias cores dispon\u00edveis.","breadcrumb":{"@id":"https:\/\/www.ritacordeirohome.com\/pt-pt\/store\/candeeiro-de-suspensao-air-flow-line\/#breadcrumb"},"inLanguage":"pt-PT","potentialAction":[{"@type":"ReadAction","target":["https:\/\/www.ritacordeirohome.com\/pt-pt\/store\/candeeiro-de-suspensao-air-flow-line\/"]}]},{"@type":"ImageObject","inLanguage":"pt-PT","@id":"https:\/\/www.ritacordeirohome.com\/pt-pt\/store\/candeeiro-de-suspensao-air-flow-line\/#primaryimage","url":"https:\/\/www.ritacordeirohome.com\/wp-content\/uploads\/2023\/04\/candeeiro_stream-05.jpg","contentUrl":"https:\/\/www.ritacordeirohome.com\/wp-content\/uploads\/2023\/04\/candeeiro_stream-05.jpg","width":1200,"height":1200,"caption":"ambiente de candeeiro stream \u00e0 cor ouro"},{"@type":"BreadcrumbList","@id":"https:\/\/www.ritacordeirohome.com\/pt-pt\/store\/candeeiro-de-suspensao-air-flow-line\/#breadcrumb","itemListElement":[{"@type":"ListItem","position":1,"name":"In\u00edcio","item":"https:\/\/www.ritacordeirohome.com\/pt-pt\/"},{"@type":"ListItem","position":2,"name":"Store","item":"https:\/\/www.ritacordeirohome.com\/store\/"},{"@type":"ListItem","position":3,"name":"Candeeiro de Suspens\u00e3o Air Flow Line"}]},{"@type":"WebSite","@id":"https:\/\/www.ritacordeirohome.com\/pt-pt\/#website","url":"https:\/\/www.ritacordeirohome.com\/pt-pt\/","name":"Rita Cordeiro Home Living","description":"Loja online de mobili\u00e1rio, decora\u00e7\u00e3o e design de interiores","publisher":{"@id":"https:\/\/www.ritacordeirohome.com\/pt-pt\/#organization"},"alternateName":"RC Home","potentialAction":[{"@type":"SearchAction","target":{"@type":"EntryPoint","urlTemplate":"https:\/\/www.ritacordeirohome.com\/pt-pt\/?s={search_term_string}"},"query-input":{"@type":"PropertyValueSpecification","valueRequired":true,"valueName":"search_term_string"}}],"inLanguage":"pt-PT"},{"@type":"Organization","@id":"https:\/\/www.ritacordeirohome.com\/pt-pt\/#organization","name":"Rita Cordeiro Home Living","alternateName":"RC Home Living","url":"https:\/\/www.ritacordeirohome.com\/pt-pt\/","logo":{"@type":"ImageObject","inLanguage":"pt-PT","@id":"https:\/\/www.ritacordeirohome.com\/pt-pt\/#\/schema\/logo\/image\/","url":"https:\/\/www.ritacordeirohome.com\/wp-content\/uploads\/2023\/02\/rita-cordeiro-home-living.png","contentUrl":"https:\/\/www.ritacordeirohome.com\/wp-content\/uploads\/2023\/02\/rita-cordeiro-home-living.png","width":900,"height":709,"caption":"Rita Cordeiro Home Living"},"image":{"@id":"https:\/\/www.ritacordeirohome.com\/pt-pt\/#\/schema\/logo\/image\/"},"sameAs":["https:\/\/www.facebook.com\/ritacordeirohome","https:\/\/www.instagram.com\/rita_cordeiro_home\/"]}]}},"_links":{"self":[{"href":"https:\/\/www.ritacordeirohome.com\/pt-pt\/wp-json\/wp\/v2\/product\/14179","targetHints":{"allow":["GET"]}}],"collection":[{"href":"https:\/\/www.ritacordeirohome.com\/pt-pt\/wp-json\/wp\/v2\/product"}],"about":[{"href":"https:\/\/www.ritacordeirohome.com\/pt-pt\/wp-json\/wp\/v2\/types\/product"}],"version-history":[{"count":3,"href":"https:\/\/www.ritacordeirohome.com\/pt-pt\/wp-json\/wp\/v2\/product\/14179\/revisions"}],"predecessor-version":[{"id":18262,"href":"https:\/\/www.ritacordeirohome.com\/pt-pt\/wp-json\/wp\/v2\/product\/14179\/revisions\/18262"}],"wp:featuredmedia":[{"embeddable":true,"href":"https:\/\/www.ritacordeirohome.com\/pt-pt\/wp-json\/wp\/v2\/media\/14197"}],"wp:attachment":[{"href":"https:\/\/www.ritacordeirohome.com\/pt-pt\/wp-json\/wp\/v2\/media?parent=14179"}],"wp:term":[{"taxonomy":"product_brand","embeddable":true,"href":"https:\/\/www.ritacordeirohome.com\/pt-pt\/wp-json\/wp\/v2\/product_brand?post=14179"},{"taxonomy":"product_cat","embeddable":true,"href":"https:\/\/www.ritacordeirohome.com\/pt-pt\/wp-json\/wp\/v2\/product_cat?post=14179"},{"taxonomy":"product_tag","embeddable":true,"href":"https:\/\/www.ritacordeirohome.com\/pt-pt\/wp-json\/wp\/v2\/product_tag?post=14179"}],"curies":[{"name":"wp","href":"https:\/\/api.w.org\/{rel}","templated":true}]}}