{"id":13775,"date":"2023-04-19T10:09:41","date_gmt":"2023-04-19T10:09:41","guid":{"rendered":"https:\/\/www.ritacordeirohome.com\/?post_type=product&#038;p=13775"},"modified":"2023-10-04T09:58:53","modified_gmt":"2023-10-04T09:58:53","slug":"movel-de-bar-feitico","status":"publish","type":"product","link":"https:\/\/www.ritacordeirohome.com\/pt-pt\/store\/movel-de-bar-feitico\/","title":{"rendered":"M\u00f3vel de Bar Feiti\u00e7o"},"content":{"rendered":"","protected":false},"excerpt":{"rendered":"<p>Feiti\u00e7o\u2026 Um exc\u00eantrico arm\u00e1rio de bar em lacado de alto brilho e decorado com renda org\u00e2nica de met\u00e1lica. O interior elegante foi cuidadosamente projetado para armazenar seus acess\u00f3rios de vinho e cocktails. Esta pe\u00e7a possui uma gaveta longa com fechadura com uma gaveta secreta para seus itens mais preciosos e uma pequena gaveta embutida com interior em madeira de cedro para guardar charutos. Aberto ou fechado, este m\u00f3vel bar est\u00e1 pronto para uma noite de glamour. Sa\u00fade!<\/p>\n<p><strong>Medidas:<\/strong><br \/>\nLargura: 100 cm<br \/>\nProfundidade: 59 cm<br \/>\nAltura: 165 cm<\/p>\n","protected":false},"featured_media":13800,"template":"","meta":[],"product_brand":[],"product_cat":[28,86],"product_tag":[],"class_list":{"0":"post-13775","1":"product","2":"type-product","3":"status-publish","4":"has-post-thumbnail","6":"product_cat-moveis","7":"product_cat-moveis-de-bar","8":"product_shipping_class-transportadora","10":"first","11":"onbackorder","12":"purchasable","13":"product-type-simple"},"yoast_head":"<!-- This site is optimized with the Yoast SEO plugin v26.6 - https:\/\/yoast.com\/wordpress\/plugins\/seo\/ -->\n<title>M\u00f3vel de Bar Feiti\u00e7o - Rita Cordeiro Home<\/title>\n<meta name=\"description\" content=\"M\u00f3vel de Bar Feiti\u00e7o\u2026 Um exc\u00eantrico arm\u00e1rio de bar em lacado de alto brilho e decorado com renda org\u00e2nica de met\u00e1lica. Armazene os seus acess\u00f3rios de vinho.\" \/>\n<meta name=\"robots\" content=\"index, follow, max-snippet:-1, max-image-preview:large, max-video-preview:-1\" \/>\n<link rel=\"canonical\" href=\"https:\/\/www.ritacordeirohome.com\/pt-pt\/store\/movel-de-bar-feitico\/\" \/>\n<meta property=\"og:locale\" content=\"pt_PT\" \/>\n<meta property=\"og:type\" content=\"article\" \/>\n<meta property=\"og:title\" content=\"M\u00f3vel de Bar Feiti\u00e7o - Rita Cordeiro Home\" \/>\n<meta property=\"og:description\" content=\"M\u00f3vel de Bar Feiti\u00e7o\u2026 Um exc\u00eantrico arm\u00e1rio de bar em lacado de alto brilho e decorado com renda org\u00e2nica de met\u00e1lica. Armazene os seus acess\u00f3rios de vinho.\" \/>\n<meta property=\"og:url\" content=\"https:\/\/www.ritacordeirohome.com\/pt-pt\/store\/movel-de-bar-feitico\/\" \/>\n<meta property=\"og:site_name\" content=\"Rita Cordeiro Home\" \/>\n<meta property=\"article:publisher\" content=\"https:\/\/www.facebook.com\/ritacordeirohome\" \/>\n<meta property=\"article:modified_time\" content=\"2023-10-04T09:58:53+00:00\" \/>\n<meta property=\"og:image\" content=\"https:\/\/www.ritacordeirohome.com\/wp-content\/uploads\/2023\/04\/spellbound-bar-cabinet-_0006_Spellbound-Bar-Cabinet-4.jpg\" \/>\n\t<meta property=\"og:image:width\" content=\"1200\" \/>\n\t<meta property=\"og:image:height\" content=\"1200\" \/>\n\t<meta property=\"og:image:type\" content=\"image\/jpeg\" \/>\n<meta name=\"twitter:card\" content=\"summary_large_image\" \/>\n<script type=\"application\/ld+json\" class=\"yoast-schema-graph\">{\"@context\":\"https:\/\/schema.org\",\"@graph\":[{\"@type\":\"WebPage\",\"@id\":\"https:\/\/www.ritacordeirohome.com\/pt-pt\/store\/movel-de-bar-feitico\/\",\"url\":\"https:\/\/www.ritacordeirohome.com\/pt-pt\/store\/movel-de-bar-feitico\/\",\"name\":\"M\u00f3vel de Bar Feiti\u00e7o - Rita Cordeiro Home\",\"isPartOf\":{\"@id\":\"https:\/\/www.ritacordeirohome.com\/pt-pt\/#website\"},\"primaryImageOfPage\":{\"@id\":\"https:\/\/www.ritacordeirohome.com\/pt-pt\/store\/movel-de-bar-feitico\/#primaryimage\"},\"image\":{\"@id\":\"https:\/\/www.ritacordeirohome.com\/pt-pt\/store\/movel-de-bar-feitico\/#primaryimage\"},\"thumbnailUrl\":\"https:\/\/www.ritacordeirohome.com\/wp-content\/uploads\/2023\/04\/spellbound-bar-cabinet-_0006_Spellbound-Bar-Cabinet-4.jpg\",\"datePublished\":\"2023-04-19T10:09:41+00:00\",\"dateModified\":\"2023-10-04T09:58:53+00:00\",\"description\":\"M\u00f3vel de Bar Feiti\u00e7o\u2026 Um exc\u00eantrico arm\u00e1rio de bar em lacado de alto brilho e decorado com renda org\u00e2nica de met\u00e1lica. Armazene os seus acess\u00f3rios de vinho.\",\"breadcrumb\":{\"@id\":\"https:\/\/www.ritacordeirohome.com\/pt-pt\/store\/movel-de-bar-feitico\/#breadcrumb\"},\"inLanguage\":\"pt-PT\",\"potentialAction\":[{\"@type\":\"ReadAction\",\"target\":[\"https:\/\/www.ritacordeirohome.com\/pt-pt\/store\/movel-de-bar-feitico\/\"]}]},{\"@type\":\"ImageObject\",\"inLanguage\":\"pt-PT\",\"@id\":\"https:\/\/www.ritacordeirohome.com\/pt-pt\/store\/movel-de-bar-feitico\/#primaryimage\",\"url\":\"https:\/\/www.ritacordeirohome.com\/wp-content\/uploads\/2023\/04\/spellbound-bar-cabinet-_0006_Spellbound-Bar-Cabinet-4.jpg\",\"contentUrl\":\"https:\/\/www.ritacordeirohome.com\/wp-content\/uploads\/2023\/04\/spellbound-bar-cabinet-_0006_Spellbound-Bar-Cabinet-4.jpg\",\"width\":1200,\"height\":1200},{\"@type\":\"BreadcrumbList\",\"@id\":\"https:\/\/www.ritacordeirohome.com\/pt-pt\/store\/movel-de-bar-feitico\/#breadcrumb\",\"itemListElement\":[{\"@type\":\"ListItem\",\"position\":1,\"name\":\"In\u00edcio\",\"item\":\"https:\/\/www.ritacordeirohome.com\/pt-pt\/\"},{\"@type\":\"ListItem\",\"position\":2,\"name\":\"Store\",\"item\":\"https:\/\/www.ritacordeirohome.com\/store\/\"},{\"@type\":\"ListItem\",\"position\":3,\"name\":\"M\u00f3vel de Bar Feiti\u00e7o\"}]},{\"@type\":\"WebSite\",\"@id\":\"https:\/\/www.ritacordeirohome.com\/pt-pt\/#website\",\"url\":\"https:\/\/www.ritacordeirohome.com\/pt-pt\/\",\"name\":\"Rita Cordeiro Home Living\",\"description\":\"Loja online de mobili\u00e1rio, decora\u00e7\u00e3o e design de interiores\",\"publisher\":{\"@id\":\"https:\/\/www.ritacordeirohome.com\/pt-pt\/#organization\"},\"alternateName\":\"RC Home\",\"potentialAction\":[{\"@type\":\"SearchAction\",\"target\":{\"@type\":\"EntryPoint\",\"urlTemplate\":\"https:\/\/www.ritacordeirohome.com\/pt-pt\/?s={search_term_string}\"},\"query-input\":{\"@type\":\"PropertyValueSpecification\",\"valueRequired\":true,\"valueName\":\"search_term_string\"}}],\"inLanguage\":\"pt-PT\"},{\"@type\":\"Organization\",\"@id\":\"https:\/\/www.ritacordeirohome.com\/pt-pt\/#organization\",\"name\":\"Rita Cordeiro Home Living\",\"alternateName\":\"RC Home Living\",\"url\":\"https:\/\/www.ritacordeirohome.com\/pt-pt\/\",\"logo\":{\"@type\":\"ImageObject\",\"inLanguage\":\"pt-PT\",\"@id\":\"https:\/\/www.ritacordeirohome.com\/pt-pt\/#\/schema\/logo\/image\/\",\"url\":\"https:\/\/www.ritacordeirohome.com\/wp-content\/uploads\/2023\/02\/rita-cordeiro-home-living.png\",\"contentUrl\":\"https:\/\/www.ritacordeirohome.com\/wp-content\/uploads\/2023\/02\/rita-cordeiro-home-living.png\",\"width\":900,\"height\":709,\"caption\":\"Rita Cordeiro Home Living\"},\"image\":{\"@id\":\"https:\/\/www.ritacordeirohome.com\/pt-pt\/#\/schema\/logo\/image\/\"},\"sameAs\":[\"https:\/\/www.facebook.com\/ritacordeirohome\",\"https:\/\/www.instagram.com\/rita_cordeiro_home\/\"]}]}<\/script>\n<!-- \/ Yoast SEO plugin. -->","yoast_head_json":{"title":"M\u00f3vel de Bar Feiti\u00e7o - Rita Cordeiro Home","description":"M\u00f3vel de Bar Feiti\u00e7o\u2026 Um exc\u00eantrico arm\u00e1rio de bar em lacado de alto brilho e decorado com renda org\u00e2nica de met\u00e1lica. Armazene os seus acess\u00f3rios de vinho.","robots":{"index":"index","follow":"follow","max-snippet":"max-snippet:-1","max-image-preview":"max-image-preview:large","max-video-preview":"max-video-preview:-1"},"canonical":"https:\/\/www.ritacordeirohome.com\/pt-pt\/store\/movel-de-bar-feitico\/","og_locale":"pt_PT","og_type":"article","og_title":"M\u00f3vel de Bar Feiti\u00e7o - Rita Cordeiro Home","og_description":"M\u00f3vel de Bar Feiti\u00e7o\u2026 Um exc\u00eantrico arm\u00e1rio de bar em lacado de alto brilho e decorado com renda org\u00e2nica de met\u00e1lica. Armazene os seus acess\u00f3rios de vinho.","og_url":"https:\/\/www.ritacordeirohome.com\/pt-pt\/store\/movel-de-bar-feitico\/","og_site_name":"Rita Cordeiro Home","article_publisher":"https:\/\/www.facebook.com\/ritacordeirohome","article_modified_time":"2023-10-04T09:58:53+00:00","og_image":[{"width":1200,"height":1200,"url":"https:\/\/www.ritacordeirohome.com\/wp-content\/uploads\/2023\/04\/spellbound-bar-cabinet-_0006_Spellbound-Bar-Cabinet-4.jpg","type":"image\/jpeg"}],"twitter_card":"summary_large_image","schema":{"@context":"https:\/\/schema.org","@graph":[{"@type":"WebPage","@id":"https:\/\/www.ritacordeirohome.com\/pt-pt\/store\/movel-de-bar-feitico\/","url":"https:\/\/www.ritacordeirohome.com\/pt-pt\/store\/movel-de-bar-feitico\/","name":"M\u00f3vel de Bar Feiti\u00e7o - Rita Cordeiro Home","isPartOf":{"@id":"https:\/\/www.ritacordeirohome.com\/pt-pt\/#website"},"primaryImageOfPage":{"@id":"https:\/\/www.ritacordeirohome.com\/pt-pt\/store\/movel-de-bar-feitico\/#primaryimage"},"image":{"@id":"https:\/\/www.ritacordeirohome.com\/pt-pt\/store\/movel-de-bar-feitico\/#primaryimage"},"thumbnailUrl":"https:\/\/www.ritacordeirohome.com\/wp-content\/uploads\/2023\/04\/spellbound-bar-cabinet-_0006_Spellbound-Bar-Cabinet-4.jpg","datePublished":"2023-04-19T10:09:41+00:00","dateModified":"2023-10-04T09:58:53+00:00","description":"M\u00f3vel de Bar Feiti\u00e7o\u2026 Um exc\u00eantrico arm\u00e1rio de bar em lacado de alto brilho e decorado com renda org\u00e2nica de met\u00e1lica. Armazene os seus acess\u00f3rios de vinho.","breadcrumb":{"@id":"https:\/\/www.ritacordeirohome.com\/pt-pt\/store\/movel-de-bar-feitico\/#breadcrumb"},"inLanguage":"pt-PT","potentialAction":[{"@type":"ReadAction","target":["https:\/\/www.ritacordeirohome.com\/pt-pt\/store\/movel-de-bar-feitico\/"]}]},{"@type":"ImageObject","inLanguage":"pt-PT","@id":"https:\/\/www.ritacordeirohome.com\/pt-pt\/store\/movel-de-bar-feitico\/#primaryimage","url":"https:\/\/www.ritacordeirohome.com\/wp-content\/uploads\/2023\/04\/spellbound-bar-cabinet-_0006_Spellbound-Bar-Cabinet-4.jpg","contentUrl":"https:\/\/www.ritacordeirohome.com\/wp-content\/uploads\/2023\/04\/spellbound-bar-cabinet-_0006_Spellbound-Bar-Cabinet-4.jpg","width":1200,"height":1200},{"@type":"BreadcrumbList","@id":"https:\/\/www.ritacordeirohome.com\/pt-pt\/store\/movel-de-bar-feitico\/#breadcrumb","itemListElement":[{"@type":"ListItem","position":1,"name":"In\u00edcio","item":"https:\/\/www.ritacordeirohome.com\/pt-pt\/"},{"@type":"ListItem","position":2,"name":"Store","item":"https:\/\/www.ritacordeirohome.com\/store\/"},{"@type":"ListItem","position":3,"name":"M\u00f3vel de Bar Feiti\u00e7o"}]},{"@type":"WebSite","@id":"https:\/\/www.ritacordeirohome.com\/pt-pt\/#website","url":"https:\/\/www.ritacordeirohome.com\/pt-pt\/","name":"Rita Cordeiro Home Living","description":"Loja online de mobili\u00e1rio, decora\u00e7\u00e3o e design de interiores","publisher":{"@id":"https:\/\/www.ritacordeirohome.com\/pt-pt\/#organization"},"alternateName":"RC Home","potentialAction":[{"@type":"SearchAction","target":{"@type":"EntryPoint","urlTemplate":"https:\/\/www.ritacordeirohome.com\/pt-pt\/?s={search_term_string}"},"query-input":{"@type":"PropertyValueSpecification","valueRequired":true,"valueName":"search_term_string"}}],"inLanguage":"pt-PT"},{"@type":"Organization","@id":"https:\/\/www.ritacordeirohome.com\/pt-pt\/#organization","name":"Rita Cordeiro Home Living","alternateName":"RC Home Living","url":"https:\/\/www.ritacordeirohome.com\/pt-pt\/","logo":{"@type":"ImageObject","inLanguage":"pt-PT","@id":"https:\/\/www.ritacordeirohome.com\/pt-pt\/#\/schema\/logo\/image\/","url":"https:\/\/www.ritacordeirohome.com\/wp-content\/uploads\/2023\/02\/rita-cordeiro-home-living.png","contentUrl":"https:\/\/www.ritacordeirohome.com\/wp-content\/uploads\/2023\/02\/rita-cordeiro-home-living.png","width":900,"height":709,"caption":"Rita Cordeiro Home Living"},"image":{"@id":"https:\/\/www.ritacordeirohome.com\/pt-pt\/#\/schema\/logo\/image\/"},"sameAs":["https:\/\/www.facebook.com\/ritacordeirohome","https:\/\/www.instagram.com\/rita_cordeiro_home\/"]}]}},"_links":{"self":[{"href":"https:\/\/www.ritacordeirohome.com\/pt-pt\/wp-json\/wp\/v2\/product\/13775","targetHints":{"allow":["GET"]}}],"collection":[{"href":"https:\/\/www.ritacordeirohome.com\/pt-pt\/wp-json\/wp\/v2\/product"}],"about":[{"href":"https:\/\/www.ritacordeirohome.com\/pt-pt\/wp-json\/wp\/v2\/types\/product"}],"version-history":[{"count":2,"href":"https:\/\/www.ritacordeirohome.com\/pt-pt\/wp-json\/wp\/v2\/product\/13775\/revisions"}],"predecessor-version":[{"id":14050,"href":"https:\/\/www.ritacordeirohome.com\/pt-pt\/wp-json\/wp\/v2\/product\/13775\/revisions\/14050"}],"wp:featuredmedia":[{"embeddable":true,"href":"https:\/\/www.ritacordeirohome.com\/pt-pt\/wp-json\/wp\/v2\/media\/13800"}],"wp:attachment":[{"href":"https:\/\/www.ritacordeirohome.com\/pt-pt\/wp-json\/wp\/v2\/media?parent=13775"}],"wp:term":[{"taxonomy":"product_brand","embeddable":true,"href":"https:\/\/www.ritacordeirohome.com\/pt-pt\/wp-json\/wp\/v2\/product_brand?post=13775"},{"taxonomy":"product_cat","embeddable":true,"href":"https:\/\/www.ritacordeirohome.com\/pt-pt\/wp-json\/wp\/v2\/product_cat?post=13775"},{"taxonomy":"product_tag","embeddable":true,"href":"https:\/\/www.ritacordeirohome.com\/pt-pt\/wp-json\/wp\/v2\/product_tag?post=13775"}],"curies":[{"name":"wp","href":"https:\/\/api.w.org\/{rel}","templated":true}]}}