{"id":13031,"date":"2023-04-12T11:53:24","date_gmt":"2023-04-12T11:53:24","guid":{"rendered":"https:\/\/www.ritacordeirohome.com\/?post_type=product&#038;p=13031"},"modified":"2023-10-04T09:32:41","modified_gmt":"2023-10-04T09:32:41","slug":"mesa-de-bilhar-morphis","status":"publish","type":"product","link":"https:\/\/www.ritacordeirohome.com\/pt-pt\/store\/mesa-de-bilhar-morphis\/","title":{"rendered":"Mesa de Bilhar Morphis"},"content":{"rendered":"","protected":false},"excerpt":{"rendered":"<p>Com um design l\u00fadico e marcante, Morphis surge como uma extraordin\u00e1ria mesa de bilhar inglesa, fundada por 8 pernas de madeira preta. Aqui esta representado o caos por vezes inesperado de materiais de alta qualidade, representados por insetos negros de lat\u00e3o fundidos e escorpi\u00f5es de ouro. Uma verdadeira experi\u00eancia emocional. Com tacos de renome, Ronnie O\u2019Sullivan, com 9 mm de di\u00e2metro e um kit de bilhar profissional, esta mesa de bilhar morphis contempor\u00e2nea certamente desafia os limites de qualquer sala de jogos luxuosa. Uma homenagem ao lado mais escuro da natureza, onde os desafios nunca deixam de existir.<\/p>\n<p>Medidas:<br \/>\nComprimento: 310cm<br \/>\nLargura: 168cm<br \/>\nAltura: 80cm<\/p>\n","protected":false},"featured_media":13025,"template":"","meta":[],"product_brand":[],"product_cat":[80,387,28],"product_tag":[],"class_list":{"0":"post-13031","1":"product","2":"type-product","3":"status-publish","4":"has-post-thumbnail","6":"product_cat-mesas","7":"product_cat-mesas-de-bilhar","8":"product_cat-moveis","10":"first","11":"instock","12":"taxable","13":"shipping-taxable","14":"purchasable","15":"product-type-simple"},"yoast_head":"<!-- This site is optimized with the Yoast SEO plugin v26.6 - https:\/\/yoast.com\/wordpress\/plugins\/seo\/ -->\n<title>Mesa de Bilhar Morphis - Rita Cordeiro Home<\/title>\n<meta name=\"description\" content=\"Com um design l\u00fadico e marcante, Morphis surge como uma extraordin\u00e1ria mesa de bilhar inglesa, fundada por 8 pernas de madeira preta. Aqui esta representado o caos por vezes inesperado de materiais de alta qualidade, representados por insetos negros de lat\u00e3o fundidos e escorpi\u00f5es de ouro. Uma verdadeira experi\u00eancia emocional.\" \/>\n<meta name=\"robots\" content=\"index, follow, max-snippet:-1, max-image-preview:large, max-video-preview:-1\" \/>\n<link rel=\"canonical\" href=\"https:\/\/www.ritacordeirohome.com\/pt-pt\/store\/mesa-de-bilhar-morphis\/\" \/>\n<meta property=\"og:locale\" content=\"pt_PT\" \/>\n<meta property=\"og:type\" content=\"article\" \/>\n<meta property=\"og:title\" content=\"Mesa de Bilhar Morphis - Rita Cordeiro Home\" \/>\n<meta property=\"og:description\" content=\"Com um design l\u00fadico e marcante, Morphis surge como uma extraordin\u00e1ria mesa de bilhar inglesa, fundada por 8 pernas de madeira preta. Aqui esta representado o caos por vezes inesperado de materiais de alta qualidade, representados por insetos negros de lat\u00e3o fundidos e escorpi\u00f5es de ouro. Uma verdadeira experi\u00eancia emocional.\" \/>\n<meta property=\"og:url\" content=\"https:\/\/www.ritacordeirohome.com\/pt-pt\/store\/mesa-de-bilhar-morphis\/\" \/>\n<meta property=\"og:site_name\" content=\"Rita Cordeiro Home\" \/>\n<meta property=\"article:publisher\" content=\"https:\/\/www.facebook.com\/ritacordeirohome\" \/>\n<meta property=\"article:modified_time\" content=\"2023-10-04T09:32:41+00:00\" \/>\n<meta property=\"og:image\" content=\"https:\/\/www.ritacordeirohome.com\/wp-content\/uploads\/2023\/04\/morphis-snooker-table-008.jpg\" \/>\n\t<meta property=\"og:image:width\" content=\"1200\" \/>\n\t<meta property=\"og:image:height\" content=\"1200\" \/>\n\t<meta property=\"og:image:type\" content=\"image\/jpeg\" \/>\n<meta name=\"twitter:card\" content=\"summary_large_image\" \/>\n<script type=\"application\/ld+json\" class=\"yoast-schema-graph\">{\"@context\":\"https:\/\/schema.org\",\"@graph\":[{\"@type\":\"WebPage\",\"@id\":\"https:\/\/www.ritacordeirohome.com\/pt-pt\/store\/mesa-de-bilhar-morphis\/\",\"url\":\"https:\/\/www.ritacordeirohome.com\/pt-pt\/store\/mesa-de-bilhar-morphis\/\",\"name\":\"Mesa de Bilhar Morphis - Rita Cordeiro Home\",\"isPartOf\":{\"@id\":\"https:\/\/www.ritacordeirohome.com\/pt-pt\/#website\"},\"primaryImageOfPage\":{\"@id\":\"https:\/\/www.ritacordeirohome.com\/pt-pt\/store\/mesa-de-bilhar-morphis\/#primaryimage\"},\"image\":{\"@id\":\"https:\/\/www.ritacordeirohome.com\/pt-pt\/store\/mesa-de-bilhar-morphis\/#primaryimage\"},\"thumbnailUrl\":\"https:\/\/www.ritacordeirohome.com\/wp-content\/uploads\/2023\/04\/morphis-snooker-table-008.jpg\",\"datePublished\":\"2023-04-12T11:53:24+00:00\",\"dateModified\":\"2023-10-04T09:32:41+00:00\",\"description\":\"Com um design l\u00fadico e marcante, Morphis surge como uma extraordin\u00e1ria mesa de bilhar inglesa, fundada por 8 pernas de madeira preta. Aqui esta representado o caos por vezes inesperado de materiais de alta qualidade, representados por insetos negros de lat\u00e3o fundidos e escorpi\u00f5es de ouro. Uma verdadeira experi\u00eancia emocional.\",\"breadcrumb\":{\"@id\":\"https:\/\/www.ritacordeirohome.com\/pt-pt\/store\/mesa-de-bilhar-morphis\/#breadcrumb\"},\"inLanguage\":\"pt-PT\",\"potentialAction\":[{\"@type\":\"ReadAction\",\"target\":[\"https:\/\/www.ritacordeirohome.com\/pt-pt\/store\/mesa-de-bilhar-morphis\/\"]}]},{\"@type\":\"ImageObject\",\"inLanguage\":\"pt-PT\",\"@id\":\"https:\/\/www.ritacordeirohome.com\/pt-pt\/store\/mesa-de-bilhar-morphis\/#primaryimage\",\"url\":\"https:\/\/www.ritacordeirohome.com\/wp-content\/uploads\/2023\/04\/morphis-snooker-table-008.jpg\",\"contentUrl\":\"https:\/\/www.ritacordeirohome.com\/wp-content\/uploads\/2023\/04\/morphis-snooker-table-008.jpg\",\"width\":1200,\"height\":1200},{\"@type\":\"BreadcrumbList\",\"@id\":\"https:\/\/www.ritacordeirohome.com\/pt-pt\/store\/mesa-de-bilhar-morphis\/#breadcrumb\",\"itemListElement\":[{\"@type\":\"ListItem\",\"position\":1,\"name\":\"In\u00edcio\",\"item\":\"https:\/\/www.ritacordeirohome.com\/pt-pt\/\"},{\"@type\":\"ListItem\",\"position\":2,\"name\":\"Store\",\"item\":\"https:\/\/www.ritacordeirohome.com\/store\/\"},{\"@type\":\"ListItem\",\"position\":3,\"name\":\"Mesa de Bilhar Morphis\"}]},{\"@type\":\"WebSite\",\"@id\":\"https:\/\/www.ritacordeirohome.com\/pt-pt\/#website\",\"url\":\"https:\/\/www.ritacordeirohome.com\/pt-pt\/\",\"name\":\"Rita Cordeiro Home Living\",\"description\":\"Loja online de mobili\u00e1rio, decora\u00e7\u00e3o e design de interiores\",\"publisher\":{\"@id\":\"https:\/\/www.ritacordeirohome.com\/pt-pt\/#organization\"},\"alternateName\":\"RC Home\",\"potentialAction\":[{\"@type\":\"SearchAction\",\"target\":{\"@type\":\"EntryPoint\",\"urlTemplate\":\"https:\/\/www.ritacordeirohome.com\/pt-pt\/?s={search_term_string}\"},\"query-input\":{\"@type\":\"PropertyValueSpecification\",\"valueRequired\":true,\"valueName\":\"search_term_string\"}}],\"inLanguage\":\"pt-PT\"},{\"@type\":\"Organization\",\"@id\":\"https:\/\/www.ritacordeirohome.com\/pt-pt\/#organization\",\"name\":\"Rita Cordeiro Home Living\",\"alternateName\":\"RC Home Living\",\"url\":\"https:\/\/www.ritacordeirohome.com\/pt-pt\/\",\"logo\":{\"@type\":\"ImageObject\",\"inLanguage\":\"pt-PT\",\"@id\":\"https:\/\/www.ritacordeirohome.com\/pt-pt\/#\/schema\/logo\/image\/\",\"url\":\"https:\/\/www.ritacordeirohome.com\/wp-content\/uploads\/2023\/02\/rita-cordeiro-home-living.png\",\"contentUrl\":\"https:\/\/www.ritacordeirohome.com\/wp-content\/uploads\/2023\/02\/rita-cordeiro-home-living.png\",\"width\":900,\"height\":709,\"caption\":\"Rita Cordeiro Home Living\"},\"image\":{\"@id\":\"https:\/\/www.ritacordeirohome.com\/pt-pt\/#\/schema\/logo\/image\/\"},\"sameAs\":[\"https:\/\/www.facebook.com\/ritacordeirohome\",\"https:\/\/www.instagram.com\/rita_cordeiro_home\/\"]}]}<\/script>\n<!-- \/ Yoast SEO plugin. -->","yoast_head_json":{"title":"Mesa de Bilhar Morphis - Rita Cordeiro Home","description":"Com um design l\u00fadico e marcante, Morphis surge como uma extraordin\u00e1ria mesa de bilhar inglesa, fundada por 8 pernas de madeira preta. Aqui esta representado o caos por vezes inesperado de materiais de alta qualidade, representados por insetos negros de lat\u00e3o fundidos e escorpi\u00f5es de ouro. Uma verdadeira experi\u00eancia emocional.","robots":{"index":"index","follow":"follow","max-snippet":"max-snippet:-1","max-image-preview":"max-image-preview:large","max-video-preview":"max-video-preview:-1"},"canonical":"https:\/\/www.ritacordeirohome.com\/pt-pt\/store\/mesa-de-bilhar-morphis\/","og_locale":"pt_PT","og_type":"article","og_title":"Mesa de Bilhar Morphis - Rita Cordeiro Home","og_description":"Com um design l\u00fadico e marcante, Morphis surge como uma extraordin\u00e1ria mesa de bilhar inglesa, fundada por 8 pernas de madeira preta. Aqui esta representado o caos por vezes inesperado de materiais de alta qualidade, representados por insetos negros de lat\u00e3o fundidos e escorpi\u00f5es de ouro. Uma verdadeira experi\u00eancia emocional.","og_url":"https:\/\/www.ritacordeirohome.com\/pt-pt\/store\/mesa-de-bilhar-morphis\/","og_site_name":"Rita Cordeiro Home","article_publisher":"https:\/\/www.facebook.com\/ritacordeirohome","article_modified_time":"2023-10-04T09:32:41+00:00","og_image":[{"width":1200,"height":1200,"url":"https:\/\/www.ritacordeirohome.com\/wp-content\/uploads\/2023\/04\/morphis-snooker-table-008.jpg","type":"image\/jpeg"}],"twitter_card":"summary_large_image","schema":{"@context":"https:\/\/schema.org","@graph":[{"@type":"WebPage","@id":"https:\/\/www.ritacordeirohome.com\/pt-pt\/store\/mesa-de-bilhar-morphis\/","url":"https:\/\/www.ritacordeirohome.com\/pt-pt\/store\/mesa-de-bilhar-morphis\/","name":"Mesa de Bilhar Morphis - Rita Cordeiro Home","isPartOf":{"@id":"https:\/\/www.ritacordeirohome.com\/pt-pt\/#website"},"primaryImageOfPage":{"@id":"https:\/\/www.ritacordeirohome.com\/pt-pt\/store\/mesa-de-bilhar-morphis\/#primaryimage"},"image":{"@id":"https:\/\/www.ritacordeirohome.com\/pt-pt\/store\/mesa-de-bilhar-morphis\/#primaryimage"},"thumbnailUrl":"https:\/\/www.ritacordeirohome.com\/wp-content\/uploads\/2023\/04\/morphis-snooker-table-008.jpg","datePublished":"2023-04-12T11:53:24+00:00","dateModified":"2023-10-04T09:32:41+00:00","description":"Com um design l\u00fadico e marcante, Morphis surge como uma extraordin\u00e1ria mesa de bilhar inglesa, fundada por 8 pernas de madeira preta. Aqui esta representado o caos por vezes inesperado de materiais de alta qualidade, representados por insetos negros de lat\u00e3o fundidos e escorpi\u00f5es de ouro. Uma verdadeira experi\u00eancia emocional.","breadcrumb":{"@id":"https:\/\/www.ritacordeirohome.com\/pt-pt\/store\/mesa-de-bilhar-morphis\/#breadcrumb"},"inLanguage":"pt-PT","potentialAction":[{"@type":"ReadAction","target":["https:\/\/www.ritacordeirohome.com\/pt-pt\/store\/mesa-de-bilhar-morphis\/"]}]},{"@type":"ImageObject","inLanguage":"pt-PT","@id":"https:\/\/www.ritacordeirohome.com\/pt-pt\/store\/mesa-de-bilhar-morphis\/#primaryimage","url":"https:\/\/www.ritacordeirohome.com\/wp-content\/uploads\/2023\/04\/morphis-snooker-table-008.jpg","contentUrl":"https:\/\/www.ritacordeirohome.com\/wp-content\/uploads\/2023\/04\/morphis-snooker-table-008.jpg","width":1200,"height":1200},{"@type":"BreadcrumbList","@id":"https:\/\/www.ritacordeirohome.com\/pt-pt\/store\/mesa-de-bilhar-morphis\/#breadcrumb","itemListElement":[{"@type":"ListItem","position":1,"name":"In\u00edcio","item":"https:\/\/www.ritacordeirohome.com\/pt-pt\/"},{"@type":"ListItem","position":2,"name":"Store","item":"https:\/\/www.ritacordeirohome.com\/store\/"},{"@type":"ListItem","position":3,"name":"Mesa de Bilhar Morphis"}]},{"@type":"WebSite","@id":"https:\/\/www.ritacordeirohome.com\/pt-pt\/#website","url":"https:\/\/www.ritacordeirohome.com\/pt-pt\/","name":"Rita Cordeiro Home Living","description":"Loja online de mobili\u00e1rio, decora\u00e7\u00e3o e design de interiores","publisher":{"@id":"https:\/\/www.ritacordeirohome.com\/pt-pt\/#organization"},"alternateName":"RC Home","potentialAction":[{"@type":"SearchAction","target":{"@type":"EntryPoint","urlTemplate":"https:\/\/www.ritacordeirohome.com\/pt-pt\/?s={search_term_string}"},"query-input":{"@type":"PropertyValueSpecification","valueRequired":true,"valueName":"search_term_string"}}],"inLanguage":"pt-PT"},{"@type":"Organization","@id":"https:\/\/www.ritacordeirohome.com\/pt-pt\/#organization","name":"Rita Cordeiro Home Living","alternateName":"RC Home Living","url":"https:\/\/www.ritacordeirohome.com\/pt-pt\/","logo":{"@type":"ImageObject","inLanguage":"pt-PT","@id":"https:\/\/www.ritacordeirohome.com\/pt-pt\/#\/schema\/logo\/image\/","url":"https:\/\/www.ritacordeirohome.com\/wp-content\/uploads\/2023\/02\/rita-cordeiro-home-living.png","contentUrl":"https:\/\/www.ritacordeirohome.com\/wp-content\/uploads\/2023\/02\/rita-cordeiro-home-living.png","width":900,"height":709,"caption":"Rita Cordeiro Home Living"},"image":{"@id":"https:\/\/www.ritacordeirohome.com\/pt-pt\/#\/schema\/logo\/image\/"},"sameAs":["https:\/\/www.facebook.com\/ritacordeirohome","https:\/\/www.instagram.com\/rita_cordeiro_home\/"]}]}},"_links":{"self":[{"href":"https:\/\/www.ritacordeirohome.com\/pt-pt\/wp-json\/wp\/v2\/product\/13031","targetHints":{"allow":["GET"]}}],"collection":[{"href":"https:\/\/www.ritacordeirohome.com\/pt-pt\/wp-json\/wp\/v2\/product"}],"about":[{"href":"https:\/\/www.ritacordeirohome.com\/pt-pt\/wp-json\/wp\/v2\/types\/product"}],"version-history":[{"count":7,"href":"https:\/\/www.ritacordeirohome.com\/pt-pt\/wp-json\/wp\/v2\/product\/13031\/revisions"}],"predecessor-version":[{"id":15566,"href":"https:\/\/www.ritacordeirohome.com\/pt-pt\/wp-json\/wp\/v2\/product\/13031\/revisions\/15566"}],"wp:featuredmedia":[{"embeddable":true,"href":"https:\/\/www.ritacordeirohome.com\/pt-pt\/wp-json\/wp\/v2\/media\/13025"}],"wp:attachment":[{"href":"https:\/\/www.ritacordeirohome.com\/pt-pt\/wp-json\/wp\/v2\/media?parent=13031"}],"wp:term":[{"taxonomy":"product_brand","embeddable":true,"href":"https:\/\/www.ritacordeirohome.com\/pt-pt\/wp-json\/wp\/v2\/product_brand?post=13031"},{"taxonomy":"product_cat","embeddable":true,"href":"https:\/\/www.ritacordeirohome.com\/pt-pt\/wp-json\/wp\/v2\/product_cat?post=13031"},{"taxonomy":"product_tag","embeddable":true,"href":"https:\/\/www.ritacordeirohome.com\/pt-pt\/wp-json\/wp\/v2\/product_tag?post=13031"}],"curies":[{"name":"wp","href":"https:\/\/api.w.org\/{rel}","templated":true}]}}