{"id":10531,"date":"2023-03-07T15:32:16","date_gmt":"2023-03-07T15:32:16","guid":{"rendered":"https:\/\/www.ritacordeirohome.com\/?page_id=10531"},"modified":"2023-07-31T10:21:10","modified_gmt":"2023-07-31T10:21:10","slug":"condicoes-geras-de-venda","status":"publish","type":"page","link":"https:\/\/www.ritacordeirohome.com\/pt-pt\/condicoes-geras-de-venda\/","title":{"rendered":"Condi\u00e7\u00f5es Gerais de Venda"},"content":{"rendered":"\t\t<div data-elementor-type=\"wp-page\" data-elementor-id=\"10531\" class=\"elementor elementor-10531\">\n\t\t\t\t\t\t<section class=\"elementor-section elementor-top-section elementor-element elementor-element-c300f59 elementor-section-boxed elementor-section-height-default elementor-section-height-default wd-section-disabled\" data-id=\"c300f59\" data-element_type=\"section\">\n\t\t\t\t\t\t<div class=\"elementor-container elementor-column-gap-default\">\n\t\t\t\t\t<div class=\"elementor-column elementor-col-100 elementor-top-column elementor-element elementor-element-66a1da4\" data-id=\"66a1da4\" data-element_type=\"column\">\n\t\t\t<div class=\"elementor-widget-wrap elementor-element-populated\">\n\t\t\t\t\t\t<div class=\"elementor-element elementor-element-c13dd25 elementor-widget elementor-widget-heading\" data-id=\"c13dd25\" data-element_type=\"widget\" data-widget_type=\"heading.default\">\n\t\t\t\t<div class=\"elementor-widget-container\">\n\t\t\t\t\t<h1 class=\"elementor-heading-title elementor-size-default\">Condi\u00e7\u00f5es Gerais de Venda<\/h1>\t\t\t\t<\/div>\n\t\t\t\t<\/div>\n\t\t\t\t\t<\/div>\n\t\t<\/div>\n\t\t\t\t\t<\/div>\n\t\t<\/section>\n\t\t\t\t<section class=\"elementor-section elementor-top-section elementor-element elementor-element-43bbf296 elementor-section-boxed elementor-section-height-default elementor-section-height-default wd-section-disabled\" data-id=\"43bbf296\" data-element_type=\"section\">\n\t\t\t\t\t\t<div class=\"elementor-container elementor-column-gap-default\">\n\t\t\t\t\t<div class=\"elementor-column elementor-col-100 elementor-top-column elementor-element elementor-element-75b18c40\" data-id=\"75b18c40\" data-element_type=\"column\">\n\t\t\t<div class=\"elementor-widget-wrap elementor-element-populated\">\n\t\t\t\t\t\t<div class=\"elementor-element elementor-element-71bbde06 color-scheme-inherit text-left elementor-widget elementor-widget-text-editor\" data-id=\"71bbde06\" data-element_type=\"widget\" data-widget_type=\"text-editor.default\">\n\t\t\t\t<div class=\"elementor-widget-container\">\n\t\t\t\t\t\t\t\t\t\n<p>As presentes condi\u00e7\u00f5es de venda determinam exclusivamente a rela\u00e7\u00e3o entre o comerciante P\u00e1gina Distinda Unipessoal e o cliente (utilizador do site e cliente registado).<\/p>\n\n<p>As presentes condi\u00e7\u00f5es s\u00e3o as \u00fanicas existentes e substituem quaisquer outras condi\u00e7\u00f5es de venda, exceto quando indicado o contr\u00e1rio por escrito. Ao utilizar este site, o cliente compromete-se automaticamente a respeitar e a cumprir as condi\u00e7\u00f5es, os termos de utiliza\u00e7\u00e3o e a pol\u00edtica de privacidade aqui impostos.<\/p>\n\t\t\t\t\t\t\t\t<\/div>\n\t\t\t\t<\/div>\n\t\t\t\t\t<\/div>\n\t\t<\/div>\n\t\t\t\t\t<\/div>\n\t\t<\/section>\n\t\t\t\t<section class=\"elementor-section elementor-top-section elementor-element elementor-element-a738ae4 elementor-section-boxed elementor-section-height-default elementor-section-height-default wd-section-disabled\" data-id=\"a738ae4\" data-element_type=\"section\">\n\t\t\t\t\t\t<div class=\"elementor-container elementor-column-gap-default\">\n\t\t\t\t\t<div class=\"elementor-column elementor-col-100 elementor-top-column elementor-element elementor-element-4e6bb95\" data-id=\"4e6bb95\" data-element_type=\"column\">\n\t\t\t<div class=\"elementor-widget-wrap elementor-element-populated\">\n\t\t\t\t\t\t<div class=\"elementor-element elementor-element-6ba74a1 elementor-widget elementor-widget-wd_accordion\" data-id=\"6ba74a1\" data-element_type=\"widget\" data-widget_type=\"wd_accordion.default\">\n\t\t\t\t<div class=\"elementor-widget-container\">\n\t\t\t\t\t\n\t\t<div class=\"wd-accordion wd-style-default\" data-state=\"first\">\n\t\t\t\t\t\t\t\n\t\t\t\t<div class=\"wd-accordion-item\">\n\t\t\t\t\t<div class=\"wd-accordion-title wd-active text-left wd-opener-pos-left\" data-accordion-index=\"0\">\n\t\t\t\t\t\t<div class=\"wd-accordion-title-text\">\n\t\t\t\t\t\t\t\t\t\t\t\t\t\t<span>\n\t\t\t\t\t\t\t\t01. REGISTO DE UTILIZADOR\t\t\t\t\t\t\t<\/span>\n\t\t\t\t\t\t<\/div>\n\t\t\t\t\t\t<span class=\"wd-accordion-opener wd-opener-style-arrow\"><\/span>\n\t\t\t\t\t<\/div>\n\n\t\t\t\t\t<div class=\"wd-accordion-content reset-last-child wd-active\" data-accordion-index=\"0\">\n\t\t\t\t\t\t\t\t\t\t\t\t\t\n\t\t\t\t\t\t\t<p>Para efetuar encomendas \u00e9 necess\u00e1rio o registo de uma conta de utilizador ou conta de cliente, com dados v\u00e1lidos.<\/p>\n<p>Caso lhe seja atribu\u00eddo um nome de utilizador e uma palavra-passe, o utilizador deve manter e tratar essa informa\u00e7\u00e3o como sendo confidencial e intransmiss\u00edvel. O utilizador ser\u00e1 tamb\u00e9m respons\u00e1vel por todas as atividades que possam ocorrer com a utiliza\u00e7\u00e3o desses dados de acesso.<\/p>\n<p>O utilizador est\u00e1 na obriga\u00e7\u00e3o de notificar imediatamente a RC Home quando detetar alguma anomalia na utiliza\u00e7\u00e3o dos seus dados por terceiros. A RC Home n\u00e3o \u00e9 respons\u00e1vel por qualquer utiliza\u00e7\u00e3o indevida dos referidos dados. Nestes termos a RC Home reserva o direito de descativar qualquer conta de utilizador sem aviso pr\u00e9vio, caso detete alguma irregularidade na utiliza\u00e7\u00e3o da mesma, ou por qualquer outro motivo que ache justific\u00e1vel.<\/p>\n\t\t\t\t\t\t\t\t\t\t\t\t\t\t\t\t\t\t<\/div>\n\t\t\t\t<\/div>\n\t\t\t\t\t\t\t\n\t\t\t\t<div class=\"wd-accordion-item\">\n\t\t\t\t\t<div class=\"wd-accordion-title text-left wd-opener-pos-left\" data-accordion-index=\"1\">\n\t\t\t\t\t\t<div class=\"wd-accordion-title-text\">\n\t\t\t\t\t\t\t\t\t\t\t\t\t\t<span>\n\t\t\t\t\t\t\t\t02. EFETUAR UMA ENCOMENDA\t\t\t\t\t\t\t<\/span>\n\t\t\t\t\t\t<\/div>\n\t\t\t\t\t\t<span class=\"wd-accordion-opener wd-opener-style-arrow\"><\/span>\n\t\t\t\t\t<\/div>\n\n\t\t\t\t\t<div class=\"wd-accordion-content reset-last-child\" data-accordion-index=\"1\">\n\t\t\t\t\t\t\t\t\t\t\t\t\t\n\t\t\t\t\t\t\t<p>Encomendas de produtos e servi\u00e7os poder\u00e3o ser efetuadas pelas seguintes formas:<\/p>\n<p>1. Atrav\u00e9s do site www.ritacordeirohome.com, com login efetuado. Este servi\u00e7o est\u00e1 dispon\u00edvel 24 horas por dia, todos os dias, a partir de territ\u00f3rio nacional (Portugal);<\/p>\n<p>2. Atrav\u00e9s de telefone: (+351) 236 036 753 das 09h00 \u00e0s 13h00 e das 14h00 \u00e0s 18h00, de segunda a quinta-feira e das 09h00 \u00e0s 13h00 \u00e0 sexta-feira;<\/p>\n<p>3. Por email, para o endere\u00e7o lf@ritacordeiroarquitectos.com das 09h00 \u00e0s 13h00 e das 14h00 \u00e0s 18h00, de segunda a quinta-feira e das 09h00 \u00e0s 13h00 \u00e0 sexta-feira;<\/p>\n\t\t\t\t\t\t\t\t\t\t\t\t\t\t\t\t\t\t<\/div>\n\t\t\t\t<\/div>\n\t\t\t\t\t\t\t\n\t\t\t\t<div class=\"wd-accordion-item\">\n\t\t\t\t\t<div class=\"wd-accordion-title text-left wd-opener-pos-left\" data-accordion-index=\"2\">\n\t\t\t\t\t\t<div class=\"wd-accordion-title-text\">\n\t\t\t\t\t\t\t\t\t\t\t\t\t\t<span>\n\t\t\t\t\t\t\t\t03. PRE\u00c7OS\t\t\t\t\t\t\t<\/span>\n\t\t\t\t\t\t<\/div>\n\t\t\t\t\t\t<span class=\"wd-accordion-opener wd-opener-style-arrow\"><\/span>\n\t\t\t\t\t<\/div>\n\n\t\t\t\t\t<div class=\"wd-accordion-content reset-last-child\" data-accordion-index=\"2\">\n\t\t\t\t\t\t\t\t\t\t\t\t\t\n\t\t\t\t\t\t\t<p>Todos os valores indicados est\u00e3o na moeda Euro e incluem I.V.A. \u00e0 taxa legal em vigor, n\u00e3o incluem taxas de portes ou outras taxas de transa\u00e7\u00e3o.<\/p>\n<p>Em certos casos, como em compras de quantidades mais elevadas, os pre\u00e7os demonstrados no site poder\u00e3o ser alterados, com os descontos atribu\u00edveis pelo respetivo gestor de contas. Em situa\u00e7\u00f5es desta natureza, o cliente \u00e9 aconselhado a efetuar a encomenda atrav\u00e9s de email ou telefone.<\/p>\n<p>O comerciante P\u00e1gina Distinda Unipessoal reserva o direito de modificar os pre\u00e7os a qualquer momento, sem aviso pr\u00e9vio. Contudo far\u00e1 todos os esfor\u00e7os para manter os mesmos pre\u00e7os indicados na altura em que for efetuada a encomenda.<\/p>\n<p>O comerciante P\u00e1gina Distinta Unipessoal reserva o direito de revis\u00e3o e cancelamento de qualquer encomenda efetuada atrav\u00e9s deste site, caso a mesma n\u00e3o cumpra os requisitos comerciais da empresa, viole algum dos termos deste acordo, ou caso se verifiquem erros inform\u00e1ticos, erros manuais, erros de transcri\u00e7\u00e3o e erros t\u00e9cnicos nos pre\u00e7os, ou nos conte\u00fados.<\/p>\n<p>\u00a0<\/p>\n<p>O comerciante P\u00e1gina Distinta Unipessoal n\u00e3o garante a fiabilidade, utilidade ou veracidade de toda a informa\u00e7\u00e3o e servi\u00e7os do website, nem da documenta\u00e7\u00e3o disponibilizada atrav\u00e9s do mesmo. Assim sendo, n\u00e3o garante nem se responsabiliza pelo seguinte:<\/p>\n<p>1. A continuidade dos conte\u00fados do website;<\/p>\n<p>2. A aus\u00eancia de erros nos referidos;<\/p>\n<p>3. A aus\u00eancia de v\u00edrus e\/ou restantes componentes nocivos no website ou no servidor que o disponibiliza;<\/p>\n<p>4. A invulnerabilidade do website e\/ou a impossibilidade de violar as medidas de seguran\u00e7a adotadas no mesmo;<\/p>\n<p>5. Falta de utilidade ou rendimento dos conte\u00fados do website;<\/p>\n<p>6. Danos ou preju\u00edzos causados por qualquer pessoa, a si pr\u00f3pria ou a terceiro, que infrinja as condi\u00e7\u00f5es, normas e instru\u00e7\u00f5es que a RC Home estabelece no website ou atrav\u00e9s da viola\u00e7\u00e3o dos sistemas de seguran\u00e7a do website.<\/p>\n\t\t\t\t\t\t\t\t\t\t\t\t\t\t\t\t\t\t<\/div>\n\t\t\t\t<\/div>\n\t\t\t\t\t\t\t\n\t\t\t\t<div class=\"wd-accordion-item\">\n\t\t\t\t\t<div class=\"wd-accordion-title text-left wd-opener-pos-left\" data-accordion-index=\"3\">\n\t\t\t\t\t\t<div class=\"wd-accordion-title-text\">\n\t\t\t\t\t\t\t\t\t\t\t\t\t\t<span>\n\t\t\t\t\t\t\t\t04. DISPONIBILIDADE DE STOCKS\t\t\t\t\t\t\t<\/span>\n\t\t\t\t\t\t<\/div>\n\t\t\t\t\t\t<span class=\"wd-accordion-opener wd-opener-style-arrow\"><\/span>\n\t\t\t\t\t<\/div>\n\n\t\t\t\t\t<div class=\"wd-accordion-content reset-last-child\" data-accordion-index=\"3\">\n\t\t\t\t\t\t\t\t\t\t\t\t\t\n\t\t\t\t\t\t\t<p>O comerciante P\u00e1gina Distinda Unipessoal far\u00e1 todos os esfor\u00e7os para cumprir os seus prazos de entrega, mediante stocks dispon\u00edveis na altura em que \u00e9 efetuada a encomenda. Na eventualidade de n\u00e3o ter o artigo em stock, a RC Home entrar\u00e1 em contacto com o cliente por e-mail ou por telefone, para indicar o novo prazo de entrega previsto ou de uma alternativa \u00e0 mesma.<\/p>\n\t\t\t\t\t\t\t\t\t\t\t\t\t\t\t\t\t\t<\/div>\n\t\t\t\t<\/div>\n\t\t\t\t\t\t\t\n\t\t\t\t<div class=\"wd-accordion-item\">\n\t\t\t\t\t<div class=\"wd-accordion-title text-left wd-opener-pos-left\" data-accordion-index=\"4\">\n\t\t\t\t\t\t<div class=\"wd-accordion-title-text\">\n\t\t\t\t\t\t\t\t\t\t\t\t\t\t<span>\n\t\t\t\t\t\t\t\t05. CUSTOS E CONDI\u00c7\u00d5ES DE ENTREGA\t\t\t\t\t\t\t<\/span>\n\t\t\t\t\t\t<\/div>\n\t\t\t\t\t\t<span class=\"wd-accordion-opener wd-opener-style-arrow\"><\/span>\n\t\t\t\t\t<\/div>\n\n\t\t\t\t\t<div class=\"wd-accordion-content reset-last-child\" data-accordion-index=\"4\">\n\t\t\t\t\t\t\t\t\t\t\t\t\t\n\t\t\t\t\t\t\t<p>O comerciante P\u00e1gina Distinda Unipessoal disponibiliza duas formas de entrega:<\/p>\n<p>a. Levantamento nas nossas instala\u00e7\u00f5es:<\/p>\n<p>\u00c9 poss\u00edvel fazer o levantamento de encomendas nas nossas instala\u00e7\u00f5es durante o hor\u00e1rio de expediente: das 09h00 \u00e0s 13h00 e das 14h00 \u00e0s 18h00, de segunda a quinta-feira e das 09h00 \u00e0s 13h00 \u00e0 sexta-feira, exceto feriados. Ser\u00e1 ainda, necess\u00e1rio fazer a marca\u00e7\u00e3o para o respetivo levantamento.<\/p>\n<p>b. Entrega Expresso:<\/p>\n<p>Optamos por transportadoras que possam entregar a mercadoria na morada indicada entre 24 a 72 horas ap\u00f3s a data de expedi\u00e7\u00e3o.<\/p><p><span style=\"font-size: 14px; background-color: var(--wd-main-bgcolor); color: var(--wd-text-color);\">O valor dos portes ser\u00e1 or\u00e7amentado \u00e0 parte, ap\u00f3s a encomenda ser submetida na nossa loja online. Os custos associados ficam a cargo do cliente.<\/span><\/p><p>N\u00e3o est\u00e1 inclu\u00eddo o servi\u00e7o de montagem, independentemente da forma de entrega.<\/p>\n\t\t\t\t\t\t\t\t\t\t\t\t\t\t\t\t\t\t<\/div>\n\t\t\t\t<\/div>\n\t\t\t\t\t\t\t\n\t\t\t\t<div class=\"wd-accordion-item\">\n\t\t\t\t\t<div class=\"wd-accordion-title text-left wd-opener-pos-left\" data-accordion-index=\"5\">\n\t\t\t\t\t\t<div class=\"wd-accordion-title-text\">\n\t\t\t\t\t\t\t\t\t\t\t\t\t\t<span>\n\t\t\t\t\t\t\t\t06. M\u00c9TODOS DE PAGAMENTO\t\t\t\t\t\t\t<\/span>\n\t\t\t\t\t\t<\/div>\n\t\t\t\t\t\t<span class=\"wd-accordion-opener wd-opener-style-arrow\"><\/span>\n\t\t\t\t\t<\/div>\n\n\t\t\t\t\t<div class=\"wd-accordion-content reset-last-child\" data-accordion-index=\"5\">\n\t\t\t\t\t\t\t\t\t\t\t\t\t\n\t\t\t\t\t\t\t<p>O cliente poder\u00e1 efetuar o pagamento da sua encomenda, atrav\u00e9s dos seguintes m\u00e9todos:<\/p>\n<p>\u00a0<\/p>\n<p>1. Multibanco, numa Caixa Autom\u00e1tica ou no homebanking;<\/p>\n<p>2. MB WAY, na app, numa Caixa Autom\u00e1tica ou no homebanking do seu banco.<\/p>\n<p>3. Paypal<\/p>\n\t\t\t\t\t\t\t\t\t\t\t\t\t\t\t\t\t\t<\/div>\n\t\t\t\t<\/div>\n\t\t\t\t\t\t\t\n\t\t\t\t<div class=\"wd-accordion-item\">\n\t\t\t\t\t<div class=\"wd-accordion-title text-left wd-opener-pos-left\" data-accordion-index=\"6\">\n\t\t\t\t\t\t<div class=\"wd-accordion-title-text\">\n\t\t\t\t\t\t\t\t\t\t\t\t\t\t<span>\n\t\t\t\t\t\t\t\t07. GARANTIA DE PRODUTOS\t\t\t\t\t\t\t<\/span>\n\t\t\t\t\t\t<\/div>\n\t\t\t\t\t\t<span class=\"wd-accordion-opener wd-opener-style-arrow\"><\/span>\n\t\t\t\t\t<\/div>\n\n\t\t\t\t\t<div class=\"wd-accordion-content reset-last-child\" data-accordion-index=\"6\">\n\t\t\t\t\t\t\t\t\t\t\t\t\t\n\t\t\t\t\t\t\t<p>Os produtos \u00e0 venda neste site s\u00e3o cobertos por diversos tipos de garantias comerciais. A todos \u00e9 dado um prazo de garantia de 2 anos. \u00c9 poss\u00edvel que alguns tenham condi\u00e7\u00f5es e \/ ou prazos diferentes, que ser\u00e3o definidos pelo fabricante.<\/p>\n<p>Aplica-se a legisla\u00e7\u00e3o em vigor em rela\u00e7\u00e3o \u00e0s garantias e devolu\u00e7\u00f5es em territ\u00f3rio nacional. Para mais informa\u00e7\u00f5es consulte: DL 67\/2003, de 8 de Abril, Lei do Consumidor - Lei n.\u00ba 24\/96 de 31 de Julho, Decreto-Lei n.\u00ba 70\/2007, de 26 de Mar\u00e7o, Decreto-Lei n.\u00ba 371\/2007, 6 de Novembro de 2007, Decreto-Lei n.\u00ba 57\/2008, de 26 de Mar\u00e7o.<\/p>\n<p>\u00a0<\/p>\n<p>Relembramos no entanto que apenas est\u00e3o abrangidos pela garantia os produtos que:<\/p>\n<p>1. Correspondam \u00e0 descri\u00e7\u00e3o que consta em documentos emitidos pelo comerciante P\u00e1gina Distinda Unipessoal;<\/p>\n<p>2. N\u00e3o tenha sido feito uma interven\u00e7\u00e3o t\u00e9cnica ou uma tentativa de repara\u00e7\u00e3o;<\/p>\n<p>3. N\u00e3o tenham sido montados corretamente ou cujos danos sejam resultantes de um mau manuseamento ou montagem dos mesmos;<\/p>\n<p>4. As quebras e os picos na corrente el\u00e9trica, n\u00e3o est\u00e3o cobertas por garantia, bem como sendo da responsabilidade do cliente assegurar uma instala\u00e7\u00e3o el\u00e9trica com boa liga\u00e7\u00e3o \u00e0 terra, como obrigat\u00f3rio por lei para todos os produtos el\u00e9tricos;<\/p>\n<p>5. Estejam limpos e ausentes de impurezas e poeiras;<\/p>\n<p>6. N\u00e3o contenham defeitos conhecidos pelo cliente e pelo comerciante P\u00e1gina Distinda Unipessoal na altura da compra;<\/p>\n<p>7. N\u00e3o tenham sido usados e n\u00e3o apresentem marcas de uso.<\/p>\n\t\t\t\t\t\t\t\t\t\t\t\t\t\t\t\t\t\t<\/div>\n\t\t\t\t<\/div>\n\t\t\t\t\t<\/div>\n\t\t\t\t\t\t<\/div>\n\t\t\t\t<\/div>\n\t\t\t\t\t<\/div>\n\t\t<\/div>\n\t\t\t\t\t<\/div>\n\t\t<\/section>\n\t\t\t\t<\/div>\n\t\t","protected":false},"excerpt":{"rendered":"<p>Condi\u00e7\u00f5es Gerais de Venda As presentes condi\u00e7\u00f5es de venda determinam exclusivamente a rela\u00e7\u00e3o entre o comerciante P\u00e1gina Distinda Unipessoal e<\/p>\n","protected":false},"author":23,"featured_media":0,"parent":0,"menu_order":0,"comment_status":"closed","ping_status":"closed","template":"","meta":{"footnotes":""},"class_list":["post-10531","page","type-page","status-publish","hentry"],"yoast_head":"<!-- This site is optimized with the Yoast SEO plugin v26.6 - https:\/\/yoast.com\/wordpress\/plugins\/seo\/ -->\n<title>Condi\u00e7\u00f5es Gerais de Venda - Rita Cordeiro Home<\/title>\n<meta name=\"robots\" content=\"index, follow, max-snippet:-1, max-image-preview:large, max-video-preview:-1\" \/>\n<link rel=\"canonical\" href=\"https:\/\/www.ritacordeirohome.com\/pt-pt\/condicoes-geras-de-venda\/\" \/>\n<meta property=\"og:locale\" content=\"pt_PT\" \/>\n<meta property=\"og:type\" content=\"article\" \/>\n<meta property=\"og:title\" content=\"Condi\u00e7\u00f5es Gerais de Venda - Rita Cordeiro Home\" \/>\n<meta property=\"og:description\" content=\"Condi\u00e7\u00f5es Gerais de Venda As presentes condi\u00e7\u00f5es de venda determinam exclusivamente a rela\u00e7\u00e3o entre o comerciante P\u00e1gina Distinda Unipessoal e\" \/>\n<meta property=\"og:url\" content=\"https:\/\/www.ritacordeirohome.com\/pt-pt\/condicoes-geras-de-venda\/\" \/>\n<meta property=\"og:site_name\" content=\"Rita Cordeiro Home\" \/>\n<meta property=\"article:publisher\" content=\"https:\/\/www.facebook.com\/ritacordeirohome\" \/>\n<meta property=\"article:modified_time\" content=\"2023-07-31T10:21:10+00:00\" \/>\n<meta property=\"og:image\" content=\"https:\/\/www.ritacordeirohome.com\/wp-content\/uploads\/2023\/04\/angra-boca-lobo-1.jpg\" \/>\n\t<meta property=\"og:image:width\" content=\"1200\" \/>\n\t<meta property=\"og:image:height\" content=\"1200\" \/>\n\t<meta property=\"og:image:type\" content=\"image\/jpeg\" \/>\n<meta name=\"twitter:card\" content=\"summary_large_image\" \/>\n<meta name=\"twitter:label1\" content=\"Tempo estimado de leitura\" \/>\n\t<meta name=\"twitter:data1\" content=\"6 minutos\" \/>\n<script type=\"application\/ld+json\" class=\"yoast-schema-graph\">{\"@context\":\"https:\/\/schema.org\",\"@graph\":[{\"@type\":\"WebPage\",\"@id\":\"https:\/\/www.ritacordeirohome.com\/pt-pt\/condicoes-geras-de-venda\/\",\"url\":\"https:\/\/www.ritacordeirohome.com\/pt-pt\/condicoes-geras-de-venda\/\",\"name\":\"Condi\u00e7\u00f5es Gerais de Venda - Rita Cordeiro Home\",\"isPartOf\":{\"@id\":\"https:\/\/www.ritacordeirohome.com\/pt-pt\/#website\"},\"datePublished\":\"2023-03-07T15:32:16+00:00\",\"dateModified\":\"2023-07-31T10:21:10+00:00\",\"breadcrumb\":{\"@id\":\"https:\/\/www.ritacordeirohome.com\/pt-pt\/condicoes-geras-de-venda\/#breadcrumb\"},\"inLanguage\":\"pt-PT\",\"potentialAction\":[{\"@type\":\"ReadAction\",\"target\":[\"https:\/\/www.ritacordeirohome.com\/pt-pt\/condicoes-geras-de-venda\/\"]}]},{\"@type\":\"BreadcrumbList\",\"@id\":\"https:\/\/www.ritacordeirohome.com\/pt-pt\/condicoes-geras-de-venda\/#breadcrumb\",\"itemListElement\":[{\"@type\":\"ListItem\",\"position\":1,\"name\":\"In\u00edcio\",\"item\":\"https:\/\/www.ritacordeirohome.com\/pt-pt\/\"},{\"@type\":\"ListItem\",\"position\":2,\"name\":\"Condi\u00e7\u00f5es Gerais de Venda\"}]},{\"@type\":\"WebSite\",\"@id\":\"https:\/\/www.ritacordeirohome.com\/pt-pt\/#website\",\"url\":\"https:\/\/www.ritacordeirohome.com\/pt-pt\/\",\"name\":\"Rita Cordeiro Home Living\",\"description\":\"Loja online de mobili\u00e1rio, decora\u00e7\u00e3o e design de interiores\",\"publisher\":{\"@id\":\"https:\/\/www.ritacordeirohome.com\/pt-pt\/#organization\"},\"alternateName\":\"RC Home\",\"potentialAction\":[{\"@type\":\"SearchAction\",\"target\":{\"@type\":\"EntryPoint\",\"urlTemplate\":\"https:\/\/www.ritacordeirohome.com\/pt-pt\/?s={search_term_string}\"},\"query-input\":{\"@type\":\"PropertyValueSpecification\",\"valueRequired\":true,\"valueName\":\"search_term_string\"}}],\"inLanguage\":\"pt-PT\"},{\"@type\":\"Organization\",\"@id\":\"https:\/\/www.ritacordeirohome.com\/pt-pt\/#organization\",\"name\":\"Rita Cordeiro Home Living\",\"alternateName\":\"RC Home Living\",\"url\":\"https:\/\/www.ritacordeirohome.com\/pt-pt\/\",\"logo\":{\"@type\":\"ImageObject\",\"inLanguage\":\"pt-PT\",\"@id\":\"https:\/\/www.ritacordeirohome.com\/pt-pt\/#\/schema\/logo\/image\/\",\"url\":\"https:\/\/www.ritacordeirohome.com\/wp-content\/uploads\/2023\/02\/rita-cordeiro-home-living.png\",\"contentUrl\":\"https:\/\/www.ritacordeirohome.com\/wp-content\/uploads\/2023\/02\/rita-cordeiro-home-living.png\",\"width\":900,\"height\":709,\"caption\":\"Rita Cordeiro Home Living\"},\"image\":{\"@id\":\"https:\/\/www.ritacordeirohome.com\/pt-pt\/#\/schema\/logo\/image\/\"},\"sameAs\":[\"https:\/\/www.facebook.com\/ritacordeirohome\",\"https:\/\/www.instagram.com\/rita_cordeiro_home\/\"]}]}<\/script>\n<!-- \/ Yoast SEO plugin. -->","yoast_head_json":{"title":"Condi\u00e7\u00f5es Gerais de Venda - Rita Cordeiro Home","robots":{"index":"index","follow":"follow","max-snippet":"max-snippet:-1","max-image-preview":"max-image-preview:large","max-video-preview":"max-video-preview:-1"},"canonical":"https:\/\/www.ritacordeirohome.com\/pt-pt\/condicoes-geras-de-venda\/","og_locale":"pt_PT","og_type":"article","og_title":"Condi\u00e7\u00f5es Gerais de Venda - Rita Cordeiro Home","og_description":"Condi\u00e7\u00f5es Gerais de Venda As presentes condi\u00e7\u00f5es de venda determinam exclusivamente a rela\u00e7\u00e3o entre o comerciante P\u00e1gina Distinda Unipessoal e","og_url":"https:\/\/www.ritacordeirohome.com\/pt-pt\/condicoes-geras-de-venda\/","og_site_name":"Rita Cordeiro Home","article_publisher":"https:\/\/www.facebook.com\/ritacordeirohome","article_modified_time":"2023-07-31T10:21:10+00:00","og_image":[{"width":1200,"height":1200,"url":"https:\/\/www.ritacordeirohome.com\/wp-content\/uploads\/2023\/04\/angra-boca-lobo-1.jpg","type":"image\/jpeg"}],"twitter_card":"summary_large_image","twitter_misc":{"Tempo estimado de leitura":"6 minutos"},"schema":{"@context":"https:\/\/schema.org","@graph":[{"@type":"WebPage","@id":"https:\/\/www.ritacordeirohome.com\/pt-pt\/condicoes-geras-de-venda\/","url":"https:\/\/www.ritacordeirohome.com\/pt-pt\/condicoes-geras-de-venda\/","name":"Condi\u00e7\u00f5es Gerais de Venda - Rita Cordeiro Home","isPartOf":{"@id":"https:\/\/www.ritacordeirohome.com\/pt-pt\/#website"},"datePublished":"2023-03-07T15:32:16+00:00","dateModified":"2023-07-31T10:21:10+00:00","breadcrumb":{"@id":"https:\/\/www.ritacordeirohome.com\/pt-pt\/condicoes-geras-de-venda\/#breadcrumb"},"inLanguage":"pt-PT","potentialAction":[{"@type":"ReadAction","target":["https:\/\/www.ritacordeirohome.com\/pt-pt\/condicoes-geras-de-venda\/"]}]},{"@type":"BreadcrumbList","@id":"https:\/\/www.ritacordeirohome.com\/pt-pt\/condicoes-geras-de-venda\/#breadcrumb","itemListElement":[{"@type":"ListItem","position":1,"name":"In\u00edcio","item":"https:\/\/www.ritacordeirohome.com\/pt-pt\/"},{"@type":"ListItem","position":2,"name":"Condi\u00e7\u00f5es Gerais de Venda"}]},{"@type":"WebSite","@id":"https:\/\/www.ritacordeirohome.com\/pt-pt\/#website","url":"https:\/\/www.ritacordeirohome.com\/pt-pt\/","name":"Rita Cordeiro Home Living","description":"Loja online de mobili\u00e1rio, decora\u00e7\u00e3o e design de interiores","publisher":{"@id":"https:\/\/www.ritacordeirohome.com\/pt-pt\/#organization"},"alternateName":"RC Home","potentialAction":[{"@type":"SearchAction","target":{"@type":"EntryPoint","urlTemplate":"https:\/\/www.ritacordeirohome.com\/pt-pt\/?s={search_term_string}"},"query-input":{"@type":"PropertyValueSpecification","valueRequired":true,"valueName":"search_term_string"}}],"inLanguage":"pt-PT"},{"@type":"Organization","@id":"https:\/\/www.ritacordeirohome.com\/pt-pt\/#organization","name":"Rita Cordeiro Home Living","alternateName":"RC Home Living","url":"https:\/\/www.ritacordeirohome.com\/pt-pt\/","logo":{"@type":"ImageObject","inLanguage":"pt-PT","@id":"https:\/\/www.ritacordeirohome.com\/pt-pt\/#\/schema\/logo\/image\/","url":"https:\/\/www.ritacordeirohome.com\/wp-content\/uploads\/2023\/02\/rita-cordeiro-home-living.png","contentUrl":"https:\/\/www.ritacordeirohome.com\/wp-content\/uploads\/2023\/02\/rita-cordeiro-home-living.png","width":900,"height":709,"caption":"Rita Cordeiro Home Living"},"image":{"@id":"https:\/\/www.ritacordeirohome.com\/pt-pt\/#\/schema\/logo\/image\/"},"sameAs":["https:\/\/www.facebook.com\/ritacordeirohome","https:\/\/www.instagram.com\/rita_cordeiro_home\/"]}]}},"_links":{"self":[{"href":"https:\/\/www.ritacordeirohome.com\/pt-pt\/wp-json\/wp\/v2\/pages\/10531","targetHints":{"allow":["GET"]}}],"collection":[{"href":"https:\/\/www.ritacordeirohome.com\/pt-pt\/wp-json\/wp\/v2\/pages"}],"about":[{"href":"https:\/\/www.ritacordeirohome.com\/pt-pt\/wp-json\/wp\/v2\/types\/page"}],"author":[{"embeddable":true,"href":"https:\/\/www.ritacordeirohome.com\/pt-pt\/wp-json\/wp\/v2\/users\/23"}],"replies":[{"embeddable":true,"href":"https:\/\/www.ritacordeirohome.com\/pt-pt\/wp-json\/wp\/v2\/comments?post=10531"}],"version-history":[{"count":27,"href":"https:\/\/www.ritacordeirohome.com\/pt-pt\/wp-json\/wp\/v2\/pages\/10531\/revisions"}],"predecessor-version":[{"id":17124,"href":"https:\/\/www.ritacordeirohome.com\/pt-pt\/wp-json\/wp\/v2\/pages\/10531\/revisions\/17124"}],"wp:attachment":[{"href":"https:\/\/www.ritacordeirohome.com\/pt-pt\/wp-json\/wp\/v2\/media?parent=10531"}],"curies":[{"name":"wp","href":"https:\/\/api.w.org\/{rel}","templated":true}]}}